{"id":11,"date":"2023-05-17T10:26:46","date_gmt":"2023-05-17T08:26:46","guid":{"rendered":"https:\/\/hotel.olfp.fr\/?page_id=11"},"modified":"2023-09-21T15:17:14","modified_gmt":"2023-09-21T13:17:14","slug":"hotel-olfp","status":"publish","type":"page","link":"https:\/\/hotel.olfp.fr\/","title":{"rendered":"H\u00f4tel OLFP"},"content":{"rendered":"\n<figure class=\"wp-block-image alignfull size-large\"><img loading=\"lazy\" decoding=\"async\" width=\"1024\" height=\"107\" src=\"https:\/\/hotel.olfp.fr\/wp-content\/uploads\/2023\/05\/banniere-hotel-olfp-resize3-1024x107.jpg\" alt=\"\" class=\"wp-image-176\" srcset=\"https:\/\/hotel.olfp.fr\/wp-content\/uploads\/2023\/05\/banniere-hotel-olfp-resize3-1024x107.jpg 1024w, https:\/\/hotel.olfp.fr\/wp-content\/uploads\/2023\/05\/banniere-hotel-olfp-resize3-300x31.jpg 300w, https:\/\/hotel.olfp.fr\/wp-content\/uploads\/2023\/05\/banniere-hotel-olfp-resize3-768x80.jpg 768w, https:\/\/hotel.olfp.fr\/wp-content\/uploads\/2023\/05\/banniere-hotel-olfp-resize3.jpg 1475w\" sizes=\"auto, (max-width: 1024px) 100vw, 1024px\" \/><\/figure>\n\n\n\n<div class=\"inherit-container-width wp-block-group alignfull has-background-color has-white-color has-black-background-color has-text-color has-background has-link-color wp-elements-c2291f0bf67aff591c6a053eaa17b056 is-layout-constrained wp-container-core-group-is-layout-ed364b4e wp-block-group-is-layout-constrained\" style=\"padding-top:var(--wp--preset--spacing--30);padding-right:var(--wp--preset--spacing--30);padding-bottom:var(--wp--preset--spacing--30);padding-left:var(--wp--preset--spacing--30)\">\n<figure class=\"wp-block-image alignfull size-large\"><img loading=\"lazy\" decoding=\"async\" width=\"1024\" height=\"363\" src=\"https:\/\/hotel.olfp.fr\/wp-content\/uploads\/2023\/05\/hotel-campagne-panorama-1024x363.jpg\" alt=\"\" class=\"wp-image-39\" srcset=\"https:\/\/hotel.olfp.fr\/wp-content\/uploads\/2023\/05\/hotel-campagne-panorama-1024x363.jpg 1024w, https:\/\/hotel.olfp.fr\/wp-content\/uploads\/2023\/05\/hotel-campagne-panorama-300x106.jpg 300w, https:\/\/hotel.olfp.fr\/wp-content\/uploads\/2023\/05\/hotel-campagne-panorama-768x272.jpg 768w, https:\/\/hotel.olfp.fr\/wp-content\/uploads\/2023\/05\/hotel-campagne-panorama-1536x545.jpg 1536w, https:\/\/hotel.olfp.fr\/wp-content\/uploads\/2023\/05\/hotel-campagne-panorama.jpg 1920w\" sizes=\"auto, (max-width: 1024px) 100vw, 1024px\" \/><\/figure>\n<\/div>\n\n\n\n<h1 class=\"wp-block-heading alignfull has-text-align-center\">Bienvenue dans notre h\u00f4tel 3 \u00e9toiles<\/h1>\n\n\n\n<p align=\"justify\">Bienvenue \u00e0 l&rsquo;h\u00f4tel OLFP, \u00e9tablissement prestigieux 3 \u00e9toiles, un lieu de d\u00e9tente et de luxe situ\u00e9 dans un environnement paisible et serein. Notre h\u00f4tel est situ\u00e9 au c\u0153ur de la nature, entour\u00e9 de vastes champs verdoyants et de for\u00eats majestueuses, offrant une escapade relaxante pour les voyageurs cherchant \u00e0 se ressourcer.\n<br><br>\nL&rsquo;h\u00f4tel est \u00e9quip\u00e9 de toutes les commodit\u00e9s modernes pour r\u00e9pondre \u00e0 tous vos besoins, y compris des chambres spacieuses et luxueuses, une piscine ext\u00e9rieure, un spa, une salle de sport et un restaurant gastronomique.\n<\/p>\n\n\n\n<figure class=\"wp-block-gallery has-nested-images columns-3 is-cropped wp-block-gallery-1 is-layout-flex wp-block-gallery-is-layout-flex\">\n<figure class=\"wp-block-image alignwide size-full has-custom-border is-style-rounded\"><a href=\"https:\/\/hotel.olfp.fr\/?page_id=413\"><img loading=\"lazy\" decoding=\"async\" width=\"800\" height=\"600\" data-id=\"55\" src=\"https:\/\/hotel.olfp.fr\/wp-content\/uploads\/2023\/05\/chambre-1-800x600-5.jpg\" alt=\"\" class=\"wp-image-55\" style=\"border-radius:20px\" srcset=\"https:\/\/hotel.olfp.fr\/wp-content\/uploads\/2023\/05\/chambre-1-800x600-5.jpg 800w, https:\/\/hotel.olfp.fr\/wp-content\/uploads\/2023\/05\/chambre-1-800x600-5-300x225.jpg 300w, https:\/\/hotel.olfp.fr\/wp-content\/uploads\/2023\/05\/chambre-1-800x600-5-768x576.jpg 768w\" sizes=\"auto, (max-width: 800px) 100vw, 800px\" \/><\/a><figcaption class=\"wp-element-caption\"><a href=\"https:\/\/hotel.olfp.fr\/?page_id=413\">D\u00e9couvrez nos chambres<\/a><\/figcaption><\/figure>\n\n\n\n<figure class=\"wp-block-image aligncenter size-full has-custom-border is-style-rounded\"><a href=\"https:\/\/hotel.olfp.fr\/?page_id=178\"><img loading=\"lazy\" decoding=\"async\" width=\"800\" height=\"600\" data-id=\"123\" src=\"https:\/\/hotel.olfp.fr\/wp-content\/uploads\/2023\/05\/spa-800x600-1.jpg\" alt=\"\" class=\"wp-image-123\" style=\"border-style:none;border-width:0px;border-radius:20px\" srcset=\"https:\/\/hotel.olfp.fr\/wp-content\/uploads\/2023\/05\/spa-800x600-1.jpg 800w, https:\/\/hotel.olfp.fr\/wp-content\/uploads\/2023\/05\/spa-800x600-1-300x225.jpg 300w, https:\/\/hotel.olfp.fr\/wp-content\/uploads\/2023\/05\/spa-800x600-1-768x576.jpg 768w\" sizes=\"auto, (max-width: 800px) 100vw, 800px\" \/><\/a><figcaption class=\"wp-element-caption\"><a href=\"https:\/\/hotel.olfp.fr\/?page_id=178\">D\u00e9couvrez nos activit\u00e9s<\/a><\/figcaption><\/figure>\n\n\n\n<figure class=\"wp-block-image size-full has-custom-border is-style-rounded\"><a href=\"https:\/\/hotel.olfp.fr\/?page_id=505\"><img loading=\"lazy\" decoding=\"async\" width=\"800\" height=\"600\" data-id=\"125\" src=\"https:\/\/hotel.olfp.fr\/wp-content\/uploads\/2023\/05\/salle-restaurant.jpg\" alt=\"\" class=\"wp-image-125\" style=\"border-style:none;border-width:0px;border-radius:20px\" srcset=\"https:\/\/hotel.olfp.fr\/wp-content\/uploads\/2023\/05\/salle-restaurant.jpg 800w, https:\/\/hotel.olfp.fr\/wp-content\/uploads\/2023\/05\/salle-restaurant-300x225.jpg 300w, https:\/\/hotel.olfp.fr\/wp-content\/uploads\/2023\/05\/salle-restaurant-768x576.jpg 768w\" sizes=\"auto, (max-width: 800px) 100vw, 800px\" \/><\/a><figcaption class=\"wp-element-caption\"><a href=\"https:\/\/hotel.olfp.fr\/?page_id=505\">D\u00e9couvrez notre restaurant<\/a><\/figcaption><\/figure>\n<\/figure>\n","protected":false},"excerpt":{"rendered":"<p>Bienvenue dans notre h\u00f4tel 3 \u00e9toiles Bienvenue \u00e0 l&rsquo;h\u00f4tel OLFP, \u00e9tablissement prestigieux 3 \u00e9toiles, un lieu de d\u00e9tente et de luxe situ\u00e9 dans un environnement paisible et serein. Notre h\u00f4tel est situ\u00e9 au c\u0153ur de la nature, entour\u00e9 de vastes champs verdoyants et de for\u00eats majestueuses, offrant une escapade relaxante pour les voyageurs cherchant \u00e0 &hellip;<\/p>\n<p class=\"read-more\"> <a class=\"\" href=\"https:\/\/hotel.olfp.fr\/\"> <span class=\"screen-reader-text\">H\u00f4tel OLFP<\/span> Lire la suite\u00a0\u00bb<\/a><\/p>\n","protected":false},"author":2,"featured_media":0,"parent":0,"menu_order":0,"comment_status":"closed","ping_status":"closed","template":"","meta":{"site-sidebar-layout":"default","site-content-layout":"default","ast-global-header-display":"","ast-main-header-display":"","ast-hfb-above-header-display":"","ast-hfb-below-header-display":"","ast-hfb-mobile-header-display":"","site-post-title":"disabled","ast-breadcrumbs-content":"","ast-featured-img":"","footer-sml-layout":"","theme-transparent-header-meta":"","adv-header-id-meta":"","stick-header-meta":"","header-above-stick-meta":"","header-main-stick-meta":"","header-below-stick-meta":"","footnotes":""},"class_list":["post-11","page","type-page","status-publish","hentry"],"_links":{"self":[{"href":"https:\/\/hotel.olfp.fr\/index.php?rest_route=\/wp\/v2\/pages\/11","targetHints":{"allow":["GET"]}}],"collection":[{"href":"https:\/\/hotel.olfp.fr\/index.php?rest_route=\/wp\/v2\/pages"}],"about":[{"href":"https:\/\/hotel.olfp.fr\/index.php?rest_route=\/wp\/v2\/types\/page"}],"author":[{"embeddable":true,"href":"https:\/\/hotel.olfp.fr\/index.php?rest_route=\/wp\/v2\/users\/2"}],"replies":[{"embeddable":true,"href":"https:\/\/hotel.olfp.fr\/index.php?rest_route=%2Fwp%2Fv2%2Fcomments&post=11"}],"version-history":[{"count":100,"href":"https:\/\/hotel.olfp.fr\/index.php?rest_route=\/wp\/v2\/pages\/11\/revisions"}],"predecessor-version":[{"id":558,"href":"https:\/\/hotel.olfp.fr\/index.php?rest_route=\/wp\/v2\/pages\/11\/revisions\/558"}],"wp:attachment":[{"href":"https:\/\/hotel.olfp.fr\/index.php?rest_route=%2Fwp%2Fv2%2Fmedia&parent=11"}],"curies":[{"name":"wp","href":"https:\/\/api.w.org\/{rel}","templated":true}]}}