{"id":178,"date":"2023-05-23T19:28:19","date_gmt":"2023-05-23T17:28:19","guid":{"rendered":"https:\/\/hotel.olfp.fr\/?page_id=178"},"modified":"2023-09-19T09:42:19","modified_gmt":"2023-09-19T07:42:19","slug":"activites","status":"publish","type":"page","link":"https:\/\/hotel.olfp.fr\/?page_id=178","title":{"rendered":"Activit\u00e9s"},"content":{"rendered":"\n<figure class=\"wp-block-image alignfull size-large\"><img loading=\"lazy\" decoding=\"async\" width=\"1024\" height=\"107\" src=\"https:\/\/hotel.olfp.fr\/wp-content\/uploads\/2023\/05\/banniere-hotel-olfp-resize3-1024x107.jpg\" alt=\"\" class=\"wp-image-176\" srcset=\"https:\/\/hotel.olfp.fr\/wp-content\/uploads\/2023\/05\/banniere-hotel-olfp-resize3-1024x107.jpg 1024w, https:\/\/hotel.olfp.fr\/wp-content\/uploads\/2023\/05\/banniere-hotel-olfp-resize3-300x31.jpg 300w, https:\/\/hotel.olfp.fr\/wp-content\/uploads\/2023\/05\/banniere-hotel-olfp-resize3-768x80.jpg 768w, https:\/\/hotel.olfp.fr\/wp-content\/uploads\/2023\/05\/banniere-hotel-olfp-resize3.jpg 1475w\" sizes=\"auto, (max-width: 1024px) 100vw, 1024px\" \/><\/figure>\n\n\n\n<figure class=\"wp-block-image alignfull size-full\"><img loading=\"lazy\" decoding=\"async\" width=\"1000\" height=\"25\" src=\"https:\/\/hotel.olfp.fr\/wp-content\/uploads\/2023\/09\/bande-noire-1000x25-1.jpg\" alt=\"\" class=\"wp-image-469\" srcset=\"https:\/\/hotel.olfp.fr\/wp-content\/uploads\/2023\/09\/bande-noire-1000x25-1.jpg 1000w, https:\/\/hotel.olfp.fr\/wp-content\/uploads\/2023\/09\/bande-noire-1000x25-1-300x8.jpg 300w, https:\/\/hotel.olfp.fr\/wp-content\/uploads\/2023\/09\/bande-noire-1000x25-1-768x19.jpg 768w\" sizes=\"auto, (max-width: 1000px) 100vw, 1000px\" \/><\/figure>\n\n\n\n<h1 class=\"wp-block-heading has-text-align-center\">Les activit\u00e9s de l&rsquo;h\u00f4tel<\/h1>\n\n\n\n<p>Vivez une exp\u00e9rience m\u00e9morable \u00e0 l&rsquo;H\u00f4tel OLFP ! Plongez dans le confort de notre somptueux spa, profitez de notre salle de sport ultramoderne, d\u00e9tendez-vous dans notre piscine rafra\u00eechissante et jouez sur notre court de tennis. De plus, \u00e0 proximit\u00e9 de notre \u00e9tablissement, vous d\u00e9couvrirez un magnifique terrain de golf, ainsi que des sentiers de randonn\u00e9e, des excursions fluviales et des pistes de VTT pour les amoureux de la nature et des sensations fortes.<\/p>\n\n\n\n<p><\/p>\n\n\n\n<figure class=\"wp-block-gallery has-nested-images columns-default is-cropped wp-block-gallery-1 is-layout-flex wp-block-gallery-is-layout-flex\">\n<figure class=\"wp-block-image size-full has-custom-border\"><a href=\"https:\/\/hotel.olfp.fr\/?page_id=274\"><img loading=\"lazy\" decoding=\"async\" width=\"640\" height=\"427\" data-id=\"198\" src=\"https:\/\/hotel.olfp.fr\/wp-content\/uploads\/2023\/05\/spa-4-Copie.jpg\" alt=\"\" class=\"wp-image-198\" style=\"border-style:none;border-width:0px;border-radius:20px\" srcset=\"https:\/\/hotel.olfp.fr\/wp-content\/uploads\/2023\/05\/spa-4-Copie.jpg 640w, https:\/\/hotel.olfp.fr\/wp-content\/uploads\/2023\/05\/spa-4-Copie-300x200.jpg 300w\" sizes=\"auto, (max-width: 640px) 100vw, 640px\" \/><\/a><figcaption class=\"wp-element-caption\">Spa<\/figcaption><\/figure>\n\n\n\n<figure class=\"wp-block-image size-full has-custom-border\"><a href=\"https:\/\/hotel.olfp.fr\/?page_id=280\"><img loading=\"lazy\" decoding=\"async\" width=\"640\" height=\"472\" data-id=\"202\" src=\"https:\/\/hotel.olfp.fr\/wp-content\/uploads\/2023\/05\/salle-de-sport.jpg\" alt=\"\" class=\"wp-image-202\" style=\"border-radius:20px\" srcset=\"https:\/\/hotel.olfp.fr\/wp-content\/uploads\/2023\/05\/salle-de-sport.jpg 640w, https:\/\/hotel.olfp.fr\/wp-content\/uploads\/2023\/05\/salle-de-sport-300x221.jpg 300w\" sizes=\"auto, (max-width: 640px) 100vw, 640px\" \/><\/a><figcaption class=\"wp-element-caption\">Salle de sport<\/figcaption><\/figure>\n\n\n\n<figure class=\"wp-block-image size-full has-custom-border\"><a href=\"https:\/\/hotel.olfp.fr\/?page_id=283\"><img loading=\"lazy\" decoding=\"async\" width=\"1280\" height=\"960\" data-id=\"203\" src=\"https:\/\/hotel.olfp.fr\/wp-content\/uploads\/2023\/05\/piscine.jpg\" alt=\"\" class=\"wp-image-203\" style=\"border-radius:20px\" srcset=\"https:\/\/hotel.olfp.fr\/wp-content\/uploads\/2023\/05\/piscine.jpg 1280w, https:\/\/hotel.olfp.fr\/wp-content\/uploads\/2023\/05\/piscine-300x225.jpg 300w, https:\/\/hotel.olfp.fr\/wp-content\/uploads\/2023\/05\/piscine-1024x768.jpg 1024w, https:\/\/hotel.olfp.fr\/wp-content\/uploads\/2023\/05\/piscine-768x576.jpg 768w\" sizes=\"auto, (max-width: 1280px) 100vw, 1280px\" \/><\/a><figcaption class=\"wp-element-caption\">Piscine ext\u00e9rieure<\/figcaption><\/figure>\n<\/figure>\n\n\n\n<div class=\"wp-block-columns is-layout-flex wp-container-core-columns-is-layout-3fb6cf14 wp-block-columns-is-layout-flex\" style=\"border-style:none;border-width:0px;border-radius:0px;padding-top:0px;padding-right:0px;padding-bottom:60px;padding-left:0px\">\n<div class=\"wp-block-column is-layout-flow wp-block-column-is-layout-flow\">\n<p>D\u00e9couvrez notre magnifique spa, un sanctuaire d\u00e9di\u00e9 \u00e0 la d\u00e9tente&#8230; \n<br><br><a href=\"https:\/\/hotel.olfp.fr\/?page_id=274\">En savoir plus&#8230;\u00a0\u00bb<\/a><\/p>\n<\/div>\n\n\n\n<div class=\"wp-block-column is-layout-flow wp-block-column-is-layout-flow\">\n<p>Notre salle de sport est \u00e9quip\u00e9e d&rsquo;appareils de cardio et de musculation&#8230; \n<br><br><a ref=\"https:\/\/hotel.olfp.fr\/?page_id=280\">En savoir plus&#8230;<\/a><\/p>\n<\/div>\n\n\n\n<div class=\"wp-block-column is-layout-flow wp-block-column-is-layout-flow\">\n<p>D\u00e9tendez-vous et rafra\u00eechissez-vous dans notre piscine ext\u00e9rieure&#8230; \n<br><br><a href=\"https:\/\/hotel.olfp.fr\/?page_id=283\">En savoir plus&#8230;<\/a><\/p>\n<\/div>\n<\/div>\n\n\n\n<figure class=\"wp-block-gallery has-nested-images columns-default is-cropped wp-block-gallery-2 is-layout-flex wp-block-gallery-is-layout-flex\">\n<figure class=\"wp-block-image size-full has-custom-border\"><a href=\"https:\/\/hotel.olfp.fr\/?page_id=287\"><img loading=\"lazy\" decoding=\"async\" width=\"800\" height=\"600\" data-id=\"207\" src=\"https:\/\/hotel.olfp.fr\/wp-content\/uploads\/2023\/05\/Tennis-court-resize.jpg\" alt=\"\" class=\"wp-image-207\" style=\"border-radius:20px\" srcset=\"https:\/\/hotel.olfp.fr\/wp-content\/uploads\/2023\/05\/Tennis-court-resize.jpg 800w, https:\/\/hotel.olfp.fr\/wp-content\/uploads\/2023\/05\/Tennis-court-resize-300x225.jpg 300w, https:\/\/hotel.olfp.fr\/wp-content\/uploads\/2023\/05\/Tennis-court-resize-768x576.jpg 768w\" sizes=\"auto, (max-width: 800px) 100vw, 800px\" \/><\/a><figcaption class=\"wp-element-caption\">Cours de tennis<\/figcaption><\/figure>\n\n\n\n<figure class=\"wp-block-image size-full has-custom-border\"><a href=\"https:\/\/hotel.olfp.fr\/?page_id=290\"><img loading=\"lazy\" decoding=\"async\" width=\"800\" height=\"600\" data-id=\"209\" src=\"https:\/\/hotel.olfp.fr\/wp-content\/uploads\/2023\/05\/vtt-resize.jpg\" alt=\"\" class=\"wp-image-209\" style=\"border-radius:20px\" srcset=\"https:\/\/hotel.olfp.fr\/wp-content\/uploads\/2023\/05\/vtt-resize.jpg 800w, https:\/\/hotel.olfp.fr\/wp-content\/uploads\/2023\/05\/vtt-resize-300x225.jpg 300w, https:\/\/hotel.olfp.fr\/wp-content\/uploads\/2023\/05\/vtt-resize-768x576.jpg 768w\" sizes=\"auto, (max-width: 800px) 100vw, 800px\" \/><\/a><figcaption class=\"wp-element-caption\">Randonn\u00e9e VTT<\/figcaption><\/figure>\n\n\n\n<figure class=\"wp-block-image size-full has-custom-border\"><a href=\"https:\/\/hotel.olfp.fr\/?page_id=294\"><img loading=\"lazy\" decoding=\"async\" width=\"800\" height=\"600\" data-id=\"212\" src=\"https:\/\/hotel.olfp.fr\/wp-content\/uploads\/2023\/05\/golf-resize.jpg\" alt=\"\" class=\"wp-image-212\" style=\"border-radius:20px\" srcset=\"https:\/\/hotel.olfp.fr\/wp-content\/uploads\/2023\/05\/golf-resize.jpg 800w, https:\/\/hotel.olfp.fr\/wp-content\/uploads\/2023\/05\/golf-resize-300x225.jpg 300w, https:\/\/hotel.olfp.fr\/wp-content\/uploads\/2023\/05\/golf-resize-768x576.jpg 768w\" sizes=\"auto, (max-width: 800px) 100vw, 800px\" \/><\/a><figcaption class=\"wp-element-caption\">Golf<\/figcaption><\/figure>\n<\/figure>\n\n\n\n<div class=\"wp-block-columns are-vertically-aligned-top is-layout-flex wp-container-core-columns-is-layout-20de2d00 wp-block-columns-is-layout-flex\" style=\"padding-top:0px;padding-right:0px;padding-bottom:40px;padding-left:0px\">\n<div class=\"wp-block-column is-vertically-aligned-top is-layout-flow wp-block-column-is-layout-flow\" style=\"padding-bottom:40px\">\n<p>Notre court de tennis bien entretenu est id\u00e9al pour les joueurs de tous niveaux&#8230; \n<br><br><a href=\"https:\/\/hotel.olfp.fr\/?page_id=287\">En savoir plus&#8230;<\/a><\/p>\n<\/div>\n\n\n\n<div class=\"wp-block-column is-vertically-aligned-top is-layout-flow wp-block-column-is-layout-flow\">\n<p>Explorez la nature avec notre activit\u00e9 de VTT, adapt\u00e9e \u00e0 tous les niveaux&#8230;\n<br><br><a href=\"https:\/\/hotel.olfp.fr\/?page_id=290\">En savoir plus&#8230;<\/a><\/p>\n<\/div>\n\n\n\n<div class=\"wp-block-column is-vertically-aligned-top is-layout-flow wp-block-column-is-layout-flow\">\n<p>Profitez d&rsquo;une exp\u00e9rience de golf exceptionnelle \u00e0 proximit\u00e9 de notre h\u00f4tel&#8230;\n<br><br><a href=\"https:\/\/hotel.olfp.fr\/?page_id=294\">En savoir plus&#8230;<\/a><\/p>\n<\/div>\n<\/div>\n\n\n\n<figure class=\"wp-block-gallery has-nested-images columns-default is-cropped wp-block-gallery-3 is-layout-flex wp-block-gallery-is-layout-flex\">\n<figure class=\"wp-block-image size-large has-custom-border\"><a href=\"https:\/\/hotel.olfp.fr\/?page_id=297\"><img loading=\"lazy\" decoding=\"async\" width=\"800\" height=\"600\" data-id=\"219\" src=\"https:\/\/hotel.olfp.fr\/wp-content\/uploads\/2023\/05\/rando-pedestre-resize.jpg\" alt=\"\" class=\"wp-image-219\" style=\"border-radius:20px\" srcset=\"https:\/\/hotel.olfp.fr\/wp-content\/uploads\/2023\/05\/rando-pedestre-resize.jpg 800w, https:\/\/hotel.olfp.fr\/wp-content\/uploads\/2023\/05\/rando-pedestre-resize-300x225.jpg 300w, https:\/\/hotel.olfp.fr\/wp-content\/uploads\/2023\/05\/rando-pedestre-resize-768x576.jpg 768w\" sizes=\"auto, (max-width: 800px) 100vw, 800px\" \/><\/a><figcaption class=\"wp-element-caption\">Randonn\u00e9e p\u00e9destre<\/figcaption><\/figure>\n\n\n\n<figure class=\"wp-block-image size-large has-custom-border\"><a href=\"https:\/\/hotel.olfp.fr\/?page_id=303\"><img loading=\"lazy\" decoding=\"async\" width=\"800\" height=\"600\" data-id=\"218\" src=\"https:\/\/hotel.olfp.fr\/wp-content\/uploads\/2023\/05\/ballade-equestre-resize.jpg\" alt=\"\" class=\"wp-image-218\" style=\"border-radius:20px\" srcset=\"https:\/\/hotel.olfp.fr\/wp-content\/uploads\/2023\/05\/ballade-equestre-resize.jpg 800w, https:\/\/hotel.olfp.fr\/wp-content\/uploads\/2023\/05\/ballade-equestre-resize-300x225.jpg 300w, https:\/\/hotel.olfp.fr\/wp-content\/uploads\/2023\/05\/ballade-equestre-resize-768x576.jpg 768w\" sizes=\"auto, (max-width: 800px) 100vw, 800px\" \/><\/a><figcaption class=\"wp-element-caption\">Balade \u00e9questre<\/figcaption><\/figure>\n\n\n\n<figure class=\"wp-block-image size-large has-custom-border\"><a href=\"https:\/\/hotel.olfp.fr\/?page_id=306\"><img loading=\"lazy\" decoding=\"async\" width=\"800\" height=\"600\" data-id=\"217\" src=\"https:\/\/hotel.olfp.fr\/wp-content\/uploads\/2023\/05\/ballade-fluviale-resize.jpg\" alt=\"\" class=\"wp-image-217\" style=\"border-radius:20px\" srcset=\"https:\/\/hotel.olfp.fr\/wp-content\/uploads\/2023\/05\/ballade-fluviale-resize.jpg 800w, https:\/\/hotel.olfp.fr\/wp-content\/uploads\/2023\/05\/ballade-fluviale-resize-300x225.jpg 300w, https:\/\/hotel.olfp.fr\/wp-content\/uploads\/2023\/05\/ballade-fluviale-resize-768x576.jpg 768w\" sizes=\"auto, (max-width: 800px) 100vw, 800px\" \/><\/a><figcaption class=\"wp-element-caption\">Balade fluviale<\/figcaption><\/figure>\n<\/figure>\n\n\n\n<div class=\"wp-block-columns is-layout-flex wp-container-core-columns-is-layout-c6bc58be wp-block-columns-is-layout-flex\" style=\"padding-top:0px;padding-right:0px;padding-bottom:0px;padding-left:0px\">\n<div class=\"wp-block-column is-layout-flow wp-block-column-is-layout-flow\">\n<p>Nous sommes ravis de vous proposer une activit\u00e9 incontournable&#8230;\n<br><br><a href=\"https:\/\/hotel.olfp.fr\/?page_id=297\">En savoir plus&#8230;<\/a><\/p>\n<\/div>\n\n\n\n<div class=\"wp-block-column is-layout-flow wp-block-column-is-layout-flow\">\n<p>Que vous soyez un cavalier exp\u00e9riment\u00e9 ou que vous souhaitiez simplement d\u00e9couvrir&#8230; \n<br><br><a href=\"https:\/\/hotel.olfp.fr\/?page_id=303\">En savoir plus&#8230;<\/a><\/p>\n<\/div>\n\n\n\n<div class=\"wp-block-column is-layout-flow wp-block-column-is-layout-flow\">\n<p>D\u00e9couvrez les merveilles des voies navigables avec notre incroyable activit\u00e9 de location&#8230;\n<br><br><a href=\"https:\/\/hotel.olfp.fr\/?page_id=306\">En savoir plus&#8230;<\/a><\/p>\n<\/div>\n<\/div>\n","protected":false},"excerpt":{"rendered":"<p>Les activit\u00e9s de l&rsquo;h\u00f4tel Vivez une exp\u00e9rience m\u00e9morable \u00e0 l&rsquo;H\u00f4tel OLFP ! Plongez dans le confort de notre somptueux spa, profitez de notre salle de sport ultramoderne, d\u00e9tendez-vous dans notre piscine rafra\u00eechissante et jouez sur notre court de tennis. De plus, \u00e0 proximit\u00e9 de notre \u00e9tablissement, vous d\u00e9couvrirez un magnifique terrain de golf, ainsi que &hellip;<\/p>\n<p class=\"read-more\"> <a class=\"\" href=\"https:\/\/hotel.olfp.fr\/?page_id=178\"> <span class=\"screen-reader-text\">Activit\u00e9s<\/span> Lire la suite\u00a0\u00bb<\/a><\/p>\n","protected":false},"author":2,"featured_media":0,"parent":0,"menu_order":0,"comment_status":"closed","ping_status":"closed","template":"","meta":{"site-sidebar-layout":"default","site-content-layout":"default","ast-global-header-display":"","ast-main-header-display":"","ast-hfb-above-header-display":"","ast-hfb-below-header-display":"","ast-hfb-mobile-header-display":"","site-post-title":"disabled","ast-breadcrumbs-content":"","ast-featured-img":"","footer-sml-layout":"","theme-transparent-header-meta":"","adv-header-id-meta":"","stick-header-meta":"","header-above-stick-meta":"","header-main-stick-meta":"","header-below-stick-meta":"","footnotes":""},"class_list":["post-178","page","type-page","status-publish","hentry"],"_links":{"self":[{"href":"https:\/\/hotel.olfp.fr\/index.php?rest_route=\/wp\/v2\/pages\/178","targetHints":{"allow":["GET"]}}],"collection":[{"href":"https:\/\/hotel.olfp.fr\/index.php?rest_route=\/wp\/v2\/pages"}],"about":[{"href":"https:\/\/hotel.olfp.fr\/index.php?rest_route=\/wp\/v2\/types\/page"}],"author":[{"embeddable":true,"href":"https:\/\/hotel.olfp.fr\/index.php?rest_route=\/wp\/v2\/users\/2"}],"replies":[{"embeddable":true,"href":"https:\/\/hotel.olfp.fr\/index.php?rest_route=%2Fwp%2Fv2%2Fcomments&post=178"}],"version-history":[{"count":88,"href":"https:\/\/hotel.olfp.fr\/index.php?rest_route=\/wp\/v2\/pages\/178\/revisions"}],"predecessor-version":[{"id":474,"href":"https:\/\/hotel.olfp.fr\/index.php?rest_route=\/wp\/v2\/pages\/178\/revisions\/474"}],"wp:attachment":[{"href":"https:\/\/hotel.olfp.fr\/index.php?rest_route=%2Fwp%2Fv2%2Fmedia&parent=178"}],"curies":[{"name":"wp","href":"https:\/\/api.w.org\/{rel}","templated":true}]}}