{"id":274,"date":"2023-05-31T08:56:53","date_gmt":"2023-05-31T06:56:53","guid":{"rendered":"https:\/\/hotel.olfp.fr\/?page_id=274"},"modified":"2023-09-19T09:43:48","modified_gmt":"2023-09-19T07:43:48","slug":"spa","status":"publish","type":"page","link":"https:\/\/hotel.olfp.fr\/?page_id=274","title":{"rendered":"Spa"},"content":{"rendered":"\n<figure class=\"wp-block-image alignfull size-large\"><img loading=\"lazy\" decoding=\"async\" width=\"1024\" height=\"107\" src=\"https:\/\/hotel.olfp.fr\/wp-content\/uploads\/2023\/05\/banniere-hotel-olfp-resize3-1024x107.jpg\" alt=\"\" class=\"wp-image-176\" srcset=\"https:\/\/hotel.olfp.fr\/wp-content\/uploads\/2023\/05\/banniere-hotel-olfp-resize3-1024x107.jpg 1024w, https:\/\/hotel.olfp.fr\/wp-content\/uploads\/2023\/05\/banniere-hotel-olfp-resize3-300x31.jpg 300w, https:\/\/hotel.olfp.fr\/wp-content\/uploads\/2023\/05\/banniere-hotel-olfp-resize3-768x80.jpg 768w, https:\/\/hotel.olfp.fr\/wp-content\/uploads\/2023\/05\/banniere-hotel-olfp-resize3.jpg 1475w\" sizes=\"auto, (max-width: 1024px) 100vw, 1024px\" \/><\/figure>\n\n\n\n<figure class=\"wp-block-image alignfull size-full\"><img loading=\"lazy\" decoding=\"async\" width=\"1000\" height=\"25\" src=\"https:\/\/hotel.olfp.fr\/wp-content\/uploads\/2023\/09\/bande-noire-1000x25-1.jpg\" alt=\"\" class=\"wp-image-469\" srcset=\"https:\/\/hotel.olfp.fr\/wp-content\/uploads\/2023\/09\/bande-noire-1000x25-1.jpg 1000w, https:\/\/hotel.olfp.fr\/wp-content\/uploads\/2023\/09\/bande-noire-1000x25-1-300x8.jpg 300w, https:\/\/hotel.olfp.fr\/wp-content\/uploads\/2023\/09\/bande-noire-1000x25-1-768x19.jpg 768w\" sizes=\"auto, (max-width: 1000px) 100vw, 1000px\" \/><\/figure>\n\n\n\n<h1 class=\"wp-block-heading has-text-align-center\">Notre Spa<\/h1>\n\n\n\n<figure class=\"wp-block-image alignwide size-full\"><img loading=\"lazy\" decoding=\"async\" width=\"640\" height=\"427\" src=\"https:\/\/hotel.olfp.fr\/wp-content\/uploads\/2023\/05\/spa-4-Copie.jpg\" alt=\"\" class=\"wp-image-198\" srcset=\"https:\/\/hotel.olfp.fr\/wp-content\/uploads\/2023\/05\/spa-4-Copie.jpg 640w, https:\/\/hotel.olfp.fr\/wp-content\/uploads\/2023\/05\/spa-4-Copie-300x200.jpg 300w\" sizes=\"auto, (max-width: 640px) 100vw, 640px\" \/><\/figure>\n\n\n\n<p>Nous sommes ravis de vous pr\u00e9senter notre magnifique spa, un v\u00e9ritable sanctuaire d\u00e9di\u00e9 \u00e0 la d\u00e9tente et \u00e0 la r\u00e9g\u00e9n\u00e9ration.<\/p>\n\n\n\n<p>Notre spa est con\u00e7u pour vous offrir une exp\u00e9rience luxueuse et apaisante, une v\u00e9ritable \u00e9chapp\u00e9e loin du tumulte de la vie quotidienne. Lorsque vous franchirez nos portes, vous serez envelopp\u00e9(e) d&rsquo;une atmosph\u00e8re de tranquillit\u00e9 absolue, con\u00e7ue pour vous permettre de vous \u00e9vader et de vous ressourcer pleinement.<\/p>\n\n\n\n<p>Les installations modernes et \u00e9l\u00e9gantes de notre spa comprennent un jacuzzi relaxant, un sauna revigorant et un hammam apaisant. Vous pourrez vous d\u00e9tendre et vous rafra\u00eechir \u00e0 votre guise, en savourant ces moments de pure relaxation.<\/p>\n\n\n\n<p>Notre \u00e9quipe de th\u00e9rapeutes exp\u00e9riment\u00e9s et attentionn\u00e9s est \u00e0 votre disposition pour vous offrir une large gamme de soins et de massages, adapt\u00e9s \u00e0 vos besoins sp\u00e9cifiques. Que vous souhaitiez vous d\u00e9tendre, vous revitaliser ou vous recentrer, nos professionnels veilleront \u00e0 ce que chaque exp\u00e9rience soit personnalis\u00e9e et m\u00e9morable.<\/p>\n\n\n\n<p>Lorsque vous entrez dans notre spa, vous serez accueilli(e) par une ambiance apaisante, des lumi\u00e8res douces, des ar\u00f4mes envo\u00fbtants et une musique relaxante. Chaque d\u00e9tail a \u00e9t\u00e9 pens\u00e9 pour cr\u00e9er une atmosph\u00e8re harmonieuse propice \u00e0 la d\u00e9tente profonde.<\/p>\n\n\n\n<p>Nous nous engageons \u00e0 n&rsquo;utiliser que des produits de la plus haute qualit\u00e9 pour tous nos soins et massages. Des ingr\u00e9dients naturels et des techniques de pointe se combinent pour vous offrir une exp\u00e9rience de spa exceptionnelle, o\u00f9 votre bien-\u00eatre est notre priorit\u00e9 absolue.<\/p>\n\n\n\n<p>Que vous soyez un couple en qu\u00eate d&rsquo;un moment de d\u00e9tente romantique, un voyageur d&rsquo;affaires ayant besoin de vous ressourcer apr\u00e8s une journ\u00e9e bien remplie ou une famille \u00e0 la recherche de moments de d\u00e9tente et de plaisir, notre spa est l&rsquo;endroit id\u00e9al pour vous.<\/p>\n\n\n\n<p>R\u00e9servez d\u00e8s maintenant votre s\u00e9jour dans notre h\u00f4tel et offrez-vous une exp\u00e9rience de spa inoubliable.<\/p>\n","protected":false},"excerpt":{"rendered":"<p>Notre Spa Nous sommes ravis de vous pr\u00e9senter notre magnifique spa, un v\u00e9ritable sanctuaire d\u00e9di\u00e9 \u00e0 la d\u00e9tente et \u00e0 la r\u00e9g\u00e9n\u00e9ration. Notre spa est con\u00e7u pour vous offrir une exp\u00e9rience luxueuse et apaisante, une v\u00e9ritable \u00e9chapp\u00e9e loin du tumulte de la vie quotidienne. Lorsque vous franchirez nos portes, vous serez envelopp\u00e9(e) d&rsquo;une atmosph\u00e8re de &hellip;<\/p>\n<p class=\"read-more\"> <a class=\"\" href=\"https:\/\/hotel.olfp.fr\/?page_id=274\"> <span class=\"screen-reader-text\">Spa<\/span> Lire la suite\u00a0\u00bb<\/a><\/p>\n","protected":false},"author":2,"featured_media":0,"parent":178,"menu_order":0,"comment_status":"closed","ping_status":"closed","template":"","meta":{"site-sidebar-layout":"default","site-content-layout":"default","ast-global-header-display":"","ast-main-header-display":"","ast-hfb-above-header-display":"","ast-hfb-below-header-display":"","ast-hfb-mobile-header-display":"","site-post-title":"disabled","ast-breadcrumbs-content":"","ast-featured-img":"","footer-sml-layout":"","theme-transparent-header-meta":"","adv-header-id-meta":"","stick-header-meta":"","header-above-stick-meta":"","header-main-stick-meta":"","header-below-stick-meta":"","footnotes":""},"class_list":["post-274","page","type-page","status-publish","hentry"],"_links":{"self":[{"href":"https:\/\/hotel.olfp.fr\/index.php?rest_route=\/wp\/v2\/pages\/274","targetHints":{"allow":["GET"]}}],"collection":[{"href":"https:\/\/hotel.olfp.fr\/index.php?rest_route=\/wp\/v2\/pages"}],"about":[{"href":"https:\/\/hotel.olfp.fr\/index.php?rest_route=\/wp\/v2\/types\/page"}],"author":[{"embeddable":true,"href":"https:\/\/hotel.olfp.fr\/index.php?rest_route=\/wp\/v2\/users\/2"}],"replies":[{"embeddable":true,"href":"https:\/\/hotel.olfp.fr\/index.php?rest_route=%2Fwp%2Fv2%2Fcomments&post=274"}],"version-history":[{"count":3,"href":"https:\/\/hotel.olfp.fr\/index.php?rest_route=\/wp\/v2\/pages\/274\/revisions"}],"predecessor-version":[{"id":476,"href":"https:\/\/hotel.olfp.fr\/index.php?rest_route=\/wp\/v2\/pages\/274\/revisions\/476"}],"up":[{"embeddable":true,"href":"https:\/\/hotel.olfp.fr\/index.php?rest_route=\/wp\/v2\/pages\/178"}],"wp:attachment":[{"href":"https:\/\/hotel.olfp.fr\/index.php?rest_route=%2Fwp%2Fv2%2Fmedia&parent=274"}],"curies":[{"name":"wp","href":"https:\/\/api.w.org\/{rel}","templated":true}]}}