{"id":280,"date":"2023-05-31T09:05:22","date_gmt":"2023-05-31T07:05:22","guid":{"rendered":"https:\/\/hotel.olfp.fr\/?page_id=280"},"modified":"2023-09-19T09:44:26","modified_gmt":"2023-09-19T07:44:26","slug":"salle-de-sport-2","status":"publish","type":"page","link":"https:\/\/hotel.olfp.fr\/?page_id=280","title":{"rendered":"Salle de sport"},"content":{"rendered":"\n<figure class=\"wp-block-image alignfull size-large\"><img loading=\"lazy\" decoding=\"async\" width=\"1024\" height=\"107\" src=\"https:\/\/hotel.olfp.fr\/wp-content\/uploads\/2023\/05\/banniere-hotel-olfp-resize3-1024x107.jpg\" alt=\"\" class=\"wp-image-176\" srcset=\"https:\/\/hotel.olfp.fr\/wp-content\/uploads\/2023\/05\/banniere-hotel-olfp-resize3-1024x107.jpg 1024w, https:\/\/hotel.olfp.fr\/wp-content\/uploads\/2023\/05\/banniere-hotel-olfp-resize3-300x31.jpg 300w, https:\/\/hotel.olfp.fr\/wp-content\/uploads\/2023\/05\/banniere-hotel-olfp-resize3-768x80.jpg 768w, https:\/\/hotel.olfp.fr\/wp-content\/uploads\/2023\/05\/banniere-hotel-olfp-resize3.jpg 1475w\" sizes=\"auto, (max-width: 1024px) 100vw, 1024px\" \/><\/figure>\n\n\n\n<figure class=\"wp-block-image alignfull size-full\"><img loading=\"lazy\" decoding=\"async\" width=\"1000\" height=\"25\" src=\"https:\/\/hotel.olfp.fr\/wp-content\/uploads\/2023\/09\/bande-noire-1000x25-1.jpg\" alt=\"\" class=\"wp-image-469\" srcset=\"https:\/\/hotel.olfp.fr\/wp-content\/uploads\/2023\/09\/bande-noire-1000x25-1.jpg 1000w, https:\/\/hotel.olfp.fr\/wp-content\/uploads\/2023\/09\/bande-noire-1000x25-1-300x8.jpg 300w, https:\/\/hotel.olfp.fr\/wp-content\/uploads\/2023\/09\/bande-noire-1000x25-1-768x19.jpg 768w\" sizes=\"auto, (max-width: 1000px) 100vw, 1000px\" \/><\/figure>\n\n\n\n<h1 class=\"wp-block-heading has-text-align-center\">Notre salle de sport<\/h1>\n\n\n\n<figure class=\"wp-block-image alignwide size-full\"><img loading=\"lazy\" decoding=\"async\" width=\"640\" height=\"472\" src=\"https:\/\/hotel.olfp.fr\/wp-content\/uploads\/2023\/05\/salle-de-sport.jpg\" alt=\"\" class=\"wp-image-202\" srcset=\"https:\/\/hotel.olfp.fr\/wp-content\/uploads\/2023\/05\/salle-de-sport.jpg 640w, https:\/\/hotel.olfp.fr\/wp-content\/uploads\/2023\/05\/salle-de-sport-300x221.jpg 300w\" sizes=\"auto, (max-width: 640px) 100vw, 640px\" \/><\/figure>\n\n\n\n<p>Notre salle de sport ultramoderne est con\u00e7ue pour r\u00e9pondre \u00e0 tous vos besoins en mati\u00e8re d&rsquo;exercice physique. Que vous soyez un passionn\u00e9 de fitness ou simplement \u00e0 la recherche d&rsquo;une mani\u00e8re amusante de rester actif, notre salle de sport saura vous satisfaire.<\/p>\n\n\n\n<p>\u00c9quip\u00e9e d&rsquo;un large \u00e9ventail d&rsquo;appareils de cardio-training tels que des tapis de course, des v\u00e9los elliptiques et des v\u00e9los d&rsquo;appartement, notre salle de sport vous permettra de maintenir votre rythme cardiaque \u00e9lev\u00e9 tout en br\u00fblant des calories. Si vous pr\u00e9f\u00e9rez vous entra\u00eener avec des poids, nous avons \u00e9galement une s\u00e9lection compl\u00e8te d&rsquo;halt\u00e8res, de machines de musculation et de bancs pour vous aider \u00e0 tonifier et renforcer votre corps.<\/p>\n\n\n\n<p>Nous comprenons que chaque personne a des besoins et des objectifs diff\u00e9rents en mati\u00e8re de remise en forme. C&rsquo;est pourquoi nous proposons \u00e9galement des cours collectifs dispens\u00e9s par des instructeurs qualifi\u00e9s. Que vous souhaitiez am\u00e9liorer votre souplesse gr\u00e2ce au yoga, renforcer vos muscles gr\u00e2ce \u00e0 des cours de body sculpt, ou vous d\u00e9fouler lors d&rsquo;une s\u00e9ance de zumba \u00e9nergisante, notre \u00e9quipe professionnelle est l\u00e0 pour vous guider et vous motiver tout au long de votre s\u00e9ance d&rsquo;entra\u00eenement.<\/p>\n","protected":false},"excerpt":{"rendered":"<p>Notre salle de sport Notre salle de sport ultramoderne est con\u00e7ue pour r\u00e9pondre \u00e0 tous vos besoins en mati\u00e8re d&rsquo;exercice physique. Que vous soyez un passionn\u00e9 de fitness ou simplement \u00e0 la recherche d&rsquo;une mani\u00e8re amusante de rester actif, notre salle de sport saura vous satisfaire. \u00c9quip\u00e9e d&rsquo;un large \u00e9ventail d&rsquo;appareils de cardio-training tels que &hellip;<\/p>\n<p class=\"read-more\"> <a class=\"\" href=\"https:\/\/hotel.olfp.fr\/?page_id=280\"> <span class=\"screen-reader-text\">Salle de sport<\/span> Lire la suite\u00a0\u00bb<\/a><\/p>\n","protected":false},"author":2,"featured_media":0,"parent":178,"menu_order":0,"comment_status":"closed","ping_status":"closed","template":"","meta":{"site-sidebar-layout":"default","site-content-layout":"default","ast-global-header-display":"","ast-main-header-display":"","ast-hfb-above-header-display":"","ast-hfb-below-header-display":"","ast-hfb-mobile-header-display":"","site-post-title":"disabled","ast-breadcrumbs-content":"","ast-featured-img":"","footer-sml-layout":"","theme-transparent-header-meta":"","adv-header-id-meta":"","stick-header-meta":"","header-above-stick-meta":"","header-main-stick-meta":"","header-below-stick-meta":"","footnotes":""},"class_list":["post-280","page","type-page","status-publish","hentry"],"_links":{"self":[{"href":"https:\/\/hotel.olfp.fr\/index.php?rest_route=\/wp\/v2\/pages\/280","targetHints":{"allow":["GET"]}}],"collection":[{"href":"https:\/\/hotel.olfp.fr\/index.php?rest_route=\/wp\/v2\/pages"}],"about":[{"href":"https:\/\/hotel.olfp.fr\/index.php?rest_route=\/wp\/v2\/types\/page"}],"author":[{"embeddable":true,"href":"https:\/\/hotel.olfp.fr\/index.php?rest_route=\/wp\/v2\/users\/2"}],"replies":[{"embeddable":true,"href":"https:\/\/hotel.olfp.fr\/index.php?rest_route=%2Fwp%2Fv2%2Fcomments&post=280"}],"version-history":[{"count":2,"href":"https:\/\/hotel.olfp.fr\/index.php?rest_route=\/wp\/v2\/pages\/280\/revisions"}],"predecessor-version":[{"id":477,"href":"https:\/\/hotel.olfp.fr\/index.php?rest_route=\/wp\/v2\/pages\/280\/revisions\/477"}],"up":[{"embeddable":true,"href":"https:\/\/hotel.olfp.fr\/index.php?rest_route=\/wp\/v2\/pages\/178"}],"wp:attachment":[{"href":"https:\/\/hotel.olfp.fr\/index.php?rest_route=%2Fwp%2Fv2%2Fmedia&parent=280"}],"curies":[{"name":"wp","href":"https:\/\/api.w.org\/{rel}","templated":true}]}}