{"id":283,"date":"2023-05-31T09:07:23","date_gmt":"2023-05-31T07:07:23","guid":{"rendered":"https:\/\/hotel.olfp.fr\/?page_id=283"},"modified":"2023-09-19T09:45:37","modified_gmt":"2023-09-19T07:45:37","slug":"piscine-2","status":"publish","type":"page","link":"https:\/\/hotel.olfp.fr\/?page_id=283","title":{"rendered":"Piscine"},"content":{"rendered":"\n<figure class=\"wp-block-image alignfull size-large\"><img loading=\"lazy\" decoding=\"async\" width=\"1024\" height=\"107\" src=\"https:\/\/hotel.olfp.fr\/wp-content\/uploads\/2023\/05\/banniere-hotel-olfp-resize3-1024x107.jpg\" alt=\"\" class=\"wp-image-176\" srcset=\"https:\/\/hotel.olfp.fr\/wp-content\/uploads\/2023\/05\/banniere-hotel-olfp-resize3-1024x107.jpg 1024w, https:\/\/hotel.olfp.fr\/wp-content\/uploads\/2023\/05\/banniere-hotel-olfp-resize3-300x31.jpg 300w, https:\/\/hotel.olfp.fr\/wp-content\/uploads\/2023\/05\/banniere-hotel-olfp-resize3-768x80.jpg 768w, https:\/\/hotel.olfp.fr\/wp-content\/uploads\/2023\/05\/banniere-hotel-olfp-resize3.jpg 1475w\" sizes=\"auto, (max-width: 1024px) 100vw, 1024px\" \/><\/figure>\n\n\n\n<figure class=\"wp-block-image alignfull size-full\"><img loading=\"lazy\" decoding=\"async\" width=\"1000\" height=\"25\" src=\"https:\/\/hotel.olfp.fr\/wp-content\/uploads\/2023\/09\/bande-noire-1000x25-1.jpg\" alt=\"\" class=\"wp-image-469\" srcset=\"https:\/\/hotel.olfp.fr\/wp-content\/uploads\/2023\/09\/bande-noire-1000x25-1.jpg 1000w, https:\/\/hotel.olfp.fr\/wp-content\/uploads\/2023\/09\/bande-noire-1000x25-1-300x8.jpg 300w, https:\/\/hotel.olfp.fr\/wp-content\/uploads\/2023\/09\/bande-noire-1000x25-1-768x19.jpg 768w\" sizes=\"auto, (max-width: 1000px) 100vw, 1000px\" \/><\/figure>\n\n\n\n<h1 class=\"wp-block-heading has-text-align-center\">Notre piscine<\/h1>\n\n\n\n<figure class=\"wp-block-image alignwide size-large\"><img loading=\"lazy\" decoding=\"async\" width=\"1024\" height=\"768\" src=\"https:\/\/hotel.olfp.fr\/wp-content\/uploads\/2023\/05\/piscine-1024x768.jpg\" alt=\"\" class=\"wp-image-203\" srcset=\"https:\/\/hotel.olfp.fr\/wp-content\/uploads\/2023\/05\/piscine-1024x768.jpg 1024w, https:\/\/hotel.olfp.fr\/wp-content\/uploads\/2023\/05\/piscine-300x225.jpg 300w, https:\/\/hotel.olfp.fr\/wp-content\/uploads\/2023\/05\/piscine-768x576.jpg 768w, https:\/\/hotel.olfp.fr\/wp-content\/uploads\/2023\/05\/piscine.jpg 1280w\" sizes=\"auto, (max-width: 1024px) 100vw, 1024px\" \/><\/figure>\n\n\n\n<p>Si vous cherchez \u00e0 vous rafra\u00eechir et \u00e0 vous d\u00e9tendre sous le soleil de notre belle r\u00e9gion, ne manquez pas notre piscine ext\u00e9rieure.<\/p>\n\n\n\n<p>Situ\u00e9e dans un cadre paisible et verdoyant, notre piscine est l&rsquo;endroit id\u00e9al pour profiter du beau temps tout en se relaxant. Que vous cherchiez \u00e0 faire quelques longueurs ou simplement \u00e0 vous pr\u00e9lasser au soleil, vous trouverez tout ce dont vous avez besoin dans notre piscine.<\/p>\n\n\n\n<p>Nos \u00e9quipements de piscine comprennent des chaises longues confortables pour vous d\u00e9tendre et vous relaxer, ainsi que des parasols pour vous prot\u00e9ger du soleil br\u00fblant. Nous fournissons \u00e9galement des serviettes propres et douces pour vous aider \u00e0 vous s\u00e9cher apr\u00e8s une baignade rafra\u00eechissante.<\/p>\n\n\n\n<p>Si vous avez envie d&rsquo;une collation ou d&rsquo;une boisson fra\u00eeche pendant que vous vous d\u00e9tendez au bord de la piscine, n&rsquo;h\u00e9sitez pas \u00e0 consulter notre menu. Nous avons une s\u00e9lection de boissons fra\u00eeches, de cocktails color\u00e9s et de collations l\u00e9g\u00e8res pour satisfaire vos envies.<\/p>\n\n\n\n<p>Alors, si vous cherchez \u00e0 vous rafra\u00eechir pendant votre s\u00e9jour, venez profiter de notre piscine ext\u00e9rieure. Nous sommes impatients de vous accueillir bient\u00f4t \u00e0 l&rsquo;h\u00f4tel 3 \u00e9toiles pour une exp\u00e9rience inoubliable.<\/p>\n","protected":false},"excerpt":{"rendered":"<p>Notre piscine Si vous cherchez \u00e0 vous rafra\u00eechir et \u00e0 vous d\u00e9tendre sous le soleil de notre belle r\u00e9gion, ne manquez pas notre piscine ext\u00e9rieure. Situ\u00e9e dans un cadre paisible et verdoyant, notre piscine est l&rsquo;endroit id\u00e9al pour profiter du beau temps tout en se relaxant. Que vous cherchiez \u00e0 faire quelques longueurs ou simplement &hellip;<\/p>\n<p class=\"read-more\"> <a class=\"\" href=\"https:\/\/hotel.olfp.fr\/?page_id=283\"> <span class=\"screen-reader-text\">Piscine<\/span> Lire la suite\u00a0\u00bb<\/a><\/p>\n","protected":false},"author":2,"featured_media":0,"parent":178,"menu_order":0,"comment_status":"closed","ping_status":"closed","template":"","meta":{"site-sidebar-layout":"default","site-content-layout":"default","ast-global-header-display":"","ast-main-header-display":"","ast-hfb-above-header-display":"","ast-hfb-below-header-display":"","ast-hfb-mobile-header-display":"","site-post-title":"disabled","ast-breadcrumbs-content":"","ast-featured-img":"","footer-sml-layout":"","theme-transparent-header-meta":"","adv-header-id-meta":"","stick-header-meta":"","header-above-stick-meta":"","header-main-stick-meta":"","header-below-stick-meta":"","footnotes":""},"class_list":["post-283","page","type-page","status-publish","hentry"],"_links":{"self":[{"href":"https:\/\/hotel.olfp.fr\/index.php?rest_route=\/wp\/v2\/pages\/283","targetHints":{"allow":["GET"]}}],"collection":[{"href":"https:\/\/hotel.olfp.fr\/index.php?rest_route=\/wp\/v2\/pages"}],"about":[{"href":"https:\/\/hotel.olfp.fr\/index.php?rest_route=\/wp\/v2\/types\/page"}],"author":[{"embeddable":true,"href":"https:\/\/hotel.olfp.fr\/index.php?rest_route=\/wp\/v2\/users\/2"}],"replies":[{"embeddable":true,"href":"https:\/\/hotel.olfp.fr\/index.php?rest_route=%2Fwp%2Fv2%2Fcomments&post=283"}],"version-history":[{"count":3,"href":"https:\/\/hotel.olfp.fr\/index.php?rest_route=\/wp\/v2\/pages\/283\/revisions"}],"predecessor-version":[{"id":478,"href":"https:\/\/hotel.olfp.fr\/index.php?rest_route=\/wp\/v2\/pages\/283\/revisions\/478"}],"up":[{"embeddable":true,"href":"https:\/\/hotel.olfp.fr\/index.php?rest_route=\/wp\/v2\/pages\/178"}],"wp:attachment":[{"href":"https:\/\/hotel.olfp.fr\/index.php?rest_route=%2Fwp%2Fv2%2Fmedia&parent=283"}],"curies":[{"name":"wp","href":"https:\/\/api.w.org\/{rel}","templated":true}]}}