{"id":287,"date":"2023-05-31T09:11:17","date_gmt":"2023-05-31T07:11:17","guid":{"rendered":"https:\/\/hotel.olfp.fr\/?page_id=287"},"modified":"2023-09-19T09:46:41","modified_gmt":"2023-09-19T07:46:41","slug":"tennis","status":"publish","type":"page","link":"https:\/\/hotel.olfp.fr\/?page_id=287","title":{"rendered":"Tennis"},"content":{"rendered":"\n<figure class=\"wp-block-image alignfull size-large\"><img loading=\"lazy\" decoding=\"async\" width=\"1024\" height=\"107\" src=\"https:\/\/hotel.olfp.fr\/wp-content\/uploads\/2023\/05\/banniere-hotel-olfp-resize3-1024x107.jpg\" alt=\"\" class=\"wp-image-176\" srcset=\"https:\/\/hotel.olfp.fr\/wp-content\/uploads\/2023\/05\/banniere-hotel-olfp-resize3-1024x107.jpg 1024w, https:\/\/hotel.olfp.fr\/wp-content\/uploads\/2023\/05\/banniere-hotel-olfp-resize3-300x31.jpg 300w, https:\/\/hotel.olfp.fr\/wp-content\/uploads\/2023\/05\/banniere-hotel-olfp-resize3-768x80.jpg 768w, https:\/\/hotel.olfp.fr\/wp-content\/uploads\/2023\/05\/banniere-hotel-olfp-resize3.jpg 1475w\" sizes=\"auto, (max-width: 1024px) 100vw, 1024px\" \/><\/figure>\n\n\n\n<figure class=\"wp-block-image alignfull size-full\"><img loading=\"lazy\" decoding=\"async\" width=\"1000\" height=\"25\" src=\"https:\/\/hotel.olfp.fr\/wp-content\/uploads\/2023\/09\/bande-noire-1000x25-1.jpg\" alt=\"\" class=\"wp-image-469\" srcset=\"https:\/\/hotel.olfp.fr\/wp-content\/uploads\/2023\/09\/bande-noire-1000x25-1.jpg 1000w, https:\/\/hotel.olfp.fr\/wp-content\/uploads\/2023\/09\/bande-noire-1000x25-1-300x8.jpg 300w, https:\/\/hotel.olfp.fr\/wp-content\/uploads\/2023\/09\/bande-noire-1000x25-1-768x19.jpg 768w\" sizes=\"auto, (max-width: 1000px) 100vw, 1000px\" \/><\/figure>\n\n\n\n<h1 class=\"wp-block-heading has-text-align-center\">Notre court de tennis<\/h1>\n\n\n\n<figure class=\"wp-block-image alignwide size-full\"><img loading=\"lazy\" decoding=\"async\" width=\"800\" height=\"600\" src=\"https:\/\/hotel.olfp.fr\/wp-content\/uploads\/2023\/05\/Tennis-court-resize.jpg\" alt=\"\" class=\"wp-image-207\" srcset=\"https:\/\/hotel.olfp.fr\/wp-content\/uploads\/2023\/05\/Tennis-court-resize.jpg 800w, https:\/\/hotel.olfp.fr\/wp-content\/uploads\/2023\/05\/Tennis-court-resize-300x225.jpg 300w, https:\/\/hotel.olfp.fr\/wp-content\/uploads\/2023\/05\/Tennis-court-resize-768x576.jpg 768w\" sizes=\"auto, (max-width: 800px) 100vw, 800px\" \/><\/figure>\n\n\n\n<p>Notre court de tennis est id\u00e9al pour les amateurs de tennis de tous niveaux, qu&rsquo;ils soient d\u00e9butants ou exp\u00e9riment\u00e9s. Vous pourrez profiter de ce terrain magnifiquement entretenu pour un match en solo ou en duo. Les lignes de marquage sont clairement visibles et les surfaces du court sont de haute qualit\u00e9, ce qui garantit une exp\u00e9rience de jeu fluide et agr\u00e9able.<\/p>\n\n\n\n<p>Vous pourrez r\u00e9server un cr\u00e9neau horaire \u00e0 l&rsquo;accueil de l&rsquo;h\u00f4tel, et si vous n&rsquo;avez pas votre propre \u00e9quipement, nous pouvons vous fournir des raquettes et des balles. Notre \u00e9quipe de professionnels est \u00e0 votre disposition pour organiser des cours de tennis priv\u00e9s ou en groupe si vous souhaitez am\u00e9liorer votre jeu ou simplement en apprendre les bases. Le court de tennis est \u00e9galement \u00e9clair\u00e9, vous pourrez donc jouer m\u00eame apr\u00e8s le coucher du soleil.<\/p>\n\n\n\n<p>Le court de tennis est l&rsquo;endroit id\u00e9al pour se d\u00e9penser tout en s&rsquo;amusant. Que vous soyez seul, en couple ou entre amis, vous pourrez profiter de ce terrain pour une partie de tennis amicale ou comp\u00e9titive.<\/p>\n\n\n\n<p>&nbsp;Nous sommes impatients de vous accueillir sur notre court de tennis et de vous offrir une exp\u00e9rience sportive inoubliable lors de votre s\u00e9jour chez nous.<\/p>\n","protected":false},"excerpt":{"rendered":"<p>Notre court de tennis Notre court de tennis est id\u00e9al pour les amateurs de tennis de tous niveaux, qu&rsquo;ils soient d\u00e9butants ou exp\u00e9riment\u00e9s. Vous pourrez profiter de ce terrain magnifiquement entretenu pour un match en solo ou en duo. Les lignes de marquage sont clairement visibles et les surfaces du court sont de haute qualit\u00e9, &hellip;<\/p>\n<p class=\"read-more\"> <a class=\"\" href=\"https:\/\/hotel.olfp.fr\/?page_id=287\"> <span class=\"screen-reader-text\">Tennis<\/span> Lire la suite\u00a0\u00bb<\/a><\/p>\n","protected":false},"author":2,"featured_media":0,"parent":178,"menu_order":0,"comment_status":"closed","ping_status":"closed","template":"","meta":{"site-sidebar-layout":"default","site-content-layout":"default","ast-global-header-display":"","ast-main-header-display":"","ast-hfb-above-header-display":"","ast-hfb-below-header-display":"","ast-hfb-mobile-header-display":"","site-post-title":"disabled","ast-breadcrumbs-content":"","ast-featured-img":"","footer-sml-layout":"","theme-transparent-header-meta":"","adv-header-id-meta":"","stick-header-meta":"","header-above-stick-meta":"","header-main-stick-meta":"","header-below-stick-meta":"","footnotes":""},"class_list":["post-287","page","type-page","status-publish","hentry"],"_links":{"self":[{"href":"https:\/\/hotel.olfp.fr\/index.php?rest_route=\/wp\/v2\/pages\/287","targetHints":{"allow":["GET"]}}],"collection":[{"href":"https:\/\/hotel.olfp.fr\/index.php?rest_route=\/wp\/v2\/pages"}],"about":[{"href":"https:\/\/hotel.olfp.fr\/index.php?rest_route=\/wp\/v2\/types\/page"}],"author":[{"embeddable":true,"href":"https:\/\/hotel.olfp.fr\/index.php?rest_route=\/wp\/v2\/users\/2"}],"replies":[{"embeddable":true,"href":"https:\/\/hotel.olfp.fr\/index.php?rest_route=%2Fwp%2Fv2%2Fcomments&post=287"}],"version-history":[{"count":2,"href":"https:\/\/hotel.olfp.fr\/index.php?rest_route=\/wp\/v2\/pages\/287\/revisions"}],"predecessor-version":[{"id":479,"href":"https:\/\/hotel.olfp.fr\/index.php?rest_route=\/wp\/v2\/pages\/287\/revisions\/479"}],"up":[{"embeddable":true,"href":"https:\/\/hotel.olfp.fr\/index.php?rest_route=\/wp\/v2\/pages\/178"}],"wp:attachment":[{"href":"https:\/\/hotel.olfp.fr\/index.php?rest_route=%2Fwp%2Fv2%2Fmedia&parent=287"}],"curies":[{"name":"wp","href":"https:\/\/api.w.org\/{rel}","templated":true}]}}