{"id":290,"date":"2023-05-31T09:13:50","date_gmt":"2023-05-31T07:13:50","guid":{"rendered":"https:\/\/hotel.olfp.fr\/?page_id=290"},"modified":"2023-09-19T09:47:15","modified_gmt":"2023-09-19T07:47:15","slug":"randonnee-vtt","status":"publish","type":"page","link":"https:\/\/hotel.olfp.fr\/?page_id=290","title":{"rendered":"Randonn\u00e9e VTT"},"content":{"rendered":"\n<figure class=\"wp-block-image alignfull size-large\"><img loading=\"lazy\" decoding=\"async\" width=\"1024\" height=\"107\" src=\"https:\/\/hotel.olfp.fr\/wp-content\/uploads\/2023\/05\/banniere-hotel-olfp-resize3-1024x107.jpg\" alt=\"\" class=\"wp-image-176\" srcset=\"https:\/\/hotel.olfp.fr\/wp-content\/uploads\/2023\/05\/banniere-hotel-olfp-resize3-1024x107.jpg 1024w, https:\/\/hotel.olfp.fr\/wp-content\/uploads\/2023\/05\/banniere-hotel-olfp-resize3-300x31.jpg 300w, https:\/\/hotel.olfp.fr\/wp-content\/uploads\/2023\/05\/banniere-hotel-olfp-resize3-768x80.jpg 768w, https:\/\/hotel.olfp.fr\/wp-content\/uploads\/2023\/05\/banniere-hotel-olfp-resize3.jpg 1475w\" sizes=\"auto, (max-width: 1024px) 100vw, 1024px\" \/><\/figure>\n\n\n\n<figure class=\"wp-block-image alignfull size-full\"><img loading=\"lazy\" decoding=\"async\" width=\"1000\" height=\"25\" src=\"https:\/\/hotel.olfp.fr\/wp-content\/uploads\/2023\/09\/bande-noire-1000x25-1.jpg\" alt=\"\" class=\"wp-image-469\" srcset=\"https:\/\/hotel.olfp.fr\/wp-content\/uploads\/2023\/09\/bande-noire-1000x25-1.jpg 1000w, https:\/\/hotel.olfp.fr\/wp-content\/uploads\/2023\/09\/bande-noire-1000x25-1-300x8.jpg 300w, https:\/\/hotel.olfp.fr\/wp-content\/uploads\/2023\/09\/bande-noire-1000x25-1-768x19.jpg 768w\" sizes=\"auto, (max-width: 1000px) 100vw, 1000px\" \/><\/figure>\n\n\n\n<h1 class=\"wp-block-heading has-text-align-center\">Randonn\u00e9es VTT<\/h1>\n\n\n\n<figure class=\"wp-block-image alignwide size-full\"><img loading=\"lazy\" decoding=\"async\" width=\"800\" height=\"600\" src=\"https:\/\/hotel.olfp.fr\/wp-content\/uploads\/2023\/05\/vtt-resize.jpg\" alt=\"\" class=\"wp-image-209\" srcset=\"https:\/\/hotel.olfp.fr\/wp-content\/uploads\/2023\/05\/vtt-resize.jpg 800w, https:\/\/hotel.olfp.fr\/wp-content\/uploads\/2023\/05\/vtt-resize-300x225.jpg 300w, https:\/\/hotel.olfp.fr\/wp-content\/uploads\/2023\/05\/vtt-resize-768x576.jpg 768w\" sizes=\"auto, (max-width: 800px) 100vw, 800px\" \/><\/figure>\n\n\n\n<p>Que vous soyez un amateur de VTT chevronn\u00e9 ou que vous souhaitiez simplement profiter de la nature, notre activit\u00e9 de VTT est faite pour vous. Nous offrons des itin\u00e9raires vari\u00e9s adapt\u00e9s \u00e0 tous les niveaux de comp\u00e9tence. Que vous souhaitiez explorer la campagne environnante ou d\u00e9fier les sentiers de montagne, nous avons une vari\u00e9t\u00e9 de parcours pour r\u00e9pondre \u00e0 vos besoins.<\/p>\n\n\n\n<p>Nos VTT sont de qualit\u00e9 sup\u00e9rieure et bien entretenus pour vous garantir une exp\u00e9rience de conduite agr\u00e9able et s\u00e9curis\u00e9e. Nous fournissons \u00e9galement des casques de protection et des accessoires pour vous assurer une exp\u00e9rience de conduite en toute s\u00e9curit\u00e9.<\/p>\n\n\n\n<p>Pour ceux qui recherchent une exp\u00e9rience plus compl\u00e8te, nous proposons des forfaits incluant des visites guid\u00e9es avec des guides professionnels qui vous montreront les meilleurs endroits pour rouler. Vous pourrez ainsi d\u00e9couvrir la beaut\u00e9 de la r\u00e9gion tout en faisant du sport.<\/p>\n\n\n\n<p>Que vous soyez un novice ou un cycliste exp\u00e9riment\u00e9, notre activit\u00e9 de VTT vous procurera des sensations fortes tout en vous permettant de d\u00e9couvrir les magnifiques paysages de notre r\u00e9gion. R\u00e9servez d\u00e8s maintenant votre VTT et pr\u00e9parez-vous \u00e0 vivre une exp\u00e9rience de conduite inoubliable !<\/p>\n","protected":false},"excerpt":{"rendered":"<p>Randonn\u00e9es VTT Que vous soyez un amateur de VTT chevronn\u00e9 ou que vous souhaitiez simplement profiter de la nature, notre activit\u00e9 de VTT est faite pour vous. Nous offrons des itin\u00e9raires vari\u00e9s adapt\u00e9s \u00e0 tous les niveaux de comp\u00e9tence. Que vous souhaitiez explorer la campagne environnante ou d\u00e9fier les sentiers de montagne, nous avons une &hellip;<\/p>\n<p class=\"read-more\"> <a class=\"\" href=\"https:\/\/hotel.olfp.fr\/?page_id=290\"> <span class=\"screen-reader-text\">Randonn\u00e9e VTT<\/span> Lire la suite\u00a0\u00bb<\/a><\/p>\n","protected":false},"author":2,"featured_media":0,"parent":178,"menu_order":0,"comment_status":"closed","ping_status":"closed","template":"","meta":{"site-sidebar-layout":"default","site-content-layout":"default","ast-global-header-display":"","ast-main-header-display":"","ast-hfb-above-header-display":"","ast-hfb-below-header-display":"","ast-hfb-mobile-header-display":"","site-post-title":"disabled","ast-breadcrumbs-content":"","ast-featured-img":"","footer-sml-layout":"","theme-transparent-header-meta":"","adv-header-id-meta":"","stick-header-meta":"","header-above-stick-meta":"","header-main-stick-meta":"","header-below-stick-meta":"","footnotes":""},"class_list":["post-290","page","type-page","status-publish","hentry"],"_links":{"self":[{"href":"https:\/\/hotel.olfp.fr\/index.php?rest_route=\/wp\/v2\/pages\/290","targetHints":{"allow":["GET"]}}],"collection":[{"href":"https:\/\/hotel.olfp.fr\/index.php?rest_route=\/wp\/v2\/pages"}],"about":[{"href":"https:\/\/hotel.olfp.fr\/index.php?rest_route=\/wp\/v2\/types\/page"}],"author":[{"embeddable":true,"href":"https:\/\/hotel.olfp.fr\/index.php?rest_route=\/wp\/v2\/users\/2"}],"replies":[{"embeddable":true,"href":"https:\/\/hotel.olfp.fr\/index.php?rest_route=%2Fwp%2Fv2%2Fcomments&post=290"}],"version-history":[{"count":3,"href":"https:\/\/hotel.olfp.fr\/index.php?rest_route=\/wp\/v2\/pages\/290\/revisions"}],"predecessor-version":[{"id":480,"href":"https:\/\/hotel.olfp.fr\/index.php?rest_route=\/wp\/v2\/pages\/290\/revisions\/480"}],"up":[{"embeddable":true,"href":"https:\/\/hotel.olfp.fr\/index.php?rest_route=\/wp\/v2\/pages\/178"}],"wp:attachment":[{"href":"https:\/\/hotel.olfp.fr\/index.php?rest_route=%2Fwp%2Fv2%2Fmedia&parent=290"}],"curies":[{"name":"wp","href":"https:\/\/api.w.org\/{rel}","templated":true}]}}