{"id":294,"date":"2023-05-31T09:17:59","date_gmt":"2023-05-31T07:17:59","guid":{"rendered":"https:\/\/hotel.olfp.fr\/?page_id=294"},"modified":"2023-09-19T09:47:58","modified_gmt":"2023-09-19T07:47:58","slug":"golf","status":"publish","type":"page","link":"https:\/\/hotel.olfp.fr\/?page_id=294","title":{"rendered":"Golf"},"content":{"rendered":"\n<figure class=\"wp-block-image alignfull size-large\"><img loading=\"lazy\" decoding=\"async\" width=\"1024\" height=\"107\" src=\"https:\/\/hotel.olfp.fr\/wp-content\/uploads\/2023\/05\/banniere-hotel-olfp-resize3-1024x107.jpg\" alt=\"\" class=\"wp-image-176\" srcset=\"https:\/\/hotel.olfp.fr\/wp-content\/uploads\/2023\/05\/banniere-hotel-olfp-resize3-1024x107.jpg 1024w, https:\/\/hotel.olfp.fr\/wp-content\/uploads\/2023\/05\/banniere-hotel-olfp-resize3-300x31.jpg 300w, https:\/\/hotel.olfp.fr\/wp-content\/uploads\/2023\/05\/banniere-hotel-olfp-resize3-768x80.jpg 768w, https:\/\/hotel.olfp.fr\/wp-content\/uploads\/2023\/05\/banniere-hotel-olfp-resize3.jpg 1475w\" sizes=\"auto, (max-width: 1024px) 100vw, 1024px\" \/><\/figure>\n\n\n\n<figure class=\"wp-block-image alignfull size-full\"><img loading=\"lazy\" decoding=\"async\" width=\"1000\" height=\"25\" src=\"https:\/\/hotel.olfp.fr\/wp-content\/uploads\/2023\/09\/bande-noire-1000x25-1.jpg\" alt=\"\" class=\"wp-image-469\" srcset=\"https:\/\/hotel.olfp.fr\/wp-content\/uploads\/2023\/09\/bande-noire-1000x25-1.jpg 1000w, https:\/\/hotel.olfp.fr\/wp-content\/uploads\/2023\/09\/bande-noire-1000x25-1-300x8.jpg 300w, https:\/\/hotel.olfp.fr\/wp-content\/uploads\/2023\/09\/bande-noire-1000x25-1-768x19.jpg 768w\" sizes=\"auto, (max-width: 1000px) 100vw, 1000px\" \/><\/figure>\n\n\n\n<h1 class=\"wp-block-heading has-text-align-center\">Le parcours de golf<\/h1>\n\n\n\n<figure class=\"wp-block-image alignwide size-full\"><img loading=\"lazy\" decoding=\"async\" width=\"800\" height=\"600\" src=\"https:\/\/hotel.olfp.fr\/wp-content\/uploads\/2023\/05\/golf-resize.jpg\" alt=\"\" class=\"wp-image-212\" srcset=\"https:\/\/hotel.olfp.fr\/wp-content\/uploads\/2023\/05\/golf-resize.jpg 800w, https:\/\/hotel.olfp.fr\/wp-content\/uploads\/2023\/05\/golf-resize-300x225.jpg 300w, https:\/\/hotel.olfp.fr\/wp-content\/uploads\/2023\/05\/golf-resize-768x576.jpg 768w\" sizes=\"auto, (max-width: 800px) 100vw, 800px\" \/><\/figure>\n\n\n\n<p>Notre h\u00f4tel est fier de proposer une activit\u00e9 sportive exceptionnelle \u00e0 tous nos clients amateurs de golf. Nous avons \u00e9tabli un partenariat avec une soci\u00e9t\u00e9 locale qui poss\u00e8de un terrain de golf situ\u00e9 \u00e0 seulement 5 km de notre \u00e9tablissement. Gr\u00e2ce \u00e0 cet accord commercial, vous pourrez profiter d&rsquo;une exp\u00e9rience de golf inoubliable tout en b\u00e9n\u00e9ficiant des avantages de notre h\u00f4tel.<\/p>\n\n\n\n<p>Le parcours de golf est d&rsquo;une qualit\u00e9 exceptionnelle et offre un cadre naturel magnifique pour vos parties. Que vous soyez d\u00e9butant ou golfeur confirm\u00e9, vous trouverez un d\u00e9fi adapt\u00e9 \u00e0 votre niveau de comp\u00e9tence. Vous pourrez \u00e9galement profiter des installations modernes et confortables mises \u00e0 votre disposition, telles que des \u00e9quipements de location, un club house, un restaurant et un bar.<\/p>\n\n\n\n<p>Notre \u00e9quipe de r\u00e9ception est \u00e0 votre disposition pour organiser votre r\u00e9servation de terrain et vous aider \u00e0 planifier votre journ\u00e9e de golf. Nous pouvons \u00e9galement vous proposer des tarifs pr\u00e9f\u00e9rentiels pour cette activit\u00e9, ainsi que des forfaits qui incluent votre h\u00e9bergement \u00e0 l&rsquo;h\u00f4tel et l&rsquo;acc\u00e8s au parcours.<\/p>\n\n\n\n<p>En somme, nous esp\u00e9rons que vous appr\u00e9cierez cette activit\u00e9 sportive \u00e0 proximit\u00e9 de notre h\u00f4tel et que vous passerez un agr\u00e9able s\u00e9jour chez nous. N&rsquo;h\u00e9sitez pas \u00e0 nous contacter pour plus d&rsquo;informations ou pour r\u00e9server votre partie de golf d\u00e8s maintenant !<\/p>\n","protected":false},"excerpt":{"rendered":"<p>Le parcours de golf Notre h\u00f4tel est fier de proposer une activit\u00e9 sportive exceptionnelle \u00e0 tous nos clients amateurs de golf. Nous avons \u00e9tabli un partenariat avec une soci\u00e9t\u00e9 locale qui poss\u00e8de un terrain de golf situ\u00e9 \u00e0 seulement 5 km de notre \u00e9tablissement. Gr\u00e2ce \u00e0 cet accord commercial, vous pourrez profiter d&rsquo;une exp\u00e9rience de &hellip;<\/p>\n<p class=\"read-more\"> <a class=\"\" href=\"https:\/\/hotel.olfp.fr\/?page_id=294\"> <span class=\"screen-reader-text\">Golf<\/span> Lire la suite\u00a0\u00bb<\/a><\/p>\n","protected":false},"author":2,"featured_media":0,"parent":178,"menu_order":0,"comment_status":"closed","ping_status":"closed","template":"","meta":{"site-sidebar-layout":"default","site-content-layout":"default","ast-global-header-display":"","ast-main-header-display":"","ast-hfb-above-header-display":"","ast-hfb-below-header-display":"","ast-hfb-mobile-header-display":"","site-post-title":"disabled","ast-breadcrumbs-content":"","ast-featured-img":"","footer-sml-layout":"","theme-transparent-header-meta":"","adv-header-id-meta":"","stick-header-meta":"","header-above-stick-meta":"","header-main-stick-meta":"","header-below-stick-meta":"","footnotes":""},"class_list":["post-294","page","type-page","status-publish","hentry"],"_links":{"self":[{"href":"https:\/\/hotel.olfp.fr\/index.php?rest_route=\/wp\/v2\/pages\/294","targetHints":{"allow":["GET"]}}],"collection":[{"href":"https:\/\/hotel.olfp.fr\/index.php?rest_route=\/wp\/v2\/pages"}],"about":[{"href":"https:\/\/hotel.olfp.fr\/index.php?rest_route=\/wp\/v2\/types\/page"}],"author":[{"embeddable":true,"href":"https:\/\/hotel.olfp.fr\/index.php?rest_route=\/wp\/v2\/users\/2"}],"replies":[{"embeddable":true,"href":"https:\/\/hotel.olfp.fr\/index.php?rest_route=%2Fwp%2Fv2%2Fcomments&post=294"}],"version-history":[{"count":2,"href":"https:\/\/hotel.olfp.fr\/index.php?rest_route=\/wp\/v2\/pages\/294\/revisions"}],"predecessor-version":[{"id":481,"href":"https:\/\/hotel.olfp.fr\/index.php?rest_route=\/wp\/v2\/pages\/294\/revisions\/481"}],"up":[{"embeddable":true,"href":"https:\/\/hotel.olfp.fr\/index.php?rest_route=\/wp\/v2\/pages\/178"}],"wp:attachment":[{"href":"https:\/\/hotel.olfp.fr\/index.php?rest_route=%2Fwp%2Fv2%2Fmedia&parent=294"}],"curies":[{"name":"wp","href":"https:\/\/api.w.org\/{rel}","templated":true}]}}