{"id":297,"date":"2023-05-31T09:21:26","date_gmt":"2023-05-31T07:21:26","guid":{"rendered":"https:\/\/hotel.olfp.fr\/?page_id=297"},"modified":"2023-09-19T09:50:17","modified_gmt":"2023-09-19T07:50:17","slug":"randonnee-pedestre","status":"publish","type":"page","link":"https:\/\/hotel.olfp.fr\/?page_id=297","title":{"rendered":"Randonn\u00e9e p\u00e9destre"},"content":{"rendered":"\n<figure class=\"wp-block-image alignfull size-large\"><img loading=\"lazy\" decoding=\"async\" width=\"1024\" height=\"107\" src=\"https:\/\/hotel.olfp.fr\/wp-content\/uploads\/2023\/05\/banniere-hotel-olfp-resize3-1024x107.jpg\" alt=\"\" class=\"wp-image-176\" srcset=\"https:\/\/hotel.olfp.fr\/wp-content\/uploads\/2023\/05\/banniere-hotel-olfp-resize3-1024x107.jpg 1024w, https:\/\/hotel.olfp.fr\/wp-content\/uploads\/2023\/05\/banniere-hotel-olfp-resize3-300x31.jpg 300w, https:\/\/hotel.olfp.fr\/wp-content\/uploads\/2023\/05\/banniere-hotel-olfp-resize3-768x80.jpg 768w, https:\/\/hotel.olfp.fr\/wp-content\/uploads\/2023\/05\/banniere-hotel-olfp-resize3.jpg 1475w\" sizes=\"auto, (max-width: 1024px) 100vw, 1024px\" \/><\/figure>\n\n\n\n<figure class=\"wp-block-image alignfull size-full\"><img loading=\"lazy\" decoding=\"async\" width=\"1000\" height=\"25\" src=\"https:\/\/hotel.olfp.fr\/wp-content\/uploads\/2023\/09\/bande-noire-1000x25-1.jpg\" alt=\"\" class=\"wp-image-469\" srcset=\"https:\/\/hotel.olfp.fr\/wp-content\/uploads\/2023\/09\/bande-noire-1000x25-1.jpg 1000w, https:\/\/hotel.olfp.fr\/wp-content\/uploads\/2023\/09\/bande-noire-1000x25-1-300x8.jpg 300w, https:\/\/hotel.olfp.fr\/wp-content\/uploads\/2023\/09\/bande-noire-1000x25-1-768x19.jpg 768w\" sizes=\"auto, (max-width: 1000px) 100vw, 1000px\" \/><\/figure>\n\n\n\n<h1 class=\"wp-block-heading has-text-align-center\">Randonn\u00e9es p\u00e9destres<\/h1>\n\n\n\n<figure class=\"wp-block-image alignwide size-full\"><img loading=\"lazy\" decoding=\"async\" width=\"800\" height=\"600\" src=\"https:\/\/hotel.olfp.fr\/wp-content\/uploads\/2023\/05\/rando-pedestre-resize.jpg\" alt=\"\" class=\"wp-image-219\" srcset=\"https:\/\/hotel.olfp.fr\/wp-content\/uploads\/2023\/05\/rando-pedestre-resize.jpg 800w, https:\/\/hotel.olfp.fr\/wp-content\/uploads\/2023\/05\/rando-pedestre-resize-300x225.jpg 300w, https:\/\/hotel.olfp.fr\/wp-content\/uploads\/2023\/05\/rando-pedestre-resize-768x576.jpg 768w\" sizes=\"auto, (max-width: 800px) 100vw, 800px\" \/><\/figure>\n\n\n\n<p>Nous sommes ravis de vous proposer une activit\u00e9 incontournable pour les amoureux de la nature lors de votre s\u00e9jour : la randonn\u00e9e p\u00e9destre. Notre r\u00e9gion offre une multitude de sentiers adapt\u00e9s \u00e0 tous les niveaux, pour une d\u00e9couverte de paysages \u00e9poustouflants entre for\u00eats verdoyantes, montagnes majestueuses et lacs cristallins.<strong>&nbsp;<\/strong><\/p>\n\n\n\n<p>Nous mettons \u00e9galement \u00e0 votre disposition des guides locaux exp\u00e9riment\u00e9s qui vous accompagneront pour une exp\u00e9rience de randonn\u00e9e encore plus enrichissante. Ils vous feront d\u00e9couvrir les secrets de la r\u00e9gion et partageront avec vous leur passion pour la nature.<\/p>\n\n\n\n<p>Nous proposons des itin\u00e9raires de randonn\u00e9e vari\u00e9s, allant de quelques heures \u00e0 plusieurs jours, afin de r\u00e9pondre aux attentes de tous nos clients. Les plus sportifs pourront se lancer \u00e0 l&rsquo;assaut des sommets les plus embl\u00e9matiques de la r\u00e9gion, tandis que les amateurs de balades tranquilles pourront fl\u00e2ner le long des rivi\u00e8res et d\u00e9couvrir les villages typiques environnants.<\/p>\n\n\n\n<p>Nous sommes convaincus que la randonn\u00e9e p\u00e9destre sera une exp\u00e9rience unique pour nos clients, et nous sommes heureux de vous proposer cette activit\u00e9 pour d\u00e9couvrir les merveilles de notre r\u00e9gion. R\u00e9servez d\u00e8s maintenant votre s\u00e9jour dans notre h\u00f4tel et pr\u00e9parez-vous \u00e0 vivre des moments inoubliables en pleine nature.<\/p>\n","protected":false},"excerpt":{"rendered":"<p>Randonn\u00e9es p\u00e9destres Nous sommes ravis de vous proposer une activit\u00e9 incontournable pour les amoureux de la nature lors de votre s\u00e9jour : la randonn\u00e9e p\u00e9destre. Notre r\u00e9gion offre une multitude de sentiers adapt\u00e9s \u00e0 tous les niveaux, pour une d\u00e9couverte de paysages \u00e9poustouflants entre for\u00eats verdoyantes, montagnes majestueuses et lacs cristallins.&nbsp; Nous mettons \u00e9galement \u00e0 &hellip;<\/p>\n<p class=\"read-more\"> <a class=\"\" href=\"https:\/\/hotel.olfp.fr\/?page_id=297\"> <span class=\"screen-reader-text\">Randonn\u00e9e p\u00e9destre<\/span> Lire la suite\u00a0\u00bb<\/a><\/p>\n","protected":false},"author":2,"featured_media":0,"parent":178,"menu_order":0,"comment_status":"closed","ping_status":"closed","template":"","meta":{"site-sidebar-layout":"default","site-content-layout":"default","ast-global-header-display":"","ast-main-header-display":"","ast-hfb-above-header-display":"","ast-hfb-below-header-display":"","ast-hfb-mobile-header-display":"","site-post-title":"disabled","ast-breadcrumbs-content":"","ast-featured-img":"","footer-sml-layout":"","theme-transparent-header-meta":"","adv-header-id-meta":"","stick-header-meta":"","header-above-stick-meta":"","header-main-stick-meta":"","header-below-stick-meta":"","footnotes":""},"class_list":["post-297","page","type-page","status-publish","hentry"],"_links":{"self":[{"href":"https:\/\/hotel.olfp.fr\/index.php?rest_route=\/wp\/v2\/pages\/297","targetHints":{"allow":["GET"]}}],"collection":[{"href":"https:\/\/hotel.olfp.fr\/index.php?rest_route=\/wp\/v2\/pages"}],"about":[{"href":"https:\/\/hotel.olfp.fr\/index.php?rest_route=\/wp\/v2\/types\/page"}],"author":[{"embeddable":true,"href":"https:\/\/hotel.olfp.fr\/index.php?rest_route=\/wp\/v2\/users\/2"}],"replies":[{"embeddable":true,"href":"https:\/\/hotel.olfp.fr\/index.php?rest_route=%2Fwp%2Fv2%2Fcomments&post=297"}],"version-history":[{"count":2,"href":"https:\/\/hotel.olfp.fr\/index.php?rest_route=\/wp\/v2\/pages\/297\/revisions"}],"predecessor-version":[{"id":483,"href":"https:\/\/hotel.olfp.fr\/index.php?rest_route=\/wp\/v2\/pages\/297\/revisions\/483"}],"up":[{"embeddable":true,"href":"https:\/\/hotel.olfp.fr\/index.php?rest_route=\/wp\/v2\/pages\/178"}],"wp:attachment":[{"href":"https:\/\/hotel.olfp.fr\/index.php?rest_route=%2Fwp%2Fv2%2Fmedia&parent=297"}],"curies":[{"name":"wp","href":"https:\/\/api.w.org\/{rel}","templated":true}]}}