{"id":303,"date":"2023-05-31T09:30:29","date_gmt":"2023-05-31T07:30:29","guid":{"rendered":"https:\/\/hotel.olfp.fr\/?page_id=303"},"modified":"2023-09-19T09:52:10","modified_gmt":"2023-09-19T07:52:10","slug":"balade-equestre","status":"publish","type":"page","link":"https:\/\/hotel.olfp.fr\/?page_id=303","title":{"rendered":"Balade \u00e9questre"},"content":{"rendered":"\n<figure class=\"wp-block-image alignfull size-large\"><img loading=\"lazy\" decoding=\"async\" width=\"1024\" height=\"107\" src=\"https:\/\/hotel.olfp.fr\/wp-content\/uploads\/2023\/05\/banniere-hotel-olfp-resize3-1024x107.jpg\" alt=\"\" class=\"wp-image-176\" srcset=\"https:\/\/hotel.olfp.fr\/wp-content\/uploads\/2023\/05\/banniere-hotel-olfp-resize3-1024x107.jpg 1024w, https:\/\/hotel.olfp.fr\/wp-content\/uploads\/2023\/05\/banniere-hotel-olfp-resize3-300x31.jpg 300w, https:\/\/hotel.olfp.fr\/wp-content\/uploads\/2023\/05\/banniere-hotel-olfp-resize3-768x80.jpg 768w, https:\/\/hotel.olfp.fr\/wp-content\/uploads\/2023\/05\/banniere-hotel-olfp-resize3.jpg 1475w\" sizes=\"auto, (max-width: 1024px) 100vw, 1024px\" \/><\/figure>\n\n\n\n<figure class=\"wp-block-image alignfull size-full\"><img loading=\"lazy\" decoding=\"async\" width=\"1000\" height=\"25\" src=\"https:\/\/hotel.olfp.fr\/wp-content\/uploads\/2023\/09\/bande-noire-1000x25-1.jpg\" alt=\"\" class=\"wp-image-469\" srcset=\"https:\/\/hotel.olfp.fr\/wp-content\/uploads\/2023\/09\/bande-noire-1000x25-1.jpg 1000w, https:\/\/hotel.olfp.fr\/wp-content\/uploads\/2023\/09\/bande-noire-1000x25-1-300x8.jpg 300w, https:\/\/hotel.olfp.fr\/wp-content\/uploads\/2023\/09\/bande-noire-1000x25-1-768x19.jpg 768w\" sizes=\"auto, (max-width: 1000px) 100vw, 1000px\" \/><\/figure>\n\n\n\n<h1 class=\"wp-block-heading has-text-align-center\">Balades \u00e9questres<\/h1>\n\n\n\n<figure class=\"wp-block-image alignwide size-full\"><img loading=\"lazy\" decoding=\"async\" width=\"800\" height=\"600\" src=\"https:\/\/hotel.olfp.fr\/wp-content\/uploads\/2023\/05\/ballade-equestre-resize.jpg\" alt=\"\" class=\"wp-image-218\" srcset=\"https:\/\/hotel.olfp.fr\/wp-content\/uploads\/2023\/05\/ballade-equestre-resize.jpg 800w, https:\/\/hotel.olfp.fr\/wp-content\/uploads\/2023\/05\/ballade-equestre-resize-300x225.jpg 300w, https:\/\/hotel.olfp.fr\/wp-content\/uploads\/2023\/05\/ballade-equestre-resize-768x576.jpg 768w\" sizes=\"auto, (max-width: 800px) 100vw, 800px\" \/><\/figure>\n\n\n\n<p>Bienvenue dans notre h\u00f4tel de luxe nich\u00e9 au c\u0153ur de la campagne sereine. Nous sommes ravis d&rsquo;offrir \u00e0 nos clients une exp\u00e9rience unique en partenariat avec le centre \u00e9questre r\u00e9put\u00e9 du village voisin. Vous aurez l&rsquo;opportunit\u00e9 de d\u00e9couvrir les plaisirs de l&rsquo;\u00e9quitation lors de magnifiques balades \u00e9questres.<\/p>\n\n\n\n<p>Gr\u00e2ce \u00e0 notre collaboration \u00e9troite avec le centre \u00e9questre, nous vous garantissons des chevaux bien entra\u00een\u00e9s et adapt\u00e9s \u00e0 votre niveau d&rsquo;exp\u00e9rience. Que vous soyez un cavalier chevronn\u00e9 ou que vous souhaitiez simplement vous initier \u00e0 l&rsquo;\u00e9quitation, nos balades sont con\u00e7ues pour satisfaire tous les niveaux.<\/p>\n\n\n\n<p>Vous serez enchant\u00e9 par la beaut\u00e9 naturelle qui vous entoure alors que vous vous promenez le long de sentiers pittoresques. Laissez-vous captiver par des paysages \u00e9poustouflants, des prairies verdoyantes et des for\u00eats luxuriantes. Nos guides exp\u00e9riment\u00e9s vous accompagneront tout au long de votre balade pour garantir votre s\u00e9curit\u00e9 et votre plaisir.<\/p>\n\n\n\n<p>Qu&rsquo;il s&rsquo;agisse d&rsquo;une excursion matinale vivifiante ou d&rsquo;une promenade en fin d&rsquo;apr\u00e8s-midi pour admirer le coucher de soleil, nos balades \u00e9questres offrent une exp\u00e9rience envo\u00fbtante en harmonie avec la nature. Vous pourrez vous d\u00e9tendre et vous reconnecter avec votre moi int\u00e9rieur tout en vous impr\u00e9gnant de l&rsquo;\u00e9nergie tranquille des chevaux majestueux.<\/p>\n\n\n\n<p>Apr\u00e8s votre balade \u00e9questre, retournez \u00e0 notre h\u00f4tel pour vous d\u00e9tendre dans nos installations luxueuses. Profitez d&rsquo;un d\u00e9licieux repas dans notre restaurant gastronomique, laissez-vous dorloter au spa ou tout simplement d\u00e9tendez-vous dans le confort de votre chambre \u00e9l\u00e9gante.<\/p>\n\n\n\n<p>Nous sommes ravis de vous offrir cette exp\u00e9rience unique o\u00f9 le luxe se m\u00eale \u00e0 la nature. Les balades \u00e9questres en partenariat avec le centre \u00e9questre du village voisin sont une occasion exceptionnelle pour nos clients de se reconnecter avec la beaut\u00e9 naturelle de la campagne tout en d\u00e9couvrant l&rsquo;art \u00e9questre. R\u00e9servez d\u00e8s maintenant votre s\u00e9jour chez nous et pr\u00e9parez-vous \u00e0 vivre des moments magiques en compagnie de nos chevaux bien-aim\u00e9s.<\/p>\n","protected":false},"excerpt":{"rendered":"<p>Balades \u00e9questres Bienvenue dans notre h\u00f4tel de luxe nich\u00e9 au c\u0153ur de la campagne sereine. Nous sommes ravis d&rsquo;offrir \u00e0 nos clients une exp\u00e9rience unique en partenariat avec le centre \u00e9questre r\u00e9put\u00e9 du village voisin. Vous aurez l&rsquo;opportunit\u00e9 de d\u00e9couvrir les plaisirs de l&rsquo;\u00e9quitation lors de magnifiques balades \u00e9questres. Gr\u00e2ce \u00e0 notre collaboration \u00e9troite avec &hellip;<\/p>\n<p class=\"read-more\"> <a class=\"\" href=\"https:\/\/hotel.olfp.fr\/?page_id=303\"> <span class=\"screen-reader-text\">Balade \u00e9questre<\/span> Lire la suite\u00a0\u00bb<\/a><\/p>\n","protected":false},"author":2,"featured_media":0,"parent":178,"menu_order":0,"comment_status":"closed","ping_status":"closed","template":"","meta":{"site-sidebar-layout":"default","site-content-layout":"default","ast-global-header-display":"","ast-main-header-display":"","ast-hfb-above-header-display":"","ast-hfb-below-header-display":"","ast-hfb-mobile-header-display":"","site-post-title":"disabled","ast-breadcrumbs-content":"","ast-featured-img":"","footer-sml-layout":"","theme-transparent-header-meta":"","adv-header-id-meta":"","stick-header-meta":"","header-above-stick-meta":"","header-main-stick-meta":"","header-below-stick-meta":"","footnotes":""},"class_list":["post-303","page","type-page","status-publish","hentry"],"_links":{"self":[{"href":"https:\/\/hotel.olfp.fr\/index.php?rest_route=\/wp\/v2\/pages\/303","targetHints":{"allow":["GET"]}}],"collection":[{"href":"https:\/\/hotel.olfp.fr\/index.php?rest_route=\/wp\/v2\/pages"}],"about":[{"href":"https:\/\/hotel.olfp.fr\/index.php?rest_route=\/wp\/v2\/types\/page"}],"author":[{"embeddable":true,"href":"https:\/\/hotel.olfp.fr\/index.php?rest_route=\/wp\/v2\/users\/2"}],"replies":[{"embeddable":true,"href":"https:\/\/hotel.olfp.fr\/index.php?rest_route=%2Fwp%2Fv2%2Fcomments&post=303"}],"version-history":[{"count":2,"href":"https:\/\/hotel.olfp.fr\/index.php?rest_route=\/wp\/v2\/pages\/303\/revisions"}],"predecessor-version":[{"id":484,"href":"https:\/\/hotel.olfp.fr\/index.php?rest_route=\/wp\/v2\/pages\/303\/revisions\/484"}],"up":[{"embeddable":true,"href":"https:\/\/hotel.olfp.fr\/index.php?rest_route=\/wp\/v2\/pages\/178"}],"wp:attachment":[{"href":"https:\/\/hotel.olfp.fr\/index.php?rest_route=%2Fwp%2Fv2%2Fmedia&parent=303"}],"curies":[{"name":"wp","href":"https:\/\/api.w.org\/{rel}","templated":true}]}}