{"id":306,"date":"2023-05-31T09:33:30","date_gmt":"2023-05-31T07:33:30","guid":{"rendered":"https:\/\/hotel.olfp.fr\/?page_id=306"},"modified":"2023-09-19T09:54:20","modified_gmt":"2023-09-19T07:54:20","slug":"balade-fluviale","status":"publish","type":"page","link":"https:\/\/hotel.olfp.fr\/?page_id=306","title":{"rendered":"Balade fluviale"},"content":{"rendered":"\n<figure class=\"wp-block-image alignfull size-large\"><img loading=\"lazy\" decoding=\"async\" width=\"1024\" height=\"107\" src=\"https:\/\/hotel.olfp.fr\/wp-content\/uploads\/2023\/05\/banniere-hotel-olfp-resize3-1024x107.jpg\" alt=\"\" class=\"wp-image-176\" srcset=\"https:\/\/hotel.olfp.fr\/wp-content\/uploads\/2023\/05\/banniere-hotel-olfp-resize3-1024x107.jpg 1024w, https:\/\/hotel.olfp.fr\/wp-content\/uploads\/2023\/05\/banniere-hotel-olfp-resize3-300x31.jpg 300w, https:\/\/hotel.olfp.fr\/wp-content\/uploads\/2023\/05\/banniere-hotel-olfp-resize3-768x80.jpg 768w, https:\/\/hotel.olfp.fr\/wp-content\/uploads\/2023\/05\/banniere-hotel-olfp-resize3.jpg 1475w\" sizes=\"auto, (max-width: 1024px) 100vw, 1024px\" \/><\/figure>\n\n\n\n<figure class=\"wp-block-image alignfull size-full\"><img loading=\"lazy\" decoding=\"async\" width=\"1000\" height=\"25\" src=\"https:\/\/hotel.olfp.fr\/wp-content\/uploads\/2023\/09\/bande-noire-1000x25-1.jpg\" alt=\"\" class=\"wp-image-469\" srcset=\"https:\/\/hotel.olfp.fr\/wp-content\/uploads\/2023\/09\/bande-noire-1000x25-1.jpg 1000w, https:\/\/hotel.olfp.fr\/wp-content\/uploads\/2023\/09\/bande-noire-1000x25-1-300x8.jpg 300w, https:\/\/hotel.olfp.fr\/wp-content\/uploads\/2023\/09\/bande-noire-1000x25-1-768x19.jpg 768w\" sizes=\"auto, (max-width: 1000px) 100vw, 1000px\" \/><\/figure>\n\n\n\n<h1 class=\"wp-block-heading has-text-align-center\">Balades fluviales<\/h1>\n\n\n\n<figure class=\"wp-block-image alignwide size-full\"><img loading=\"lazy\" decoding=\"async\" width=\"800\" height=\"600\" src=\"https:\/\/hotel.olfp.fr\/wp-content\/uploads\/2023\/05\/ballade-fluviale-resize.jpg\" alt=\"\" class=\"wp-image-217\" srcset=\"https:\/\/hotel.olfp.fr\/wp-content\/uploads\/2023\/05\/ballade-fluviale-resize.jpg 800w, https:\/\/hotel.olfp.fr\/wp-content\/uploads\/2023\/05\/ballade-fluviale-resize-300x225.jpg 300w, https:\/\/hotel.olfp.fr\/wp-content\/uploads\/2023\/05\/ballade-fluviale-resize-768x576.jpg 768w\" sizes=\"auto, (max-width: 800px) 100vw, 800px\" \/><\/figure>\n\n\n\n<p>D\u00e9couvrez les merveilles des voies navigables avec notre incroyable activit\u00e9 de location de bateau pour des randonn\u00e9es fluviales ! Gr\u00e2ce \u00e0 notre partenariat avec une soci\u00e9t\u00e9 sp\u00e9cialis\u00e9e dans les activit\u00e9s nautiques, nous vous offrons une exp\u00e9rience inoubliable au c\u0153ur de paysages \u00e0 couper le souffle.<\/p>\n\n\n\n<p>Que vous soyez novice ou marin chevronn\u00e9, nos bateaux vous promettent confort et s\u00e9curit\u00e9 lors de votre exploration. Profitez de la s\u00e9r\u00e9nit\u00e9 de la nature environnante tout en naviguant le long de rivi\u00e8res majestueuses. Nous proposons \u00e9galement des randonn\u00e9es fluviales guid\u00e9es, accompagn\u00e9es de nos guides exp\u00e9riment\u00e9s, qui partageront avec vous des informations fascinantes sur la r\u00e9gion.<\/p>\n\n\n\n<p>R\u00e9servez d\u00e8s maintenant votre aventure fluviale en contactant notre \u00e9quipe d\u00e9vou\u00e9e \u00e0 la r\u00e9ception. Cr\u00e9ez des souvenirs inoubliables en famille, entre amis ou en couple, et reconnectez-vous avec la nature lors d&rsquo;une escapade qui vous ressourcera.<\/p>\n\n\n\n<p>\u00c0 l&rsquo;H\u00f4tel \u00c9toiles d&rsquo;Eau, nous nous engageons \u00e0 vous offrir un s\u00e9jour exceptionnel, et notre partenariat avec la soci\u00e9t\u00e9 de location de bateau garantit que votre exp\u00e9rience sera tout simplement inoubliable. Contactez-nous d\u00e8s aujourd&rsquo;hui pour r\u00e9server votre prochaine aventure fluviale !<\/p>\n","protected":false},"excerpt":{"rendered":"<p>Balades fluviales D\u00e9couvrez les merveilles des voies navigables avec notre incroyable activit\u00e9 de location de bateau pour des randonn\u00e9es fluviales ! Gr\u00e2ce \u00e0 notre partenariat avec une soci\u00e9t\u00e9 sp\u00e9cialis\u00e9e dans les activit\u00e9s nautiques, nous vous offrons une exp\u00e9rience inoubliable au c\u0153ur de paysages \u00e0 couper le souffle. Que vous soyez novice ou marin chevronn\u00e9, nos &hellip;<\/p>\n<p class=\"read-more\"> <a class=\"\" href=\"https:\/\/hotel.olfp.fr\/?page_id=306\"> <span class=\"screen-reader-text\">Balade fluviale<\/span> Lire la suite\u00a0\u00bb<\/a><\/p>\n","protected":false},"author":2,"featured_media":0,"parent":178,"menu_order":0,"comment_status":"closed","ping_status":"closed","template":"","meta":{"site-sidebar-layout":"default","site-content-layout":"default","ast-global-header-display":"","ast-main-header-display":"","ast-hfb-above-header-display":"","ast-hfb-below-header-display":"","ast-hfb-mobile-header-display":"","site-post-title":"disabled","ast-breadcrumbs-content":"","ast-featured-img":"","footer-sml-layout":"","theme-transparent-header-meta":"","adv-header-id-meta":"","stick-header-meta":"","header-above-stick-meta":"","header-main-stick-meta":"","header-below-stick-meta":"","footnotes":""},"class_list":["post-306","page","type-page","status-publish","hentry"],"_links":{"self":[{"href":"https:\/\/hotel.olfp.fr\/index.php?rest_route=\/wp\/v2\/pages\/306","targetHints":{"allow":["GET"]}}],"collection":[{"href":"https:\/\/hotel.olfp.fr\/index.php?rest_route=\/wp\/v2\/pages"}],"about":[{"href":"https:\/\/hotel.olfp.fr\/index.php?rest_route=\/wp\/v2\/types\/page"}],"author":[{"embeddable":true,"href":"https:\/\/hotel.olfp.fr\/index.php?rest_route=\/wp\/v2\/users\/2"}],"replies":[{"embeddable":true,"href":"https:\/\/hotel.olfp.fr\/index.php?rest_route=%2Fwp%2Fv2%2Fcomments&post=306"}],"version-history":[{"count":2,"href":"https:\/\/hotel.olfp.fr\/index.php?rest_route=\/wp\/v2\/pages\/306\/revisions"}],"predecessor-version":[{"id":485,"href":"https:\/\/hotel.olfp.fr\/index.php?rest_route=\/wp\/v2\/pages\/306\/revisions\/485"}],"up":[{"embeddable":true,"href":"https:\/\/hotel.olfp.fr\/index.php?rest_route=\/wp\/v2\/pages\/178"}],"wp:attachment":[{"href":"https:\/\/hotel.olfp.fr\/index.php?rest_route=%2Fwp%2Fv2%2Fmedia&parent=306"}],"curies":[{"name":"wp","href":"https:\/\/api.w.org\/{rel}","templated":true}]}}