{"id":325,"date":"2023-06-07T11:47:14","date_gmt":"2023-06-07T09:47:14","guid":{"rendered":"https:\/\/hotel.olfp.fr\/?page_id=325"},"modified":"2023-09-19T09:43:00","modified_gmt":"2023-09-19T07:43:00","slug":"services","status":"publish","type":"page","link":"https:\/\/hotel.olfp.fr\/?page_id=325","title":{"rendered":"Services"},"content":{"rendered":"\n<figure class=\"wp-block-image alignfull size-large\"><img loading=\"lazy\" decoding=\"async\" width=\"1024\" height=\"107\" src=\"https:\/\/hotel.olfp.fr\/wp-content\/uploads\/2023\/05\/banniere-hotel-olfp-resize3-1024x107.jpg\" alt=\"\" class=\"wp-image-176\" srcset=\"https:\/\/hotel.olfp.fr\/wp-content\/uploads\/2023\/05\/banniere-hotel-olfp-resize3-1024x107.jpg 1024w, https:\/\/hotel.olfp.fr\/wp-content\/uploads\/2023\/05\/banniere-hotel-olfp-resize3-300x31.jpg 300w, https:\/\/hotel.olfp.fr\/wp-content\/uploads\/2023\/05\/banniere-hotel-olfp-resize3-768x80.jpg 768w, https:\/\/hotel.olfp.fr\/wp-content\/uploads\/2023\/05\/banniere-hotel-olfp-resize3.jpg 1475w\" sizes=\"auto, (max-width: 1024px) 100vw, 1024px\" \/><\/figure>\n\n\n\n<figure class=\"wp-block-image alignfull size-full\"><img loading=\"lazy\" decoding=\"async\" width=\"1000\" height=\"25\" src=\"https:\/\/hotel.olfp.fr\/wp-content\/uploads\/2023\/09\/bande-noire-1000x25-1.jpg\" alt=\"\" class=\"wp-image-469\" srcset=\"https:\/\/hotel.olfp.fr\/wp-content\/uploads\/2023\/09\/bande-noire-1000x25-1.jpg 1000w, https:\/\/hotel.olfp.fr\/wp-content\/uploads\/2023\/09\/bande-noire-1000x25-1-300x8.jpg 300w, https:\/\/hotel.olfp.fr\/wp-content\/uploads\/2023\/09\/bande-noire-1000x25-1-768x19.jpg 768w\" sizes=\"auto, (max-width: 1000px) 100vw, 1000px\" \/><\/figure>\n\n\n\n<h1 class=\"wp-block-heading has-text-align-center\">Nos services<\/h1>\n\n\n\n<p><p align=\"justify\">Au sein de notre h\u00f4tel, nous mettons \u00e0 votre disposition une multitude de services soigneusement con\u00e7us dans le but de vous offrir une exp\u00e9rience inoubliable, sans le moindre souci. Notre objectif est de vous offrir un niveau de confort exceptionnel et de prendre soin de chaque d\u00e9tail pour que vous puissiez profiter pleinement de votre s\u00e9jour parmi nous.<\/p><\/p>\n\n\n\n<div class=\"wp-block-columns is-layout-flex wp-container-core-columns-is-layout-28f84493 wp-block-columns-is-layout-flex\">\n<div class=\"wp-block-column is-layout-flow wp-block-column-is-layout-flow\" style=\"padding-top:0;padding-right:0;padding-bottom:0;padding-left:0\">\n<figure class=\"wp-block-image size-full has-custom-border\"><a href=\"https:\/\/hotel.olfp.fr\/?page_id=344\"><img loading=\"lazy\" decoding=\"async\" width=\"800\" height=\"600\" src=\"https:\/\/hotel.olfp.fr\/wp-content\/uploads\/2023\/06\/accueil.jpg\" alt=\"\" class=\"wp-image-326\" style=\"border-radius:20px\" srcset=\"https:\/\/hotel.olfp.fr\/wp-content\/uploads\/2023\/06\/accueil.jpg 800w, https:\/\/hotel.olfp.fr\/wp-content\/uploads\/2023\/06\/accueil-300x225.jpg 300w, https:\/\/hotel.olfp.fr\/wp-content\/uploads\/2023\/06\/accueil-768x576.jpg 768w\" sizes=\"auto, (max-width: 800px) 100vw, 800px\" \/><\/a><figcaption class=\"wp-element-caption\">R\u00e9ception<\/figcaption><\/figure>\n\n\n\n<p class=\"has-text-align-center\"><a href=\"https:\/\/hotel.olfp.fr\/?page_id=344\">En savoir plus&#8230;<\/a><\/p>\n\n\n\n<p><\/p>\n<\/div>\n\n\n\n<div class=\"wp-block-column is-layout-flow wp-block-column-is-layout-flow\">\n<figure class=\"wp-block-image size-full is-resized has-custom-border\"><a href=\"https:\/\/hotel.olfp.fr\/?page_id=349\"><img loading=\"lazy\" decoding=\"async\" src=\"https:\/\/hotel.olfp.fr\/wp-content\/uploads\/2023\/06\/voiturier.jpg\" alt=\"\" class=\"wp-image-330\" style=\"border-radius:20px;width:352px;height:264px\" width=\"352\" height=\"264\" srcset=\"https:\/\/hotel.olfp.fr\/wp-content\/uploads\/2023\/06\/voiturier.jpg 800w, https:\/\/hotel.olfp.fr\/wp-content\/uploads\/2023\/06\/voiturier-300x225.jpg 300w, https:\/\/hotel.olfp.fr\/wp-content\/uploads\/2023\/06\/voiturier-768x576.jpg 768w\" sizes=\"auto, (max-width: 352px) 100vw, 352px\" \/><\/a><figcaption class=\"wp-element-caption\"><p align=\"center\">Voiturier<br><br><a href=\"https:\/\/hotel.olfp.fr\/?page_id=349\">En savoir plus&#8230;<\/a><\/p><\/figcaption><\/figure>\n<\/div>\n\n\n\n<div class=\"wp-block-column is-layout-flow wp-block-column-is-layout-flow\">\n<figure class=\"wp-block-image size-full is-resized has-custom-border\"><a href=\"https:\/\/hotel.olfp.fr\/?page_id=353\"><img loading=\"lazy\" decoding=\"async\" src=\"https:\/\/hotel.olfp.fr\/wp-content\/uploads\/2023\/06\/bagagerie.jpg\" alt=\"\" class=\"wp-image-333\" style=\"border-radius:20px;width:352px;height:264px\" width=\"352\" height=\"264\" srcset=\"https:\/\/hotel.olfp.fr\/wp-content\/uploads\/2023\/06\/bagagerie.jpg 800w, https:\/\/hotel.olfp.fr\/wp-content\/uploads\/2023\/06\/bagagerie-300x225.jpg 300w, https:\/\/hotel.olfp.fr\/wp-content\/uploads\/2023\/06\/bagagerie-768x576.jpg 768w\" sizes=\"auto, (max-width: 352px) 100vw, 352px\" \/><\/a><figcaption class=\"wp-element-caption\"><p align=\"center\">Service bagagerie<br><br><a href=\"https:\/\/hotel.olfp.fr\/?page_id=353\">En savoir plus&#8230;<\/a><\/p><\/figcaption><\/figure>\n<\/div>\n<\/div>\n\n\n\n<div class=\"wp-block-columns is-layout-flex wp-container-core-columns-is-layout-28f84493 wp-block-columns-is-layout-flex\">\n<div class=\"wp-block-column is-layout-flow wp-block-column-is-layout-flow\">\n<figure class=\"wp-block-image size-full is-resized has-custom-border\"><a href=\"https:\/\/hotel.olfp.fr\/?page_id=367\"><img loading=\"lazy\" decoding=\"async\" src=\"https:\/\/hotel.olfp.fr\/wp-content\/uploads\/2023\/06\/room-service.jpg\" alt=\"\" class=\"wp-image-335\" style=\"border-radius:20px;width:352px;height:264px\" width=\"352\" height=\"264\" srcset=\"https:\/\/hotel.olfp.fr\/wp-content\/uploads\/2023\/06\/room-service.jpg 800w, https:\/\/hotel.olfp.fr\/wp-content\/uploads\/2023\/06\/room-service-300x225.jpg 300w, https:\/\/hotel.olfp.fr\/wp-content\/uploads\/2023\/06\/room-service-768x576.jpg 768w\" sizes=\"auto, (max-width: 352px) 100vw, 352px\" \/><\/a><figcaption class=\"wp-element-caption\"><p align=\"center\">Room service<\/p><\/figcaption><\/figure>\n\n\n\n<p class=\"has-text-align-center\"><a href=\"https:\/\/hotel.olfp.fr\/?page_id=367\">En savoir plus&#8230;<\/a><\/p>\n<\/div>\n\n\n\n<div class=\"wp-block-column is-layout-flow wp-block-column-is-layout-flow\">\n<figure class=\"wp-block-image size-full has-custom-border\"><a href=\"https:\/\/hotel.olfp.fr\/?page_id=373\"><img loading=\"lazy\" decoding=\"async\" width=\"800\" height=\"600\" src=\"https:\/\/hotel.olfp.fr\/wp-content\/uploads\/2023\/06\/Pressing.jpg\" alt=\"\" class=\"wp-image-336\" style=\"border-radius:20px\" srcset=\"https:\/\/hotel.olfp.fr\/wp-content\/uploads\/2023\/06\/Pressing.jpg 800w, https:\/\/hotel.olfp.fr\/wp-content\/uploads\/2023\/06\/Pressing-300x225.jpg 300w, https:\/\/hotel.olfp.fr\/wp-content\/uploads\/2023\/06\/Pressing-768x576.jpg 768w\" sizes=\"auto, (max-width: 800px) 100vw, 800px\" \/><\/a><figcaption class=\"wp-element-caption\"><p align=\"center\">Pressing<\/p><\/figcaption><\/figure>\n\n\n\n<p class=\"has-text-align-center\"><a href=\"https:\/\/hotel.olfp.fr\/?page_id=373\">En savoir plus&#8230;<\/a><\/p>\n<\/div>\n\n\n\n<div class=\"wp-block-column is-layout-flow wp-block-column-is-layout-flow\">\n<figure class=\"wp-block-image size-full has-custom-border\"><a href=\"https:\/\/hotel.olfp.fr\/?page_id=377\"><img loading=\"lazy\" decoding=\"async\" width=\"800\" height=\"600\" src=\"https:\/\/hotel.olfp.fr\/wp-content\/uploads\/2023\/06\/Salle-de-conference.jpg\" alt=\"\" class=\"wp-image-337\" style=\"border-radius:20px\" srcset=\"https:\/\/hotel.olfp.fr\/wp-content\/uploads\/2023\/06\/Salle-de-conference.jpg 800w, https:\/\/hotel.olfp.fr\/wp-content\/uploads\/2023\/06\/Salle-de-conference-300x225.jpg 300w, https:\/\/hotel.olfp.fr\/wp-content\/uploads\/2023\/06\/Salle-de-conference-768x576.jpg 768w\" sizes=\"auto, (max-width: 800px) 100vw, 800px\" \/><\/a><figcaption class=\"wp-element-caption\"><p align=\"center\">Salle de conf\u00e9rence<\/p><\/figcaption><\/figure>\n\n\n\n<p class=\"has-text-align-center\"><a href=\"http:\/\/hotel.olfp.fr\/?page_id=377\">En savoir plus&#8230;<\/a><\/p>\n<\/div>\n<\/div>\n","protected":false},"excerpt":{"rendered":"<p>Nos services Au sein de notre h\u00f4tel, nous mettons \u00e0 votre disposition une multitude de services soigneusement con\u00e7us dans le but de vous offrir une exp\u00e9rience inoubliable, sans le moindre souci. Notre objectif est de vous offrir un niveau de confort exceptionnel et de prendre soin de chaque d\u00e9tail pour que vous puissiez profiter pleinement &hellip;<\/p>\n<p class=\"read-more\"> <a class=\"\" href=\"https:\/\/hotel.olfp.fr\/?page_id=325\"> <span class=\"screen-reader-text\">Services<\/span> Lire la suite\u00a0\u00bb<\/a><\/p>\n","protected":false},"author":2,"featured_media":0,"parent":0,"menu_order":0,"comment_status":"closed","ping_status":"closed","template":"","meta":{"site-sidebar-layout":"default","site-content-layout":"default","ast-global-header-display":"","ast-main-header-display":"","ast-hfb-above-header-display":"","ast-hfb-below-header-display":"","ast-hfb-mobile-header-display":"","site-post-title":"disabled","ast-breadcrumbs-content":"","ast-featured-img":"","footer-sml-layout":"","theme-transparent-header-meta":"","adv-header-id-meta":"","stick-header-meta":"","header-above-stick-meta":"","header-main-stick-meta":"","header-below-stick-meta":"","footnotes":""},"class_list":["post-325","page","type-page","status-publish","hentry"],"_links":{"self":[{"href":"https:\/\/hotel.olfp.fr\/index.php?rest_route=\/wp\/v2\/pages\/325","targetHints":{"allow":["GET"]}}],"collection":[{"href":"https:\/\/hotel.olfp.fr\/index.php?rest_route=\/wp\/v2\/pages"}],"about":[{"href":"https:\/\/hotel.olfp.fr\/index.php?rest_route=\/wp\/v2\/types\/page"}],"author":[{"embeddable":true,"href":"https:\/\/hotel.olfp.fr\/index.php?rest_route=\/wp\/v2\/users\/2"}],"replies":[{"embeddable":true,"href":"https:\/\/hotel.olfp.fr\/index.php?rest_route=%2Fwp%2Fv2%2Fcomments&post=325"}],"version-history":[{"count":19,"href":"https:\/\/hotel.olfp.fr\/index.php?rest_route=\/wp\/v2\/pages\/325\/revisions"}],"predecessor-version":[{"id":475,"href":"https:\/\/hotel.olfp.fr\/index.php?rest_route=\/wp\/v2\/pages\/325\/revisions\/475"}],"wp:attachment":[{"href":"https:\/\/hotel.olfp.fr\/index.php?rest_route=%2Fwp%2Fv2%2Fmedia&parent=325"}],"curies":[{"name":"wp","href":"https:\/\/api.w.org\/{rel}","templated":true}]}}