{"id":344,"date":"2023-06-07T13:43:00","date_gmt":"2023-06-07T11:43:00","guid":{"rendered":"https:\/\/hotel.olfp.fr\/?page_id=344"},"modified":"2023-09-19T09:55:20","modified_gmt":"2023-09-19T07:55:20","slug":"reception","status":"publish","type":"page","link":"https:\/\/hotel.olfp.fr\/?page_id=344","title":{"rendered":"R\u00e9ception"},"content":{"rendered":"\n<figure class=\"wp-block-image alignfull size-large\"><img loading=\"lazy\" decoding=\"async\" width=\"1024\" height=\"107\" src=\"https:\/\/hotel.olfp.fr\/wp-content\/uploads\/2023\/05\/banniere-hotel-olfp-resize3-1024x107.jpg\" alt=\"\" class=\"wp-image-176\" srcset=\"https:\/\/hotel.olfp.fr\/wp-content\/uploads\/2023\/05\/banniere-hotel-olfp-resize3-1024x107.jpg 1024w, https:\/\/hotel.olfp.fr\/wp-content\/uploads\/2023\/05\/banniere-hotel-olfp-resize3-300x31.jpg 300w, https:\/\/hotel.olfp.fr\/wp-content\/uploads\/2023\/05\/banniere-hotel-olfp-resize3-768x80.jpg 768w, https:\/\/hotel.olfp.fr\/wp-content\/uploads\/2023\/05\/banniere-hotel-olfp-resize3.jpg 1475w\" sizes=\"auto, (max-width: 1024px) 100vw, 1024px\" \/><\/figure>\n\n\n\n<figure class=\"wp-block-image alignfull size-full\"><img loading=\"lazy\" decoding=\"async\" width=\"1000\" height=\"25\" src=\"https:\/\/hotel.olfp.fr\/wp-content\/uploads\/2023\/09\/bande-noire-1000x25-1.jpg\" alt=\"\" class=\"wp-image-469\" srcset=\"https:\/\/hotel.olfp.fr\/wp-content\/uploads\/2023\/09\/bande-noire-1000x25-1.jpg 1000w, https:\/\/hotel.olfp.fr\/wp-content\/uploads\/2023\/09\/bande-noire-1000x25-1-300x8.jpg 300w, https:\/\/hotel.olfp.fr\/wp-content\/uploads\/2023\/09\/bande-noire-1000x25-1-768x19.jpg 768w\" sizes=\"auto, (max-width: 1000px) 100vw, 1000px\" \/><\/figure>\n\n\n\n<h1 class=\"wp-block-heading has-text-align-center\">R\u00e9ception<\/h1>\n\n\n\n<figure class=\"wp-block-image alignwide size-full\"><img loading=\"lazy\" decoding=\"async\" width=\"800\" height=\"600\" src=\"https:\/\/hotel.olfp.fr\/wp-content\/uploads\/2023\/06\/accueil.jpg\" alt=\"\" class=\"wp-image-326\" srcset=\"https:\/\/hotel.olfp.fr\/wp-content\/uploads\/2023\/06\/accueil.jpg 800w, https:\/\/hotel.olfp.fr\/wp-content\/uploads\/2023\/06\/accueil-300x225.jpg 300w, https:\/\/hotel.olfp.fr\/wp-content\/uploads\/2023\/06\/accueil-768x576.jpg 768w\" sizes=\"auto, (max-width: 800px) 100vw, 800px\" \/><\/figure>\n\n\n\n<p>Pour garantir votre tranquillit\u00e9 d&rsquo;esprit \u00e0 chaque instant de votre s\u00e9jour, nous mettons \u00e0 votre disposition notre assistance 24 heures sur 24. Notre \u00e9quipe d\u00e9vou\u00e9e et professionnelle est pr\u00e9sente pour r\u00e9pondre \u00e0 tous vos besoins, qu&rsquo;ils soient grands ou petits, de jour comme de nuit. Que vous ayez besoin d&rsquo;un renseignement, d&rsquo;une recommandation ou d&rsquo;une quelconque assistance, nous sommes l\u00e0 pour vous aider, toujours avec le sourire.<\/p>\n\n\n\n<p>Que vous souhaitiez r\u00e9server une table dans un restaurant, commander un service en chambre, organiser un transfert ou obtenir des informations sur les attractions locales, notre personnel comp\u00e9tent est disponible \u00e0 toute heure pour vous offrir une assistance personnalis\u00e9e. Nous comprenons que chaque client est unique, et nous nous engageons \u00e0 vous offrir un service sur mesure pour rendre votre s\u00e9jour des plus agr\u00e9ables.<\/p>\n\n\n\n<p>R\u00e9servez d\u00e8s maintenant et laissez-nous vous offrir un s\u00e9jour inoubliable avec notre assistance 24\/24h.<\/p>\n","protected":false},"excerpt":{"rendered":"<p>R\u00e9ception Pour garantir votre tranquillit\u00e9 d&rsquo;esprit \u00e0 chaque instant de votre s\u00e9jour, nous mettons \u00e0 votre disposition notre assistance 24 heures sur 24. Notre \u00e9quipe d\u00e9vou\u00e9e et professionnelle est pr\u00e9sente pour r\u00e9pondre \u00e0 tous vos besoins, qu&rsquo;ils soient grands ou petits, de jour comme de nuit. Que vous ayez besoin d&rsquo;un renseignement, d&rsquo;une recommandation ou &hellip;<\/p>\n<p class=\"read-more\"> <a class=\"\" href=\"https:\/\/hotel.olfp.fr\/?page_id=344\"> <span class=\"screen-reader-text\">R\u00e9ception<\/span> Lire la suite\u00a0\u00bb<\/a><\/p>\n","protected":false},"author":2,"featured_media":0,"parent":325,"menu_order":0,"comment_status":"closed","ping_status":"closed","template":"","meta":{"site-sidebar-layout":"default","site-content-layout":"default","ast-global-header-display":"","ast-main-header-display":"","ast-hfb-above-header-display":"","ast-hfb-below-header-display":"","ast-hfb-mobile-header-display":"","site-post-title":"disabled","ast-breadcrumbs-content":"","ast-featured-img":"","footer-sml-layout":"","theme-transparent-header-meta":"","adv-header-id-meta":"","stick-header-meta":"","header-above-stick-meta":"","header-main-stick-meta":"","header-below-stick-meta":"","footnotes":""},"class_list":["post-344","page","type-page","status-publish","hentry"],"_links":{"self":[{"href":"https:\/\/hotel.olfp.fr\/index.php?rest_route=\/wp\/v2\/pages\/344","targetHints":{"allow":["GET"]}}],"collection":[{"href":"https:\/\/hotel.olfp.fr\/index.php?rest_route=\/wp\/v2\/pages"}],"about":[{"href":"https:\/\/hotel.olfp.fr\/index.php?rest_route=\/wp\/v2\/types\/page"}],"author":[{"embeddable":true,"href":"https:\/\/hotel.olfp.fr\/index.php?rest_route=\/wp\/v2\/users\/2"}],"replies":[{"embeddable":true,"href":"https:\/\/hotel.olfp.fr\/index.php?rest_route=%2Fwp%2Fv2%2Fcomments&post=344"}],"version-history":[{"count":2,"href":"https:\/\/hotel.olfp.fr\/index.php?rest_route=\/wp\/v2\/pages\/344\/revisions"}],"predecessor-version":[{"id":486,"href":"https:\/\/hotel.olfp.fr\/index.php?rest_route=\/wp\/v2\/pages\/344\/revisions\/486"}],"up":[{"embeddable":true,"href":"https:\/\/hotel.olfp.fr\/index.php?rest_route=\/wp\/v2\/pages\/325"}],"wp:attachment":[{"href":"https:\/\/hotel.olfp.fr\/index.php?rest_route=%2Fwp%2Fv2%2Fmedia&parent=344"}],"curies":[{"name":"wp","href":"https:\/\/api.w.org\/{rel}","templated":true}]}}