{"id":349,"date":"2023-06-07T13:52:27","date_gmt":"2023-06-07T11:52:27","guid":{"rendered":"https:\/\/hotel.olfp.fr\/?page_id=349"},"modified":"2023-09-19T09:56:15","modified_gmt":"2023-09-19T07:56:15","slug":"voiturier-2","status":"publish","type":"page","link":"https:\/\/hotel.olfp.fr\/?page_id=349","title":{"rendered":"Voiturier"},"content":{"rendered":"\n<figure class=\"wp-block-image alignfull size-large\"><img loading=\"lazy\" decoding=\"async\" width=\"1024\" height=\"107\" src=\"https:\/\/hotel.olfp.fr\/wp-content\/uploads\/2023\/05\/banniere-hotel-olfp-resize3-1024x107.jpg\" alt=\"\" class=\"wp-image-176\" srcset=\"https:\/\/hotel.olfp.fr\/wp-content\/uploads\/2023\/05\/banniere-hotel-olfp-resize3-1024x107.jpg 1024w, https:\/\/hotel.olfp.fr\/wp-content\/uploads\/2023\/05\/banniere-hotel-olfp-resize3-300x31.jpg 300w, https:\/\/hotel.olfp.fr\/wp-content\/uploads\/2023\/05\/banniere-hotel-olfp-resize3-768x80.jpg 768w, https:\/\/hotel.olfp.fr\/wp-content\/uploads\/2023\/05\/banniere-hotel-olfp-resize3.jpg 1475w\" sizes=\"auto, (max-width: 1024px) 100vw, 1024px\" \/><\/figure>\n\n\n\n<figure class=\"wp-block-image alignfull size-full\"><img loading=\"lazy\" decoding=\"async\" width=\"1000\" height=\"25\" src=\"https:\/\/hotel.olfp.fr\/wp-content\/uploads\/2023\/09\/bande-noire-1000x25-1.jpg\" alt=\"\" class=\"wp-image-469\" srcset=\"https:\/\/hotel.olfp.fr\/wp-content\/uploads\/2023\/09\/bande-noire-1000x25-1.jpg 1000w, https:\/\/hotel.olfp.fr\/wp-content\/uploads\/2023\/09\/bande-noire-1000x25-1-300x8.jpg 300w, https:\/\/hotel.olfp.fr\/wp-content\/uploads\/2023\/09\/bande-noire-1000x25-1-768x19.jpg 768w\" sizes=\"auto, (max-width: 1000px) 100vw, 1000px\" \/><\/figure>\n\n\n\n<h1 class=\"wp-block-heading has-text-align-center\">Voiturier<\/h1>\n\n\n\n<figure class=\"wp-block-image alignwide size-full\"><img loading=\"lazy\" decoding=\"async\" width=\"800\" height=\"600\" src=\"https:\/\/hotel.olfp.fr\/wp-content\/uploads\/2023\/06\/voiturier.jpg\" alt=\"\" class=\"wp-image-330\" srcset=\"https:\/\/hotel.olfp.fr\/wp-content\/uploads\/2023\/06\/voiturier.jpg 800w, https:\/\/hotel.olfp.fr\/wp-content\/uploads\/2023\/06\/voiturier-300x225.jpg 300w, https:\/\/hotel.olfp.fr\/wp-content\/uploads\/2023\/06\/voiturier-768x576.jpg 768w\" sizes=\"auto, (max-width: 800px) 100vw, 800px\" \/><\/figure>\n\n\n\n<p>Notre service de voiturier est con\u00e7u pour offrir commodit\u00e9 et tranquillit\u00e9 d&rsquo;esprit. D\u00e8s votre arriv\u00e9e, vous serez accueilli par nos voituriers professionnels, pr\u00eats \u00e0 prendre soin de votre v\u00e9hicule avec le plus grand soin. Que vous soyez ici pour des vacances reposantes ou des rendez-vous d&rsquo;affaires, notre service de voiturier s&rsquo;occupe de tous les d\u00e9tails li\u00e9s \u00e0 votre v\u00e9hicule, vous permettant de vous concentrer sur l&rsquo;essentiel. Disponible 24 heures sur 24 et 7 jours sur 7, notre service de voiturier s&rsquo;adapte \u00e0 vos besoins.<\/p>\n\n\n\n<p>Que vous ayez besoin de votre v\u00e9hicule t\u00f4t le matin pour une r\u00e9union ou tard dans la nuit pour une sortie sp\u00e9ciale, notre \u00e9quipe sera toujours l\u00e0 pour vous assister. La s\u00e9curit\u00e9 est notre priorit\u00e9 absolue. Nous disposons d&rsquo;un syst\u00e8me de surveillance 24 heures sur 24 pour garantir la protection de notre parking. Vous pouvez profiter de votre s\u00e9jour en toute tranquillit\u00e9, sachant que votre v\u00e9hicule est entre de bonnes mains.<\/p>\n\n\n\n<p>R\u00e9servez d\u00e8s maintenant et laissez-nous vous offrir un s\u00e9jour inoubliable avec notre service de voiturier.<\/p>\n","protected":false},"excerpt":{"rendered":"<p>Voiturier Notre service de voiturier est con\u00e7u pour offrir commodit\u00e9 et tranquillit\u00e9 d&rsquo;esprit. D\u00e8s votre arriv\u00e9e, vous serez accueilli par nos voituriers professionnels, pr\u00eats \u00e0 prendre soin de votre v\u00e9hicule avec le plus grand soin. Que vous soyez ici pour des vacances reposantes ou des rendez-vous d&rsquo;affaires, notre service de voiturier s&rsquo;occupe de tous les &hellip;<\/p>\n<p class=\"read-more\"> <a class=\"\" href=\"https:\/\/hotel.olfp.fr\/?page_id=349\"> <span class=\"screen-reader-text\">Voiturier<\/span> Lire la suite\u00a0\u00bb<\/a><\/p>\n","protected":false},"author":2,"featured_media":0,"parent":325,"menu_order":0,"comment_status":"closed","ping_status":"closed","template":"","meta":{"site-sidebar-layout":"default","site-content-layout":"default","ast-global-header-display":"","ast-main-header-display":"","ast-hfb-above-header-display":"","ast-hfb-below-header-display":"","ast-hfb-mobile-header-display":"","site-post-title":"disabled","ast-breadcrumbs-content":"","ast-featured-img":"","footer-sml-layout":"","theme-transparent-header-meta":"","adv-header-id-meta":"","stick-header-meta":"","header-above-stick-meta":"","header-main-stick-meta":"","header-below-stick-meta":"","footnotes":""},"class_list":["post-349","page","type-page","status-publish","hentry"],"_links":{"self":[{"href":"https:\/\/hotel.olfp.fr\/index.php?rest_route=\/wp\/v2\/pages\/349","targetHints":{"allow":["GET"]}}],"collection":[{"href":"https:\/\/hotel.olfp.fr\/index.php?rest_route=\/wp\/v2\/pages"}],"about":[{"href":"https:\/\/hotel.olfp.fr\/index.php?rest_route=\/wp\/v2\/types\/page"}],"author":[{"embeddable":true,"href":"https:\/\/hotel.olfp.fr\/index.php?rest_route=\/wp\/v2\/users\/2"}],"replies":[{"embeddable":true,"href":"https:\/\/hotel.olfp.fr\/index.php?rest_route=%2Fwp%2Fv2%2Fcomments&post=349"}],"version-history":[{"count":2,"href":"https:\/\/hotel.olfp.fr\/index.php?rest_route=\/wp\/v2\/pages\/349\/revisions"}],"predecessor-version":[{"id":487,"href":"https:\/\/hotel.olfp.fr\/index.php?rest_route=\/wp\/v2\/pages\/349\/revisions\/487"}],"up":[{"embeddable":true,"href":"https:\/\/hotel.olfp.fr\/index.php?rest_route=\/wp\/v2\/pages\/325"}],"wp:attachment":[{"href":"https:\/\/hotel.olfp.fr\/index.php?rest_route=%2Fwp%2Fv2%2Fmedia&parent=349"}],"curies":[{"name":"wp","href":"https:\/\/api.w.org\/{rel}","templated":true}]}}