{"id":353,"date":"2023-06-07T13:58:57","date_gmt":"2023-06-07T11:58:57","guid":{"rendered":"https:\/\/hotel.olfp.fr\/?page_id=353"},"modified":"2023-09-19T09:58:00","modified_gmt":"2023-09-19T07:58:00","slug":"bagagerie-2","status":"publish","type":"page","link":"https:\/\/hotel.olfp.fr\/?page_id=353","title":{"rendered":"Bagagerie"},"content":{"rendered":"\n<figure class=\"wp-block-image alignfull size-large\"><img loading=\"lazy\" decoding=\"async\" width=\"1024\" height=\"107\" src=\"https:\/\/hotel.olfp.fr\/wp-content\/uploads\/2023\/05\/banniere-hotel-olfp-resize3-1024x107.jpg\" alt=\"\" class=\"wp-image-176\" srcset=\"https:\/\/hotel.olfp.fr\/wp-content\/uploads\/2023\/05\/banniere-hotel-olfp-resize3-1024x107.jpg 1024w, https:\/\/hotel.olfp.fr\/wp-content\/uploads\/2023\/05\/banniere-hotel-olfp-resize3-300x31.jpg 300w, https:\/\/hotel.olfp.fr\/wp-content\/uploads\/2023\/05\/banniere-hotel-olfp-resize3-768x80.jpg 768w, https:\/\/hotel.olfp.fr\/wp-content\/uploads\/2023\/05\/banniere-hotel-olfp-resize3.jpg 1475w\" sizes=\"auto, (max-width: 1024px) 100vw, 1024px\" \/><\/figure>\n\n\n\n<figure class=\"wp-block-image alignfull size-full\"><img loading=\"lazy\" decoding=\"async\" width=\"1000\" height=\"25\" src=\"https:\/\/hotel.olfp.fr\/wp-content\/uploads\/2023\/09\/bande-noire-1000x25-1.jpg\" alt=\"\" class=\"wp-image-469\" srcset=\"https:\/\/hotel.olfp.fr\/wp-content\/uploads\/2023\/09\/bande-noire-1000x25-1.jpg 1000w, https:\/\/hotel.olfp.fr\/wp-content\/uploads\/2023\/09\/bande-noire-1000x25-1-300x8.jpg 300w, https:\/\/hotel.olfp.fr\/wp-content\/uploads\/2023\/09\/bande-noire-1000x25-1-768x19.jpg 768w\" sizes=\"auto, (max-width: 1000px) 100vw, 1000px\" \/><\/figure>\n\n\n\n<h1 class=\"wp-block-heading has-text-align-center\">Service bagagerie<\/h1>\n\n\n\n<div class=\"wp-block-media-text alignwide is-stacked-on-mobile\"><figure class=\"wp-block-media-text__media\"><img loading=\"lazy\" decoding=\"async\" width=\"800\" height=\"600\" src=\"https:\/\/hotel.olfp.fr\/wp-content\/uploads\/2023\/06\/bagagerie.jpg\" alt=\"\" class=\"wp-image-333 size-full\" srcset=\"https:\/\/hotel.olfp.fr\/wp-content\/uploads\/2023\/06\/bagagerie.jpg 800w, https:\/\/hotel.olfp.fr\/wp-content\/uploads\/2023\/06\/bagagerie-300x225.jpg 300w, https:\/\/hotel.olfp.fr\/wp-content\/uploads\/2023\/06\/bagagerie-768x576.jpg 768w\" sizes=\"auto, (max-width: 800px) 100vw, 800px\" \/><\/figure><div class=\"wp-block-media-text__content\">\n<p>D\u00e9couvrez notre service de bagagerie pratique et s\u00e9curis\u00e9 \u00e0 l&rsquo;h\u00f4tel \u00e9toil\u00e9. Notre \u00e9quipe chaleureuse vous accueillera \u00e0 bras ouverts et prendra soin de vos valises d\u00e8s votre arriv\u00e9e. D\u00e9posez vos bagages en toute confiance, que vous souhaitiez profiter de votre s\u00e9jour avant le check-in ou explorer la ville apr\u00e8s le check-out. Notre personnel exp\u00e9riment\u00e9 manipule vos affaires avec soin et respecte votre vie priv\u00e9e.<\/p>\n\n\n\n<p>Profitez de votre temps \u00e0 l&rsquo;h\u00f4tel sans encombrement et laissez-nous nous occuper de vos bagages. Notre service de bagagerie est inclus dans votre r\u00e9servation, sans frais suppl\u00e9mentaires. Dites simplement \u00e0 notre \u00e9quipe quand vous souhaitez r\u00e9cup\u00e9rer vos valises, et nous les ram\u00e8nerons \u00e0 votre convenance. Voyagez l\u00e9ger et d\u00e9tendez-vous en sachant que vos biens sont entre de bonnes mains.<\/p>\n\n\n\n<p>R\u00e9servez d\u00e8s maintenant et laissez-nous vous offrir un s\u00e9jour inoubliable avec notre service de bagagerie.<\/p>\n<\/div><\/div>\n\n\n\n<p><\/p>\n\n\n\n<p><\/p>\n","protected":false},"excerpt":{"rendered":"<p>Service bagagerie D\u00e9couvrez notre service de bagagerie pratique et s\u00e9curis\u00e9 \u00e0 l&rsquo;h\u00f4tel \u00e9toil\u00e9. Notre \u00e9quipe chaleureuse vous accueillera \u00e0 bras ouverts et prendra soin de vos valises d\u00e8s votre arriv\u00e9e. D\u00e9posez vos bagages en toute confiance, que vous souhaitiez profiter de votre s\u00e9jour avant le check-in ou explorer la ville apr\u00e8s le check-out. Notre personnel &hellip;<\/p>\n<p class=\"read-more\"> <a class=\"\" href=\"https:\/\/hotel.olfp.fr\/?page_id=353\"> <span class=\"screen-reader-text\">Bagagerie<\/span> Lire la suite\u00a0\u00bb<\/a><\/p>\n","protected":false},"author":2,"featured_media":0,"parent":325,"menu_order":0,"comment_status":"closed","ping_status":"closed","template":"","meta":{"site-sidebar-layout":"default","site-content-layout":"default","ast-global-header-display":"","ast-main-header-display":"","ast-hfb-above-header-display":"","ast-hfb-below-header-display":"","ast-hfb-mobile-header-display":"","site-post-title":"disabled","ast-breadcrumbs-content":"","ast-featured-img":"","footer-sml-layout":"","theme-transparent-header-meta":"","adv-header-id-meta":"","stick-header-meta":"","header-above-stick-meta":"","header-main-stick-meta":"","header-below-stick-meta":"","footnotes":""},"class_list":["post-353","page","type-page","status-publish","hentry"],"_links":{"self":[{"href":"https:\/\/hotel.olfp.fr\/index.php?rest_route=\/wp\/v2\/pages\/353","targetHints":{"allow":["GET"]}}],"collection":[{"href":"https:\/\/hotel.olfp.fr\/index.php?rest_route=\/wp\/v2\/pages"}],"about":[{"href":"https:\/\/hotel.olfp.fr\/index.php?rest_route=\/wp\/v2\/types\/page"}],"author":[{"embeddable":true,"href":"https:\/\/hotel.olfp.fr\/index.php?rest_route=\/wp\/v2\/users\/2"}],"replies":[{"embeddable":true,"href":"https:\/\/hotel.olfp.fr\/index.php?rest_route=%2Fwp%2Fv2%2Fcomments&post=353"}],"version-history":[{"count":6,"href":"https:\/\/hotel.olfp.fr\/index.php?rest_route=\/wp\/v2\/pages\/353\/revisions"}],"predecessor-version":[{"id":488,"href":"https:\/\/hotel.olfp.fr\/index.php?rest_route=\/wp\/v2\/pages\/353\/revisions\/488"}],"up":[{"embeddable":true,"href":"https:\/\/hotel.olfp.fr\/index.php?rest_route=\/wp\/v2\/pages\/325"}],"wp:attachment":[{"href":"https:\/\/hotel.olfp.fr\/index.php?rest_route=%2Fwp%2Fv2%2Fmedia&parent=353"}],"curies":[{"name":"wp","href":"https:\/\/api.w.org\/{rel}","templated":true}]}}