{"id":367,"date":"2023-06-12T16:02:51","date_gmt":"2023-06-12T14:02:51","guid":{"rendered":"https:\/\/hotel.olfp.fr\/?page_id=367"},"modified":"2023-09-19T09:59:07","modified_gmt":"2023-09-19T07:59:07","slug":"room-service-2","status":"publish","type":"page","link":"https:\/\/hotel.olfp.fr\/?page_id=367","title":{"rendered":"Room service"},"content":{"rendered":"\n<figure class=\"wp-block-image alignfull size-large\"><img loading=\"lazy\" decoding=\"async\" width=\"1024\" height=\"107\" src=\"https:\/\/hotel.olfp.fr\/wp-content\/uploads\/2023\/05\/banniere-hotel-olfp-resize3-1024x107.jpg\" alt=\"\" class=\"wp-image-176\" srcset=\"https:\/\/hotel.olfp.fr\/wp-content\/uploads\/2023\/05\/banniere-hotel-olfp-resize3-1024x107.jpg 1024w, https:\/\/hotel.olfp.fr\/wp-content\/uploads\/2023\/05\/banniere-hotel-olfp-resize3-300x31.jpg 300w, https:\/\/hotel.olfp.fr\/wp-content\/uploads\/2023\/05\/banniere-hotel-olfp-resize3-768x80.jpg 768w, https:\/\/hotel.olfp.fr\/wp-content\/uploads\/2023\/05\/banniere-hotel-olfp-resize3.jpg 1475w\" sizes=\"auto, (max-width: 1024px) 100vw, 1024px\" \/><\/figure>\n\n\n\n<figure class=\"wp-block-image alignfull size-full\"><img loading=\"lazy\" decoding=\"async\" width=\"1000\" height=\"25\" src=\"https:\/\/hotel.olfp.fr\/wp-content\/uploads\/2023\/09\/bande-noire-1000x25-1.jpg\" alt=\"\" class=\"wp-image-469\" srcset=\"https:\/\/hotel.olfp.fr\/wp-content\/uploads\/2023\/09\/bande-noire-1000x25-1.jpg 1000w, https:\/\/hotel.olfp.fr\/wp-content\/uploads\/2023\/09\/bande-noire-1000x25-1-300x8.jpg 300w, https:\/\/hotel.olfp.fr\/wp-content\/uploads\/2023\/09\/bande-noire-1000x25-1-768x19.jpg 768w\" sizes=\"auto, (max-width: 1000px) 100vw, 1000px\" \/><\/figure>\n\n\n\n<h1 class=\"wp-block-heading has-text-align-center\">Room Service<\/h1>\n\n\n\n<figure class=\"wp-block-image alignwide size-full\"><img loading=\"lazy\" decoding=\"async\" width=\"800\" height=\"600\" src=\"https:\/\/hotel.olfp.fr\/wp-content\/uploads\/2023\/06\/room-service.jpg\" alt=\"\" class=\"wp-image-335\" srcset=\"https:\/\/hotel.olfp.fr\/wp-content\/uploads\/2023\/06\/room-service.jpg 800w, https:\/\/hotel.olfp.fr\/wp-content\/uploads\/2023\/06\/room-service-300x225.jpg 300w, https:\/\/hotel.olfp.fr\/wp-content\/uploads\/2023\/06\/room-service-768x576.jpg 768w\" sizes=\"auto, (max-width: 800px) 100vw, 800px\" \/><\/figure>\n\n\n\n<p>Le service h\u00f4telier du room service offre une exp\u00e9rience exceptionnelle et pratique aux clients qui souhaitent profiter du confort de leur chambre tout en d\u00e9gustant de d\u00e9licieux repas. Que vous soyez fatigu\u00e9 apr\u00e8s une longue journ\u00e9e de travail ou que vous souhaitiez simplement vous d\u00e9tendre dans votre chambre, le room service est l\u00e0 pour r\u00e9pondre \u00e0 tous vos besoins culinaires.<\/p>\n\n\n\n<p>D\u00e8s que vous appelez le room service, vous serez accueilli chaleureusement par un personnel aimable et professionnel. Ils prendront note de votre commande avec une grande attention aux d\u00e9tails et vous conseilleront sur les plats les plus populaires de nos menus vari\u00e9s. Que vous ayez envie d&rsquo;un repas copieux, d&rsquo;une collation l\u00e9g\u00e8re ou d&rsquo;un dessert succulent, le room service saura satisfaire toutes vos envies gastronomiques.<\/p>\n\n\n\n<p>Un autre avantage du room service est sa flexibilit\u00e9 horaire. Que ce soit t\u00f4t le matin, tard le soir ou m\u00eame au milieu de la nuit, vous pouvez passer votre commande \u00e0 tout moment. Cela vous permet de satisfaire vos envies culinaires sans avoir \u00e0 vous soucier des horaires des restaurants ou des contraintes ext\u00e9rieures.<\/p>\n\n\n\n<p>De plus, le room service offre \u00e9galement la possibilit\u00e9 de personnaliser votre commande selon vos pr\u00e9f\u00e9rences alimentaires ou vos besoins sp\u00e9cifiques. Que vous ayez des allergies alimentaires, des restrictions alimentaires ou des demandes particuli\u00e8res, le personnel du room service fera de son mieux pour s&rsquo;adapter \u00e0 vos exigences et vous offrir une exp\u00e9rience culinaire agr\u00e9able et s\u00e9curis\u00e9e.<\/p>\n\n\n\n<p>Enfin, le room service propose g\u00e9n\u00e9ralement une large s\u00e9lection de boissons, allant des jus de fruits frais aux vins raffin\u00e9s. Vous pouvez accompagner votre repas d&rsquo;une boisson qui correspond \u00e0 vos go\u00fbts et \u00e0 votre humeur du moment, ajoutant ainsi une touche de plaisir suppl\u00e9mentaire \u00e0 votre exp\u00e9rience de restauration en chambre.<\/p>\n","protected":false},"excerpt":{"rendered":"<p>Room Service Le service h\u00f4telier du room service offre une exp\u00e9rience exceptionnelle et pratique aux clients qui souhaitent profiter du confort de leur chambre tout en d\u00e9gustant de d\u00e9licieux repas. Que vous soyez fatigu\u00e9 apr\u00e8s une longue journ\u00e9e de travail ou que vous souhaitiez simplement vous d\u00e9tendre dans votre chambre, le room service est l\u00e0 &hellip;<\/p>\n<p class=\"read-more\"> <a class=\"\" href=\"https:\/\/hotel.olfp.fr\/?page_id=367\"> <span class=\"screen-reader-text\">Room service<\/span> Lire la suite\u00a0\u00bb<\/a><\/p>\n","protected":false},"author":2,"featured_media":0,"parent":325,"menu_order":0,"comment_status":"closed","ping_status":"closed","template":"","meta":{"site-sidebar-layout":"default","site-content-layout":"default","ast-global-header-display":"","ast-main-header-display":"","ast-hfb-above-header-display":"","ast-hfb-below-header-display":"","ast-hfb-mobile-header-display":"","site-post-title":"disabled","ast-breadcrumbs-content":"","ast-featured-img":"","footer-sml-layout":"","theme-transparent-header-meta":"","adv-header-id-meta":"","stick-header-meta":"","header-above-stick-meta":"","header-main-stick-meta":"","header-below-stick-meta":"","footnotes":""},"class_list":["post-367","page","type-page","status-publish","hentry"],"_links":{"self":[{"href":"https:\/\/hotel.olfp.fr\/index.php?rest_route=\/wp\/v2\/pages\/367","targetHints":{"allow":["GET"]}}],"collection":[{"href":"https:\/\/hotel.olfp.fr\/index.php?rest_route=\/wp\/v2\/pages"}],"about":[{"href":"https:\/\/hotel.olfp.fr\/index.php?rest_route=\/wp\/v2\/types\/page"}],"author":[{"embeddable":true,"href":"https:\/\/hotel.olfp.fr\/index.php?rest_route=\/wp\/v2\/users\/2"}],"replies":[{"embeddable":true,"href":"https:\/\/hotel.olfp.fr\/index.php?rest_route=%2Fwp%2Fv2%2Fcomments&post=367"}],"version-history":[{"count":4,"href":"https:\/\/hotel.olfp.fr\/index.php?rest_route=\/wp\/v2\/pages\/367\/revisions"}],"predecessor-version":[{"id":489,"href":"https:\/\/hotel.olfp.fr\/index.php?rest_route=\/wp\/v2\/pages\/367\/revisions\/489"}],"up":[{"embeddable":true,"href":"https:\/\/hotel.olfp.fr\/index.php?rest_route=\/wp\/v2\/pages\/325"}],"wp:attachment":[{"href":"https:\/\/hotel.olfp.fr\/index.php?rest_route=%2Fwp%2Fv2%2Fmedia&parent=367"}],"curies":[{"name":"wp","href":"https:\/\/api.w.org\/{rel}","templated":true}]}}