{"id":377,"date":"2023-06-12T16:13:59","date_gmt":"2023-06-12T14:13:59","guid":{"rendered":"https:\/\/hotel.olfp.fr\/?page_id=377"},"modified":"2023-09-19T10:01:32","modified_gmt":"2023-09-19T08:01:32","slug":"salle-de-conference-2","status":"publish","type":"page","link":"https:\/\/hotel.olfp.fr\/?page_id=377","title":{"rendered":"Salle de conf\u00e9rence"},"content":{"rendered":"\n<figure class=\"wp-block-image alignfull size-large\"><img loading=\"lazy\" decoding=\"async\" width=\"1024\" height=\"107\" src=\"https:\/\/hotel.olfp.fr\/wp-content\/uploads\/2023\/05\/banniere-hotel-olfp-resize3-1024x107.jpg\" alt=\"\" class=\"wp-image-176\" srcset=\"https:\/\/hotel.olfp.fr\/wp-content\/uploads\/2023\/05\/banniere-hotel-olfp-resize3-1024x107.jpg 1024w, https:\/\/hotel.olfp.fr\/wp-content\/uploads\/2023\/05\/banniere-hotel-olfp-resize3-300x31.jpg 300w, https:\/\/hotel.olfp.fr\/wp-content\/uploads\/2023\/05\/banniere-hotel-olfp-resize3-768x80.jpg 768w, https:\/\/hotel.olfp.fr\/wp-content\/uploads\/2023\/05\/banniere-hotel-olfp-resize3.jpg 1475w\" sizes=\"auto, (max-width: 1024px) 100vw, 1024px\" \/><\/figure>\n\n\n\n<figure class=\"wp-block-image alignfull size-full\"><img loading=\"lazy\" decoding=\"async\" width=\"1000\" height=\"25\" src=\"https:\/\/hotel.olfp.fr\/wp-content\/uploads\/2023\/09\/bande-noire-1000x25-1.jpg\" alt=\"\" class=\"wp-image-469\" srcset=\"https:\/\/hotel.olfp.fr\/wp-content\/uploads\/2023\/09\/bande-noire-1000x25-1.jpg 1000w, https:\/\/hotel.olfp.fr\/wp-content\/uploads\/2023\/09\/bande-noire-1000x25-1-300x8.jpg 300w, https:\/\/hotel.olfp.fr\/wp-content\/uploads\/2023\/09\/bande-noire-1000x25-1-768x19.jpg 768w\" sizes=\"auto, (max-width: 1000px) 100vw, 1000px\" \/><\/figure>\n\n\n\n<h1 class=\"wp-block-heading has-text-align-center\">Salle de conf\u00e9rence<\/h1>\n\n\n\n<figure class=\"wp-block-image alignwide size-full\"><img loading=\"lazy\" decoding=\"async\" width=\"800\" height=\"600\" src=\"https:\/\/hotel.olfp.fr\/wp-content\/uploads\/2023\/06\/Salle-de-conference.jpg\" alt=\"\" class=\"wp-image-337\" srcset=\"https:\/\/hotel.olfp.fr\/wp-content\/uploads\/2023\/06\/Salle-de-conference.jpg 800w, https:\/\/hotel.olfp.fr\/wp-content\/uploads\/2023\/06\/Salle-de-conference-300x225.jpg 300w, https:\/\/hotel.olfp.fr\/wp-content\/uploads\/2023\/06\/Salle-de-conference-768x576.jpg 768w\" sizes=\"auto, (max-width: 800px) 100vw, 800px\" \/><\/figure>\n\n\n\n<p>D\u00e9couvrez notre superbe salle de s\u00e9minaire, id\u00e9ale pour vos \u00e9v\u00e9nements d&rsquo;affaires ! Situ\u00e9e au c\u0153ur de notre h\u00f4tel, notre salle offre un cadre propice \u00e0 la concentration et \u00e0 la productivit\u00e9. Son design contemporain et sa d\u00e9coration \u00e9l\u00e9gante cr\u00e9ent une ambiance inspirante pour des r\u00e9unions fructueuses.<\/p>\n\n\n\n<p>\u00c9quip\u00e9e d&rsquo;une technologie audiovisuelle de pointe, notre salle de s\u00e9minaire garantit le succ\u00e8s de vos pr\u00e9sentations. Des projecteurs haute r\u00e9solution aux syst\u00e8mes de sonorisation sophistiqu\u00e9s, tout est pr\u00e9vu pour votre confort. Notre \u00e9quipe technique est \u00e9galement disponible pour vous aider \u00e0 configurer les \u00e9quipements et s&rsquo;assurer que tout fonctionne parfaitement.<\/p>\n\n\n\n<p>Quelle que soit la taille de votre \u00e9v\u00e9nement, notre salle de s\u00e9minaire s&rsquo;adapte \u00e0 vos besoins. Avec une capacit\u00e9 d&rsquo;accueil pouvant aller jusqu&rsquo;\u00e0 XX personnes, nous offrons diverses configurations de si\u00e8ges, du style th\u00e9\u00e2tre aux tables rondes. Vous pouvez personnaliser l&rsquo;espace selon vos pr\u00e9f\u00e9rences pour une exp\u00e9rience sur mesure.<\/p>\n\n\n\n<p>Nous savons \u00e0 quel point travailler dur peut \u00eatre \u00e9puisant. C&rsquo;est pourquoi nous proposons des services de restauration sur place pour vos pauses caf\u00e9, d\u00e9jeuners d&rsquo;affaires et cocktails. Notre \u00e9quipe culinaire talentueuse se fera un plaisir de pr\u00e9parer des menus adapt\u00e9s \u00e0 vos pr\u00e9f\u00e9rences et exigences di\u00e9t\u00e9tiques.<\/p>\n\n\n\n<p>R\u00e9servez d\u00e8s maintenant notre salle de s\u00e9minaire pour garantir le succ\u00e8s de votre prochain \u00e9v\u00e9nement professionnel.<\/p>\n","protected":false},"excerpt":{"rendered":"<p>Salle de conf\u00e9rence D\u00e9couvrez notre superbe salle de s\u00e9minaire, id\u00e9ale pour vos \u00e9v\u00e9nements d&rsquo;affaires ! Situ\u00e9e au c\u0153ur de notre h\u00f4tel, notre salle offre un cadre propice \u00e0 la concentration et \u00e0 la productivit\u00e9. Son design contemporain et sa d\u00e9coration \u00e9l\u00e9gante cr\u00e9ent une ambiance inspirante pour des r\u00e9unions fructueuses. \u00c9quip\u00e9e d&rsquo;une technologie audiovisuelle de pointe, &hellip;<\/p>\n<p class=\"read-more\"> <a class=\"\" href=\"https:\/\/hotel.olfp.fr\/?page_id=377\"> <span class=\"screen-reader-text\">Salle de conf\u00e9rence<\/span> Lire la suite\u00a0\u00bb<\/a><\/p>\n","protected":false},"author":2,"featured_media":0,"parent":325,"menu_order":0,"comment_status":"closed","ping_status":"closed","template":"","meta":{"site-sidebar-layout":"default","site-content-layout":"default","ast-global-header-display":"","ast-main-header-display":"","ast-hfb-above-header-display":"","ast-hfb-below-header-display":"","ast-hfb-mobile-header-display":"","site-post-title":"disabled","ast-breadcrumbs-content":"","ast-featured-img":"","footer-sml-layout":"","theme-transparent-header-meta":"","adv-header-id-meta":"","stick-header-meta":"","header-above-stick-meta":"","header-main-stick-meta":"","header-below-stick-meta":"","footnotes":""},"class_list":["post-377","page","type-page","status-publish","hentry"],"_links":{"self":[{"href":"https:\/\/hotel.olfp.fr\/index.php?rest_route=\/wp\/v2\/pages\/377","targetHints":{"allow":["GET"]}}],"collection":[{"href":"https:\/\/hotel.olfp.fr\/index.php?rest_route=\/wp\/v2\/pages"}],"about":[{"href":"https:\/\/hotel.olfp.fr\/index.php?rest_route=\/wp\/v2\/types\/page"}],"author":[{"embeddable":true,"href":"https:\/\/hotel.olfp.fr\/index.php?rest_route=\/wp\/v2\/users\/2"}],"replies":[{"embeddable":true,"href":"https:\/\/hotel.olfp.fr\/index.php?rest_route=%2Fwp%2Fv2%2Fcomments&post=377"}],"version-history":[{"count":2,"href":"https:\/\/hotel.olfp.fr\/index.php?rest_route=\/wp\/v2\/pages\/377\/revisions"}],"predecessor-version":[{"id":492,"href":"https:\/\/hotel.olfp.fr\/index.php?rest_route=\/wp\/v2\/pages\/377\/revisions\/492"}],"up":[{"embeddable":true,"href":"https:\/\/hotel.olfp.fr\/index.php?rest_route=\/wp\/v2\/pages\/325"}],"wp:attachment":[{"href":"https:\/\/hotel.olfp.fr\/index.php?rest_route=%2Fwp%2Fv2%2Fmedia&parent=377"}],"curies":[{"name":"wp","href":"https:\/\/api.w.org\/{rel}","templated":true}]}}