{"id":413,"date":"2023-06-19T11:37:08","date_gmt":"2023-06-19T09:37:08","guid":{"rendered":"https:\/\/hotel.olfp.fr\/?page_id=413"},"modified":"2023-09-21T15:17:33","modified_gmt":"2023-09-21T13:17:33","slug":"nos-chambres","status":"publish","type":"page","link":"https:\/\/hotel.olfp.fr\/?page_id=413","title":{"rendered":"Nos chambres"},"content":{"rendered":"\n<figure class=\"wp-block-image alignfull size-large\"><img loading=\"lazy\" decoding=\"async\" width=\"1024\" height=\"107\" src=\"https:\/\/hotel.olfp.fr\/wp-content\/uploads\/2023\/05\/banniere-hotel-olfp-resize3-1024x107.jpg\" alt=\"\" class=\"wp-image-176\" srcset=\"https:\/\/hotel.olfp.fr\/wp-content\/uploads\/2023\/05\/banniere-hotel-olfp-resize3-1024x107.jpg 1024w, https:\/\/hotel.olfp.fr\/wp-content\/uploads\/2023\/05\/banniere-hotel-olfp-resize3-300x31.jpg 300w, https:\/\/hotel.olfp.fr\/wp-content\/uploads\/2023\/05\/banniere-hotel-olfp-resize3-768x80.jpg 768w, https:\/\/hotel.olfp.fr\/wp-content\/uploads\/2023\/05\/banniere-hotel-olfp-resize3.jpg 1475w\" sizes=\"auto, (max-width: 1024px) 100vw, 1024px\" \/><\/figure>\n\n\n\n<figure class=\"wp-block-image alignfull size-full\"><img loading=\"lazy\" decoding=\"async\" width=\"1000\" height=\"25\" src=\"https:\/\/hotel.olfp.fr\/wp-content\/uploads\/2023\/09\/bande-noire-1000x25-1.jpg\" alt=\"\" class=\"wp-image-469\" srcset=\"https:\/\/hotel.olfp.fr\/wp-content\/uploads\/2023\/09\/bande-noire-1000x25-1.jpg 1000w, https:\/\/hotel.olfp.fr\/wp-content\/uploads\/2023\/09\/bande-noire-1000x25-1-300x8.jpg 300w, https:\/\/hotel.olfp.fr\/wp-content\/uploads\/2023\/09\/bande-noire-1000x25-1-768x19.jpg 768w\" sizes=\"auto, (max-width: 1000px) 100vw, 1000px\" \/><\/figure>\n\n\n\n<h1 class=\"wp-block-heading has-text-align-center\">Nos chambres<\/h1>\n\n\n\n<p><p align=\"justify\">L&rsquo;h\u00f4tel OLFP, ouvert 24h\/24, offre un total de 40 chambres parfaitement \u00e9quip\u00e9es pour r\u00e9pondre aux besoins des voyageurs. Parmi ces chambres, vous trouverez 26 chambres simples, id\u00e9ales pour une personne, nous proposons \u00e9galement 10 chambres doubles pour les couples ou les personnes voyageant ensemble et pour ceux qui recherchent un s\u00e9jour luxueux, nous disposons de 4 suites spacieuses.<\/p><\/p>\n\n\n\n<p>D\u00e9couvrez nos diff\u00e9rentes gammes de chambre ci-dessous :<\/p>\n\n\n\n<div class=\"wp-block-columns is-layout-flex wp-container-core-columns-is-layout-28f84493 wp-block-columns-is-layout-flex\">\n<div class=\"wp-block-column is-layout-flow wp-block-column-is-layout-flow\">\n<figure class=\"wp-block-image size-full has-custom-border\"><a href=\"https:\/\/hotel.olfp.fr\/?page_id=427\"><img loading=\"lazy\" decoding=\"async\" width=\"800\" height=\"600\" src=\"https:\/\/hotel.olfp.fr\/wp-content\/uploads\/2023\/05\/chambre-1-800x600-5.jpg\" alt=\"\" class=\"wp-image-55\" style=\"border-radius:20px\" srcset=\"https:\/\/hotel.olfp.fr\/wp-content\/uploads\/2023\/05\/chambre-1-800x600-5.jpg 800w, https:\/\/hotel.olfp.fr\/wp-content\/uploads\/2023\/05\/chambre-1-800x600-5-300x225.jpg 300w, https:\/\/hotel.olfp.fr\/wp-content\/uploads\/2023\/05\/chambre-1-800x600-5-768x576.jpg 768w\" sizes=\"auto, (max-width: 800px) 100vw, 800px\" \/><\/a><\/figure>\n<\/div>\n\n\n\n<div class=\"wp-block-column is-layout-flow wp-block-column-is-layout-flow\">\n<figure class=\"wp-block-image size-full has-custom-border\"><a href=\"https:\/\/hotel.olfp.fr\/?page_id=431\"><img loading=\"lazy\" decoding=\"async\" width=\"800\" height=\"600\" src=\"https:\/\/hotel.olfp.fr\/wp-content\/uploads\/2023\/06\/chambre-double.jpg\" alt=\"\" class=\"wp-image-414\" style=\"border-radius:20px\" srcset=\"https:\/\/hotel.olfp.fr\/wp-content\/uploads\/2023\/06\/chambre-double.jpg 800w, https:\/\/hotel.olfp.fr\/wp-content\/uploads\/2023\/06\/chambre-double-300x225.jpg 300w, https:\/\/hotel.olfp.fr\/wp-content\/uploads\/2023\/06\/chambre-double-768x576.jpg 768w\" sizes=\"auto, (max-width: 800px) 100vw, 800px\" \/><\/a><\/figure>\n<\/div>\n\n\n\n<div class=\"wp-block-column is-layout-flow wp-block-column-is-layout-flow\">\n<figure class=\"wp-block-image size-full has-custom-border is-style-default\"><a href=\"https:\/\/hotel.olfp.fr\/?page_id=434\"><img loading=\"lazy\" decoding=\"async\" width=\"800\" height=\"600\" src=\"https:\/\/hotel.olfp.fr\/wp-content\/uploads\/2023\/06\/suite.jpg\" alt=\"\" class=\"wp-image-415\" style=\"border-radius:20px\" srcset=\"https:\/\/hotel.olfp.fr\/wp-content\/uploads\/2023\/06\/suite.jpg 800w, https:\/\/hotel.olfp.fr\/wp-content\/uploads\/2023\/06\/suite-300x225.jpg 300w, https:\/\/hotel.olfp.fr\/wp-content\/uploads\/2023\/06\/suite-768x576.jpg 768w\" sizes=\"auto, (max-width: 800px) 100vw, 800px\" \/><\/a><\/figure>\n<\/div>\n<\/div>\n\n\n\n<div class=\"wp-block-columns is-layout-flex wp-container-core-columns-is-layout-29244a23 wp-block-columns-is-layout-flex\" style=\"padding-top:0;padding-bottom:var(--wp--preset--spacing--60)\">\n<div class=\"wp-block-column is-layout-flow wp-block-column-is-layout-flow\">\n<p class=\"has-text-align-center\">Nos chambres simples<\/p>\n\n\n\n<p>A partir de 119 \u20ac \/ nuit<\/p>\n\n\n\n<p><a href=\"https:\/\/hotel.olfp.fr\/?page_id=427\">En savoir plus&#8230;<\/a><\/p>\n<\/div>\n\n\n\n<div class=\"wp-block-column is-layout-flow wp-block-column-is-layout-flow\">\n<p class=\"has-text-align-center\">Nos chambres doubles<\/p>\n\n\n\n<p>A partie de 149 \u20ac \/ nuit<\/p>\n\n\n\n<p><a href=\"https:\/\/hotel.olfp.fr\/?page_id=431\">En savoir plus&#8230;<\/a><\/p>\n<\/div>\n\n\n\n<div class=\"wp-block-column is-layout-flow wp-block-column-is-layout-flow\">\n<p class=\"has-text-align-center\">Nos suites<\/p>\n\n\n\n<p>A partir de 229 \u20ac \/ nuit<\/p>\n\n\n\n<p><a href=\"https:\/\/hotel.olfp.fr\/?page_id=434\">En savoir plus&#8230;<\/a><\/p>\n<\/div>\n<\/div>\n","protected":false},"excerpt":{"rendered":"<p>Nos chambres L&rsquo;h\u00f4tel OLFP, ouvert 24h\/24, offre un total de 40 chambres parfaitement \u00e9quip\u00e9es pour r\u00e9pondre aux besoins des voyageurs. Parmi ces chambres, vous trouverez 26 chambres simples, id\u00e9ales pour une personne, nous proposons \u00e9galement 10 chambres doubles pour les couples ou les personnes voyageant ensemble et pour ceux qui recherchent un s\u00e9jour luxueux, nous &hellip;<\/p>\n<p class=\"read-more\"> <a class=\"\" href=\"https:\/\/hotel.olfp.fr\/?page_id=413\"> <span class=\"screen-reader-text\">Nos chambres<\/span> Lire la suite\u00a0\u00bb<\/a><\/p>\n","protected":false},"author":2,"featured_media":0,"parent":0,"menu_order":0,"comment_status":"closed","ping_status":"closed","template":"","meta":{"site-sidebar-layout":"default","site-content-layout":"default","ast-global-header-display":"","ast-main-header-display":"","ast-hfb-above-header-display":"","ast-hfb-below-header-display":"","ast-hfb-mobile-header-display":"","site-post-title":"disabled","ast-breadcrumbs-content":"","ast-featured-img":"","footer-sml-layout":"","theme-transparent-header-meta":"","adv-header-id-meta":"","stick-header-meta":"","header-above-stick-meta":"","header-main-stick-meta":"","header-below-stick-meta":"","footnotes":""},"class_list":["post-413","page","type-page","status-publish","hentry"],"_links":{"self":[{"href":"https:\/\/hotel.olfp.fr\/index.php?rest_route=\/wp\/v2\/pages\/413","targetHints":{"allow":["GET"]}}],"collection":[{"href":"https:\/\/hotel.olfp.fr\/index.php?rest_route=\/wp\/v2\/pages"}],"about":[{"href":"https:\/\/hotel.olfp.fr\/index.php?rest_route=\/wp\/v2\/types\/page"}],"author":[{"embeddable":true,"href":"https:\/\/hotel.olfp.fr\/index.php?rest_route=\/wp\/v2\/users\/2"}],"replies":[{"embeddable":true,"href":"https:\/\/hotel.olfp.fr\/index.php?rest_route=%2Fwp%2Fv2%2Fcomments&post=413"}],"version-history":[{"count":14,"href":"https:\/\/hotel.olfp.fr\/index.php?rest_route=\/wp\/v2\/pages\/413\/revisions"}],"predecessor-version":[{"id":559,"href":"https:\/\/hotel.olfp.fr\/index.php?rest_route=\/wp\/v2\/pages\/413\/revisions\/559"}],"wp:attachment":[{"href":"https:\/\/hotel.olfp.fr\/index.php?rest_route=%2Fwp%2Fv2%2Fmedia&parent=413"}],"curies":[{"name":"wp","href":"https:\/\/api.w.org\/{rel}","templated":true}]}}