{"id":427,"date":"2023-06-19T14:15:22","date_gmt":"2023-06-19T12:15:22","guid":{"rendered":"https:\/\/hotel.olfp.fr\/?page_id=427"},"modified":"2023-09-21T15:45:29","modified_gmt":"2023-09-21T13:45:29","slug":"chambres-simples","status":"publish","type":"page","link":"https:\/\/hotel.olfp.fr\/?page_id=427","title":{"rendered":"Chambres simples"},"content":{"rendered":"\n<figure class=\"wp-block-image alignfull size-large\"><img loading=\"lazy\" decoding=\"async\" width=\"1024\" height=\"107\" src=\"https:\/\/hotel.olfp.fr\/wp-content\/uploads\/2023\/05\/banniere-hotel-olfp-resize3-1024x107.jpg\" alt=\"\" class=\"wp-image-176\" srcset=\"https:\/\/hotel.olfp.fr\/wp-content\/uploads\/2023\/05\/banniere-hotel-olfp-resize3-1024x107.jpg 1024w, https:\/\/hotel.olfp.fr\/wp-content\/uploads\/2023\/05\/banniere-hotel-olfp-resize3-300x31.jpg 300w, https:\/\/hotel.olfp.fr\/wp-content\/uploads\/2023\/05\/banniere-hotel-olfp-resize3-768x80.jpg 768w, https:\/\/hotel.olfp.fr\/wp-content\/uploads\/2023\/05\/banniere-hotel-olfp-resize3.jpg 1475w\" sizes=\"auto, (max-width: 1024px) 100vw, 1024px\" \/><\/figure>\n\n\n\n<figure class=\"wp-block-image alignfull size-full\"><img loading=\"lazy\" decoding=\"async\" width=\"1000\" height=\"25\" src=\"https:\/\/hotel.olfp.fr\/wp-content\/uploads\/2023\/09\/bande-noire-1000x25-1.jpg\" alt=\"\" class=\"wp-image-469\" srcset=\"https:\/\/hotel.olfp.fr\/wp-content\/uploads\/2023\/09\/bande-noire-1000x25-1.jpg 1000w, https:\/\/hotel.olfp.fr\/wp-content\/uploads\/2023\/09\/bande-noire-1000x25-1-300x8.jpg 300w, https:\/\/hotel.olfp.fr\/wp-content\/uploads\/2023\/09\/bande-noire-1000x25-1-768x19.jpg 768w\" sizes=\"auto, (max-width: 1000px) 100vw, 1000px\" \/><\/figure>\n\n\n\n<h1 class=\"wp-block-heading has-text-align-center\">Nos chambres simples<\/h1>\n\n\n\n<figure class=\"wp-block-image alignwide size-full\"><img loading=\"lazy\" decoding=\"async\" width=\"800\" height=\"600\" src=\"https:\/\/hotel.olfp.fr\/wp-content\/uploads\/2023\/05\/chambre-1-800x600-5.jpg\" alt=\"\" class=\"wp-image-55\" srcset=\"https:\/\/hotel.olfp.fr\/wp-content\/uploads\/2023\/05\/chambre-1-800x600-5.jpg 800w, https:\/\/hotel.olfp.fr\/wp-content\/uploads\/2023\/05\/chambre-1-800x600-5-300x225.jpg 300w, https:\/\/hotel.olfp.fr\/wp-content\/uploads\/2023\/05\/chambre-1-800x600-5-768x576.jpg 768w\" sizes=\"auto, (max-width: 800px) 100vw, 800px\" \/><\/figure>\n\n\n\n<br>\n\n\n\n<p>Nos 26 chambres sont con\u00e7ues pour r\u00e9pondre \u00e0 vos besoins tout en vous offrant une atmosph\u00e8re chaleureuse et accueillante. Elles sont parfaitement adapt\u00e9es aux voyageurs individuels ou aux couples en qu\u00eate d&rsquo;un espace intime.<\/p>\n\n\n\n<p>D\u00e8s que vous franchissez la porte, vous serez envelopp\u00e9(e) par une ambiance relaxante et apaisante. D\u2019une surface de 13,5 m\u00b2 La d\u00e9coration \u00e9l\u00e9gante et contemporaine cr\u00e9e une atmosph\u00e8re sereine propice \u00e0 la d\u00e9tente. Le mobilier soigneusement choisi offre \u00e0 chaque chambre un \u00e9quilibre entre fonctionnalit\u00e9 et style.<\/p>\n\n\n\n<p>Les chambres simples sont \u00e9quip\u00e9es d&rsquo;un confortable lit double qui vous invite \u00e0 vous reposer et \u00e0 vous ressourcer apr\u00e8s une journ\u00e9e bien remplie. Profitez de notre literie de qualit\u00e9 sup\u00e9rieure pour vous assurer une nuit de sommeil paisible et r\u00e9paratrice.<\/p>\n\n\n\n<p>Pour votre divertissement, vous disposez d&rsquo;une t\u00e9l\u00e9vision \u00e0 \u00e9cran plat offrant une large s\u00e9lection de cha\u00eenes c\u00e2bl\u00e9es. Restez connect\u00e9(e) avec notre connexion Wi-Fi haut d\u00e9bit gratuite, qui vous permet de travailler ou de naviguer sur Internet en toute facilit\u00e9.<\/p>\n\n\n\n<p>Les salles de bains privatives attenantes sont \u00e9quip\u00e9es d&rsquo;une douche rafra\u00eechissante, d&rsquo;articles de toilette gratuits et de serviettes moelleuses. Vous trouverez \u00e9galement un s\u00e8che-cheveux pour votre commodit\u00e9.<\/p>\n\n\n\n<p>En choisissant nos chambres simples, vous b\u00e9n\u00e9ficiez \u00e9galement d&rsquo;un service d&rsquo;\u00e9tage efficace et discret pour r\u00e9pondre \u00e0 vos besoins et vos envies pendant votre s\u00e9jour.<\/p>\n\n\n\n<p>R\u00e9servez d\u00e8s maintenant l&rsquo;une de nos chambres simples et offrez-vous un s\u00e9jour agr\u00e9able et reposant.<\/p>\n","protected":false},"excerpt":{"rendered":"<p>Nos chambres simples Nos 26 chambres sont con\u00e7ues pour r\u00e9pondre \u00e0 vos besoins tout en vous offrant une atmosph\u00e8re chaleureuse et accueillante. Elles sont parfaitement adapt\u00e9es aux voyageurs individuels ou aux couples en qu\u00eate d&rsquo;un espace intime. D\u00e8s que vous franchissez la porte, vous serez envelopp\u00e9(e) par une ambiance relaxante et apaisante. D\u2019une surface de &hellip;<\/p>\n<p class=\"read-more\"> <a class=\"\" href=\"https:\/\/hotel.olfp.fr\/?page_id=427\"> <span class=\"screen-reader-text\">Chambres simples<\/span> Lire la suite\u00a0\u00bb<\/a><\/p>\n","protected":false},"author":2,"featured_media":0,"parent":413,"menu_order":0,"comment_status":"closed","ping_status":"closed","template":"","meta":{"site-sidebar-layout":"default","site-content-layout":"default","ast-global-header-display":"","ast-main-header-display":"","ast-hfb-above-header-display":"","ast-hfb-below-header-display":"","ast-hfb-mobile-header-display":"","site-post-title":"disabled","ast-breadcrumbs-content":"","ast-featured-img":"","footer-sml-layout":"","theme-transparent-header-meta":"","adv-header-id-meta":"","stick-header-meta":"","header-above-stick-meta":"","header-main-stick-meta":"","header-below-stick-meta":"","footnotes":""},"class_list":["post-427","page","type-page","status-publish","hentry"],"_links":{"self":[{"href":"https:\/\/hotel.olfp.fr\/index.php?rest_route=\/wp\/v2\/pages\/427","targetHints":{"allow":["GET"]}}],"collection":[{"href":"https:\/\/hotel.olfp.fr\/index.php?rest_route=\/wp\/v2\/pages"}],"about":[{"href":"https:\/\/hotel.olfp.fr\/index.php?rest_route=\/wp\/v2\/types\/page"}],"author":[{"embeddable":true,"href":"https:\/\/hotel.olfp.fr\/index.php?rest_route=\/wp\/v2\/users\/2"}],"replies":[{"embeddable":true,"href":"https:\/\/hotel.olfp.fr\/index.php?rest_route=%2Fwp%2Fv2%2Fcomments&post=427"}],"version-history":[{"count":3,"href":"https:\/\/hotel.olfp.fr\/index.php?rest_route=\/wp\/v2\/pages\/427\/revisions"}],"predecessor-version":[{"id":563,"href":"https:\/\/hotel.olfp.fr\/index.php?rest_route=\/wp\/v2\/pages\/427\/revisions\/563"}],"up":[{"embeddable":true,"href":"https:\/\/hotel.olfp.fr\/index.php?rest_route=\/wp\/v2\/pages\/413"}],"wp:attachment":[{"href":"https:\/\/hotel.olfp.fr\/index.php?rest_route=%2Fwp%2Fv2%2Fmedia&parent=427"}],"curies":[{"name":"wp","href":"https:\/\/api.w.org\/{rel}","templated":true}]}}