{"id":431,"date":"2023-06-19T14:54:41","date_gmt":"2023-06-19T12:54:41","guid":{"rendered":"https:\/\/hotel.olfp.fr\/?page_id=431"},"modified":"2023-09-21T15:45:52","modified_gmt":"2023-09-21T13:45:52","slug":"chambres-double","status":"publish","type":"page","link":"https:\/\/hotel.olfp.fr\/?page_id=431","title":{"rendered":"Chambres doubles"},"content":{"rendered":"\n<figure class=\"wp-block-image alignfull size-large\"><img loading=\"lazy\" decoding=\"async\" width=\"1024\" height=\"107\" src=\"https:\/\/hotel.olfp.fr\/wp-content\/uploads\/2023\/05\/banniere-hotel-olfp-resize3-1024x107.jpg\" alt=\"\" class=\"wp-image-176\" srcset=\"https:\/\/hotel.olfp.fr\/wp-content\/uploads\/2023\/05\/banniere-hotel-olfp-resize3-1024x107.jpg 1024w, https:\/\/hotel.olfp.fr\/wp-content\/uploads\/2023\/05\/banniere-hotel-olfp-resize3-300x31.jpg 300w, https:\/\/hotel.olfp.fr\/wp-content\/uploads\/2023\/05\/banniere-hotel-olfp-resize3-768x80.jpg 768w, https:\/\/hotel.olfp.fr\/wp-content\/uploads\/2023\/05\/banniere-hotel-olfp-resize3.jpg 1475w\" sizes=\"auto, (max-width: 1024px) 100vw, 1024px\" \/><\/figure>\n\n\n\n<figure class=\"wp-block-image alignfull size-full\"><img loading=\"lazy\" decoding=\"async\" width=\"1000\" height=\"25\" src=\"https:\/\/hotel.olfp.fr\/wp-content\/uploads\/2023\/09\/bande-noire-1000x25-1.jpg\" alt=\"\" class=\"wp-image-469\" srcset=\"https:\/\/hotel.olfp.fr\/wp-content\/uploads\/2023\/09\/bande-noire-1000x25-1.jpg 1000w, https:\/\/hotel.olfp.fr\/wp-content\/uploads\/2023\/09\/bande-noire-1000x25-1-300x8.jpg 300w, https:\/\/hotel.olfp.fr\/wp-content\/uploads\/2023\/09\/bande-noire-1000x25-1-768x19.jpg 768w\" sizes=\"auto, (max-width: 1000px) 100vw, 1000px\" \/><\/figure>\n\n\n\n<h1 class=\"wp-block-heading has-text-align-center\">Nos chambres doubles<\/h1>\n\n\n\n<figure class=\"wp-block-image alignwide size-full\"><img loading=\"lazy\" decoding=\"async\" width=\"800\" height=\"600\" src=\"https:\/\/hotel.olfp.fr\/wp-content\/uploads\/2023\/06\/chambre-double.jpg\" alt=\"\" class=\"wp-image-414\" srcset=\"https:\/\/hotel.olfp.fr\/wp-content\/uploads\/2023\/06\/chambre-double.jpg 800w, https:\/\/hotel.olfp.fr\/wp-content\/uploads\/2023\/06\/chambre-double-300x225.jpg 300w, https:\/\/hotel.olfp.fr\/wp-content\/uploads\/2023\/06\/chambre-double-768x576.jpg 768w\" sizes=\"auto, (max-width: 800px) 100vw, 800px\" \/><\/figure>\n\n\n\n<br>\n\n\n\n<p>Notre h\u00f4tel propose 10 chambres doubles de 15 m\u00e8tres\u00b2 chacune. D\u00e8s que vous franchirez la porte, vous serez envelopp\u00e9(e) d&rsquo;un sentiment de confort et de tranquillit\u00e9.<\/p>\n\n\n\n<p>Nos chambres double offre un espace g\u00e9n\u00e9reux et une ambiance chaleureuse, id\u00e9ale pour vous reposer apr\u00e8s une journ\u00e9e bien remplie. Les tons apaisants des murs et du mobilier cr\u00e9ent une atmosph\u00e8re relaxante, propice \u00e0 la d\u00e9tente.<\/p>\n\n\n\n<p>Le lit double est orn\u00e9 de draps doux et moelleux qui vous invitent \u00e0 vous blottir et \u00e0 vous endormir paisiblement. Des oreillers confortables sont \u00e9galement \u00e0 votre disposition pour garantir une bonne nuit de sommeil.<\/p>\n\n\n\n<p>Nos chambres sont \u00e9quip\u00e9es d&rsquo;un coin salon confortable avec des fauteuils rembourr\u00e9s, parfait pour vous d\u00e9tendre en lisant un livre ou en regardant votre programme t\u00e9l\u00e9vis\u00e9 pr\u00e9f\u00e9r\u00e9 sur l&rsquo;\u00e9cran plat. De plus, une connexion Wi-Fi gratuite est disponible dans toute les chambres, vous permettant de rester connect\u00e9(e) avec vos proches ou de travailler si n\u00e9cessaire.<\/p>\n\n\n\n<p>Pour votre commodit\u00e9, nos chambres disposent d&rsquo;un bureau fonctionnel, id\u00e9al pour les voyageurs d&rsquo;affaires ou pour ceux qui souhaitent organiser leur itin\u00e9raire de voyage. Un minibar bien approuv\u00e9 est \u00e9galement \u00e0 votre disposition, vous permettant de savourer une boisson rafra\u00eechissante \u00e0 tout moment.<\/p>\n\n\n\n<p>La salle de bains attenante est \u00e9quip\u00e9e d&rsquo;une douche revigorante et d&rsquo;articles de toilette gratuits, pour vous aider \u00e0 vous ressourcer et \u00e0 vous pr\u00e9parer pour une nouvelle journ\u00e9e. Des serviettes moelleuses et des peignoirs sont \u00e9galement fournis pour votre confort.<\/p>\n\n\n\n<p>Enfin, nos chambres double offrent une vue magnifique sur les bois environnants et un petit ruisseau. Vous pourrez ainsi profiter d&rsquo;une vue pittoresque tout en vous relaxant dans votre oasis priv\u00e9e.<\/p>\n","protected":false},"excerpt":{"rendered":"<p>Nos chambres doubles Notre h\u00f4tel propose 10 chambres doubles de 15 m\u00e8tres\u00b2 chacune. D\u00e8s que vous franchirez la porte, vous serez envelopp\u00e9(e) d&rsquo;un sentiment de confort et de tranquillit\u00e9. Nos chambres double offre un espace g\u00e9n\u00e9reux et une ambiance chaleureuse, id\u00e9ale pour vous reposer apr\u00e8s une journ\u00e9e bien remplie. Les tons apaisants des murs et &hellip;<\/p>\n<p class=\"read-more\"> <a class=\"\" href=\"https:\/\/hotel.olfp.fr\/?page_id=431\"> <span class=\"screen-reader-text\">Chambres doubles<\/span> Lire la suite\u00a0\u00bb<\/a><\/p>\n","protected":false},"author":2,"featured_media":0,"parent":413,"menu_order":0,"comment_status":"closed","ping_status":"closed","template":"","meta":{"site-sidebar-layout":"default","site-content-layout":"default","ast-global-header-display":"","ast-main-header-display":"","ast-hfb-above-header-display":"","ast-hfb-below-header-display":"","ast-hfb-mobile-header-display":"","site-post-title":"disabled","ast-breadcrumbs-content":"","ast-featured-img":"","footer-sml-layout":"","theme-transparent-header-meta":"","adv-header-id-meta":"","stick-header-meta":"","header-above-stick-meta":"","header-main-stick-meta":"","header-below-stick-meta":"","footnotes":""},"class_list":["post-431","page","type-page","status-publish","hentry"],"_links":{"self":[{"href":"https:\/\/hotel.olfp.fr\/index.php?rest_route=\/wp\/v2\/pages\/431","targetHints":{"allow":["GET"]}}],"collection":[{"href":"https:\/\/hotel.olfp.fr\/index.php?rest_route=\/wp\/v2\/pages"}],"about":[{"href":"https:\/\/hotel.olfp.fr\/index.php?rest_route=\/wp\/v2\/types\/page"}],"author":[{"embeddable":true,"href":"https:\/\/hotel.olfp.fr\/index.php?rest_route=\/wp\/v2\/users\/2"}],"replies":[{"embeddable":true,"href":"https:\/\/hotel.olfp.fr\/index.php?rest_route=%2Fwp%2Fv2%2Fcomments&post=431"}],"version-history":[{"count":4,"href":"https:\/\/hotel.olfp.fr\/index.php?rest_route=\/wp\/v2\/pages\/431\/revisions"}],"predecessor-version":[{"id":564,"href":"https:\/\/hotel.olfp.fr\/index.php?rest_route=\/wp\/v2\/pages\/431\/revisions\/564"}],"up":[{"embeddable":true,"href":"https:\/\/hotel.olfp.fr\/index.php?rest_route=\/wp\/v2\/pages\/413"}],"wp:attachment":[{"href":"https:\/\/hotel.olfp.fr\/index.php?rest_route=%2Fwp%2Fv2%2Fmedia&parent=431"}],"curies":[{"name":"wp","href":"https:\/\/api.w.org\/{rel}","templated":true}]}}