{"id":447,"date":"2023-06-19T16:24:43","date_gmt":"2023-06-19T14:24:43","guid":{"rendered":"https:\/\/hotel.olfp.fr\/?page_id=447"},"modified":"2023-09-21T15:19:37","modified_gmt":"2023-09-21T13:19:37","slug":"qui-sommes-nous","status":"publish","type":"page","link":"https:\/\/hotel.olfp.fr\/?page_id=447","title":{"rendered":"Qui sommes-nous"},"content":{"rendered":"\n<figure class=\"wp-block-image alignfull size-large\"><img loading=\"lazy\" decoding=\"async\" width=\"1024\" height=\"107\" src=\"https:\/\/hotel.olfp.fr\/wp-content\/uploads\/2023\/05\/banniere-hotel-olfp-resize3-1024x107.jpg\" alt=\"\" class=\"wp-image-176\" srcset=\"https:\/\/hotel.olfp.fr\/wp-content\/uploads\/2023\/05\/banniere-hotel-olfp-resize3-1024x107.jpg 1024w, https:\/\/hotel.olfp.fr\/wp-content\/uploads\/2023\/05\/banniere-hotel-olfp-resize3-300x31.jpg 300w, https:\/\/hotel.olfp.fr\/wp-content\/uploads\/2023\/05\/banniere-hotel-olfp-resize3-768x80.jpg 768w, https:\/\/hotel.olfp.fr\/wp-content\/uploads\/2023\/05\/banniere-hotel-olfp-resize3.jpg 1475w\" sizes=\"auto, (max-width: 1024px) 100vw, 1024px\" \/><\/figure>\n\n\n\n<figure class=\"wp-block-image alignfull size-full\"><img loading=\"lazy\" decoding=\"async\" width=\"1000\" height=\"25\" src=\"https:\/\/hotel.olfp.fr\/wp-content\/uploads\/2023\/09\/bande-noire-1000x25-1.jpg\" alt=\"\" class=\"wp-image-469\" srcset=\"https:\/\/hotel.olfp.fr\/wp-content\/uploads\/2023\/09\/bande-noire-1000x25-1.jpg 1000w, https:\/\/hotel.olfp.fr\/wp-content\/uploads\/2023\/09\/bande-noire-1000x25-1-300x8.jpg 300w, https:\/\/hotel.olfp.fr\/wp-content\/uploads\/2023\/09\/bande-noire-1000x25-1-768x19.jpg 768w\" sizes=\"auto, (max-width: 1000px) 100vw, 1000px\" \/><\/figure>\n\n\n\n<h1 class=\"wp-block-heading has-text-align-center\">Qui sommes-nous ?<\/h1>\n\n\n\n<figure class=\"wp-block-image alignwide size-large\"><img loading=\"lazy\" decoding=\"async\" width=\"1024\" height=\"567\" src=\"https:\/\/hotel.olfp.fr\/wp-content\/uploads\/2023\/09\/photo-groupe-avec-auto-ecole-1024x567.jpg\" alt=\"\" class=\"wp-image-467\" srcset=\"https:\/\/hotel.olfp.fr\/wp-content\/uploads\/2023\/09\/photo-groupe-avec-auto-ecole-1024x567.jpg 1024w, https:\/\/hotel.olfp.fr\/wp-content\/uploads\/2023\/09\/photo-groupe-avec-auto-ecole-300x166.jpg 300w, https:\/\/hotel.olfp.fr\/wp-content\/uploads\/2023\/09\/photo-groupe-avec-auto-ecole-768x425.jpg 768w, https:\/\/hotel.olfp.fr\/wp-content\/uploads\/2023\/09\/photo-groupe-avec-auto-ecole-1536x851.jpg 1536w, https:\/\/hotel.olfp.fr\/wp-content\/uploads\/2023\/09\/photo-groupe-avec-auto-ecole-2048x1134.jpg 2048w\" sizes=\"auto, (max-width: 1024px) 100vw, 1024px\" \/><\/figure>\n\n\n\n<br>\n\n\n\n<p>Bienvenue \u00e0 notre h\u00f4tel ! Nous sommes fiers de vous pr\u00e9senter notre \u00e9quipe d\u00e9vou\u00e9e, compos\u00e9e de sept professionnels passionn\u00e9s qui sont pr\u00eats \u00e0 rendre votre s\u00e9jour inoubliable.<\/p>\n\n\n\n<p>Hugues, notre directeur de l&rsquo;h\u00f4tel, est un expert de l&rsquo;industrie h\u00f4teli\u00e8re. Il apporte son exp\u00e9rience et son leadership pour garantir que tous les aspects de votre s\u00e9jour soient parfaitement coordonn\u00e9s.<\/p>\n\n\n\n<p>Elie, notre chef cuisinier, est un v\u00e9ritable artiste culinaire. Il excelle dans la cr\u00e9ation de plats d\u00e9licieux et innovants, et il est toujours \u00e0 la recherche des meilleurs produits locaux pour offrir une exp\u00e9rience gastronomique exceptionnelle \u00e0 nos clients.<\/p>\n\n\n\n<p>Emilie, notre responsable de la r\u00e9ception, est une personne chaleureuse et accueillante. Elle s&rsquo;assure que vous vous sentiez les bienvenus d\u00e8s votre arriv\u00e9e et est disponible pour r\u00e9pondre \u00e0 toutes vos questions et demandes tout au long de votre s\u00e9jour.<\/p>\n\n\n\n<p>Gilles, notre concierge, est votre expert local. Il conna\u00eet les meilleurs endroits \u00e0 visiter, les restaurants populaires, les \u00e9v\u00e9nements sp\u00e9ciaux et les activit\u00e9s passionnantes de la r\u00e9gion. N&rsquo;h\u00e9sitez pas \u00e0 lui demander des conseils pour tirer le meilleur parti de votre s\u00e9jour chez nous.<\/p>\n\n\n\n<p>Carine, notre responsable des services d&rsquo;\u00e9tage, veille \u00e0 ce que votre confort soit notre priorit\u00e9 absolue. Elle coordonne la livraison de repas d\u00e9licieux et s&rsquo;assure que votre chambre est impeccablement propre et bien entretenue.<\/p>\n\n\n\n<p>Alban, notre responsable des \u00e9v\u00e9nements, est votre contact privil\u00e9gi\u00e9 pour l&rsquo;organisation d&rsquo;\u00e9v\u00e9nements sp\u00e9ciaux ou de r\u00e9unions d&rsquo;affaires. Il met tout en \u0153uvre pour s&rsquo;assurer que chaque d\u00e9tail soit pris en compte et que votre \u00e9v\u00e9nement soit un succ\u00e8s m\u00e9morable.<\/p>\n\n\n\n<p>Donovan, notre responsable du spa, est sp\u00e9cialis\u00e9 dans les soins de bien-\u00eatre et de relaxation. Il propose une gamme de massages et de soins qui vous permettront de vous d\u00e9tendre et de vous ressourcer pleinement pendant votre s\u00e9jour.<\/p>\n\n\n\n<p>Ensemble, notre \u00e9quipe travaille sans rel\u00e2che pour offrir un service exceptionnel, r\u00e9pondre \u00e0 vos besoins et surpasser vos attentes. Nous sommes impatients de vous accueillir et de vous faire vivre une exp\u00e9rience inoubliable \u00e0 notre h\u00f4tel.<\/p>\n","protected":false},"excerpt":{"rendered":"<p>Qui sommes-nous ? Bienvenue \u00e0 notre h\u00f4tel ! Nous sommes fiers de vous pr\u00e9senter notre \u00e9quipe d\u00e9vou\u00e9e, compos\u00e9e de sept professionnels passionn\u00e9s qui sont pr\u00eats \u00e0 rendre votre s\u00e9jour inoubliable. Hugues, notre directeur de l&rsquo;h\u00f4tel, est un expert de l&rsquo;industrie h\u00f4teli\u00e8re. Il apporte son exp\u00e9rience et son leadership pour garantir que tous les aspects de &hellip;<\/p>\n<p class=\"read-more\"> <a class=\"\" href=\"https:\/\/hotel.olfp.fr\/?page_id=447\"> <span class=\"screen-reader-text\">Qui sommes-nous<\/span> Lire la suite\u00a0\u00bb<\/a><\/p>\n","protected":false},"author":2,"featured_media":0,"parent":0,"menu_order":0,"comment_status":"closed","ping_status":"closed","template":"","meta":{"site-sidebar-layout":"default","site-content-layout":"default","ast-global-header-display":"","ast-main-header-display":"","ast-hfb-above-header-display":"","ast-hfb-below-header-display":"","ast-hfb-mobile-header-display":"","site-post-title":"disabled","ast-breadcrumbs-content":"","ast-featured-img":"","footer-sml-layout":"","theme-transparent-header-meta":"","adv-header-id-meta":"","stick-header-meta":"","header-above-stick-meta":"","header-main-stick-meta":"","header-below-stick-meta":"","footnotes":""},"class_list":["post-447","page","type-page","status-publish","hentry"],"_links":{"self":[{"href":"https:\/\/hotel.olfp.fr\/index.php?rest_route=\/wp\/v2\/pages\/447","targetHints":{"allow":["GET"]}}],"collection":[{"href":"https:\/\/hotel.olfp.fr\/index.php?rest_route=\/wp\/v2\/pages"}],"about":[{"href":"https:\/\/hotel.olfp.fr\/index.php?rest_route=\/wp\/v2\/types\/page"}],"author":[{"embeddable":true,"href":"https:\/\/hotel.olfp.fr\/index.php?rest_route=\/wp\/v2\/users\/2"}],"replies":[{"embeddable":true,"href":"https:\/\/hotel.olfp.fr\/index.php?rest_route=%2Fwp%2Fv2%2Fcomments&post=447"}],"version-history":[{"count":6,"href":"https:\/\/hotel.olfp.fr\/index.php?rest_route=\/wp\/v2\/pages\/447\/revisions"}],"predecessor-version":[{"id":561,"href":"https:\/\/hotel.olfp.fr\/index.php?rest_route=\/wp\/v2\/pages\/447\/revisions\/561"}],"wp:attachment":[{"href":"https:\/\/hotel.olfp.fr\/index.php?rest_route=%2Fwp%2Fv2%2Fmedia&parent=447"}],"curies":[{"name":"wp","href":"https:\/\/api.w.org\/{rel}","templated":true}]}}