{"id":505,"date":"2023-09-19T10:33:21","date_gmt":"2023-09-19T08:33:21","guid":{"rendered":"https:\/\/hotel.olfp.fr\/?page_id=505"},"modified":"2023-09-21T15:51:44","modified_gmt":"2023-09-21T13:51:44","slug":"notre-restaurant","status":"publish","type":"page","link":"https:\/\/hotel.olfp.fr\/?page_id=505","title":{"rendered":"Notre restaurant"},"content":{"rendered":"\n<figure class=\"wp-block-image alignfull size-large\"><img loading=\"lazy\" decoding=\"async\" width=\"1024\" height=\"107\" src=\"https:\/\/hotel.olfp.fr\/wp-content\/uploads\/2023\/05\/banniere-hotel-olfp-resize3-1024x107.jpg\" alt=\"\" class=\"wp-image-176\" srcset=\"https:\/\/hotel.olfp.fr\/wp-content\/uploads\/2023\/05\/banniere-hotel-olfp-resize3-1024x107.jpg 1024w, https:\/\/hotel.olfp.fr\/wp-content\/uploads\/2023\/05\/banniere-hotel-olfp-resize3-300x31.jpg 300w, https:\/\/hotel.olfp.fr\/wp-content\/uploads\/2023\/05\/banniere-hotel-olfp-resize3-768x80.jpg 768w, https:\/\/hotel.olfp.fr\/wp-content\/uploads\/2023\/05\/banniere-hotel-olfp-resize3.jpg 1475w\" sizes=\"auto, (max-width: 1024px) 100vw, 1024px\" \/><\/figure>\n\n\n\n<figure class=\"wp-block-image alignfull size-full\"><img loading=\"lazy\" decoding=\"async\" width=\"1000\" height=\"25\" src=\"https:\/\/hotel.olfp.fr\/wp-content\/uploads\/2023\/09\/bande-noire-1000x25-1.jpg\" alt=\"\" class=\"wp-image-469\" srcset=\"https:\/\/hotel.olfp.fr\/wp-content\/uploads\/2023\/09\/bande-noire-1000x25-1.jpg 1000w, https:\/\/hotel.olfp.fr\/wp-content\/uploads\/2023\/09\/bande-noire-1000x25-1-300x8.jpg 300w, https:\/\/hotel.olfp.fr\/wp-content\/uploads\/2023\/09\/bande-noire-1000x25-1-768x19.jpg 768w\" sizes=\"auto, (max-width: 1000px) 100vw, 1000px\" \/><\/figure>\n\n\n\n<h1 class=\"wp-block-heading has-text-align-center\">Notre restaurant<\/h1>\n\n\n\n<figure class=\"wp-block-image aligncenter size-full is-resized\"><img loading=\"lazy\" decoding=\"async\" src=\"https:\/\/hotel.olfp.fr\/wp-content\/uploads\/2023\/05\/salle-restaurant.jpg\" alt=\"\" class=\"wp-image-125\" style=\"object-fit:cover;width:1000px;height:600px\" width=\"1000\" height=\"600\"\/><\/figure>\n\n\n\n<br>\n\n\n\n<p>Notre restaurant est l&rsquo;endroit id\u00e9al pour vous d\u00e9tendre et vous r\u00e9galer tout en savourant des plats d\u00e9licieux, pr\u00e9par\u00e9s avec soin par nos chefs talentueux.<\/p>\n\n\n\n<p>Notre menu est con\u00e7u pour satisfaire tous les palais, en offrant un m\u00e9lange \u00e9quilibr\u00e9 de plats traditionnels et de cr\u00e9ations culinaires contemporaines. Notre \u00e9quipe de chefs exp\u00e9riment\u00e9s utilise des ingr\u00e9dients frais et de saison, en mettant l&rsquo;accent sur les produits locaux de qualit\u00e9, pour vous offrir une exp\u00e9rience gastronomique inoubliable \u00e0 chaque bouch\u00e9e.<\/p>\n\n\n\n<p>Que vous soyez un adepte de fruits de mer frais, un amateur de viande tendre ou un v\u00e9g\u00e9tarien \u00e0 la recherche de saveurs v\u00e9g\u00e9tales audacieuses, notre restaurant saura combler toutes vos attentes. Chaque plat est pr\u00e9par\u00e9 avec une attention m\u00e9ticuleuse aux d\u00e9tails, en veillant \u00e0 ce que les saveurs se marient harmonieusement et \u00e0 ce que les pr\u00e9sentations soient aussi belles que d\u00e9licieuses.<\/p>\n\n\n\n<p>Pour accompagner votre repas, notre carte des vins propose une s\u00e9lection soigneusement choisie de vins raffin\u00e9s, provenant de vignobles r\u00e9put\u00e9s. Nos sommeliers exp\u00e9riment\u00e9s se feront un plaisir de vous guider dans votre choix et de vous recommander les meilleurs accords pour sublimer les saveurs de chaque plat.<\/p>\n\n\n\n<p>En plus de la qualit\u00e9 exceptionnelle de notre cuisine, notre restaurant offre une atmosph\u00e8re conviviale et \u00e9l\u00e9gante. Que vous souhaitiez profiter d&rsquo;un d\u00eener romantique, organiser un d\u00e9jeuner d&rsquo;affaires ou simplement vous d\u00e9tendre entre amis, notre espace bien am\u00e9nag\u00e9 et notre service attentif vous garantissent une exp\u00e9rience agr\u00e9able et m\u00e9morable.<\/p>\n\n\n\n<p>Le matin, ne manquez pas notre buffet complet de petit-d\u00e9jeuner inclus dans votre s\u00e9jour. Commencez votre journ\u00e9e du bon pied en savourant une vari\u00e9t\u00e9 de mets sucr\u00e9s et sal\u00e9s, des viennoiseries fra\u00eeches, des jus de fruits et des boissons chaudes, le tout dans une ambiance d\u00e9tendue et confortable.<\/p>\n\n\n\n<p>R\u00e9servez d\u00e8s maintenant votre table au restaurant de notre h\u00f4tel 3 \u00e9toiles et pr\u00e9parez-vous \u00e0 \u00eatre s\u00e9duit par une exp\u00e9rience culinaire exceptionnelle.<\/p>\n","protected":false},"excerpt":{"rendered":"<p>Notre restaurant Notre restaurant est l&rsquo;endroit id\u00e9al pour vous d\u00e9tendre et vous r\u00e9galer tout en savourant des plats d\u00e9licieux, pr\u00e9par\u00e9s avec soin par nos chefs talentueux. Notre menu est con\u00e7u pour satisfaire tous les palais, en offrant un m\u00e9lange \u00e9quilibr\u00e9 de plats traditionnels et de cr\u00e9ations culinaires contemporaines. Notre \u00e9quipe de chefs exp\u00e9riment\u00e9s utilise des &hellip;<\/p>\n<p class=\"read-more\"> <a class=\"\" href=\"https:\/\/hotel.olfp.fr\/?page_id=505\"> <span class=\"screen-reader-text\">Notre restaurant<\/span> Lire la suite\u00a0\u00bb<\/a><\/p>\n","protected":false},"author":2,"featured_media":0,"parent":0,"menu_order":5,"comment_status":"closed","ping_status":"closed","template":"","meta":{"site-sidebar-layout":"default","site-content-layout":"default","ast-global-header-display":"","ast-main-header-display":"","ast-hfb-above-header-display":"","ast-hfb-below-header-display":"","ast-hfb-mobile-header-display":"","site-post-title":"disabled","ast-breadcrumbs-content":"","ast-featured-img":"","footer-sml-layout":"","theme-transparent-header-meta":"","adv-header-id-meta":"","stick-header-meta":"","header-above-stick-meta":"","header-main-stick-meta":"","header-below-stick-meta":"","footnotes":""},"class_list":["post-505","page","type-page","status-publish","hentry"],"_links":{"self":[{"href":"https:\/\/hotel.olfp.fr\/index.php?rest_route=\/wp\/v2\/pages\/505","targetHints":{"allow":["GET"]}}],"collection":[{"href":"https:\/\/hotel.olfp.fr\/index.php?rest_route=\/wp\/v2\/pages"}],"about":[{"href":"https:\/\/hotel.olfp.fr\/index.php?rest_route=\/wp\/v2\/types\/page"}],"author":[{"embeddable":true,"href":"https:\/\/hotel.olfp.fr\/index.php?rest_route=\/wp\/v2\/users\/2"}],"replies":[{"embeddable":true,"href":"https:\/\/hotel.olfp.fr\/index.php?rest_route=%2Fwp%2Fv2%2Fcomments&post=505"}],"version-history":[{"count":5,"href":"https:\/\/hotel.olfp.fr\/index.php?rest_route=\/wp\/v2\/pages\/505\/revisions"}],"predecessor-version":[{"id":572,"href":"https:\/\/hotel.olfp.fr\/index.php?rest_route=\/wp\/v2\/pages\/505\/revisions\/572"}],"wp:attachment":[{"href":"https:\/\/hotel.olfp.fr\/index.php?rest_route=%2Fwp%2Fv2%2Fmedia&parent=505"}],"curies":[{"name":"wp","href":"https:\/\/api.w.org\/{rel}","templated":true}]}}