{"id":522,"date":"2023-09-21T14:02:18","date_gmt":"2023-09-21T12:02:18","guid":{"rendered":"https:\/\/hotel.olfp.fr\/?page_id=522"},"modified":"2023-09-21T14:24:02","modified_gmt":"2023-09-21T12:24:02","slug":"mention-legale","status":"publish","type":"page","link":"https:\/\/hotel.olfp.fr\/?page_id=522","title":{"rendered":"Mentions l\u00e9gales"},"content":{"rendered":"\n<figure class=\"wp-block-image alignfull size-large\"><img loading=\"lazy\" decoding=\"async\" width=\"1024\" height=\"107\" src=\"https:\/\/hotel.olfp.fr\/wp-content\/uploads\/2023\/05\/banniere-hotel-olfp-resize3-1024x107.jpg\" alt=\"\" class=\"wp-image-176\" srcset=\"https:\/\/hotel.olfp.fr\/wp-content\/uploads\/2023\/05\/banniere-hotel-olfp-resize3-1024x107.jpg 1024w, https:\/\/hotel.olfp.fr\/wp-content\/uploads\/2023\/05\/banniere-hotel-olfp-resize3-300x31.jpg 300w, https:\/\/hotel.olfp.fr\/wp-content\/uploads\/2023\/05\/banniere-hotel-olfp-resize3-768x80.jpg 768w, https:\/\/hotel.olfp.fr\/wp-content\/uploads\/2023\/05\/banniere-hotel-olfp-resize3.jpg 1475w\" sizes=\"auto, (max-width: 1024px) 100vw, 1024px\" \/><\/figure>\n\n\n\n<figure class=\"wp-block-image alignfull size-full\"><img loading=\"lazy\" decoding=\"async\" width=\"1000\" height=\"25\" src=\"https:\/\/hotel.olfp.fr\/wp-content\/uploads\/2023\/09\/bande-noire-1000x25-1.jpg\" alt=\"\" class=\"wp-image-469\" srcset=\"https:\/\/hotel.olfp.fr\/wp-content\/uploads\/2023\/09\/bande-noire-1000x25-1.jpg 1000w, https:\/\/hotel.olfp.fr\/wp-content\/uploads\/2023\/09\/bande-noire-1000x25-1-300x8.jpg 300w, https:\/\/hotel.olfp.fr\/wp-content\/uploads\/2023\/09\/bande-noire-1000x25-1-768x19.jpg 768w\" sizes=\"auto, (max-width: 1000px) 100vw, 1000px\" \/><\/figure>\n\n\n\n<h1 class=\"wp-block-heading has-text-align-center\">Mentions l\u00e9gales<\/h1>\n\n\n\n<p>Vous \u00eates actuellement connect\u00e9 au site de r\u00e9servation h\u00f4teli\u00e8re du groupe ACCOR. L&rsquo;utilisateur en ayant acc\u00e8s \u00e0 ce site s&rsquo;engage \u00e0 se conformer aux pr\u00e9sentes conditions d&rsquo;utilisation.<\/p>\n\n\n\n<p><strong>INFORMATIONS \u00c9DITEUR :<\/strong><\/p>\n\n\n\n<p>Ce site est \u00e9dit\u00e9 par :<br>ACCOR SA, Soci\u00e9t\u00e9 Anonyme au capital de 870 366 459 euros, immatricul\u00e9e au Registre du Commerce et des Soci\u00e9t\u00e9s sous le N\u00b0 RCS NANTERRE B 602 036 444, et dont le n\u00b0 de TVA intracommunautaire est FR 93 602 036 444, et inscrite au registre des agents de voyage et autres op\u00e9rateurs de s\u00e9jour sous le n\u00b0IM091100035. Garant : WHITE ROCK INSURANCE PCC Limited &#8211; Suite 913 Europort &#8211; GX11 1AA GIBRALTAR. Assureur : ALLIANZ GLOBAL CORPORATE &amp; SPECIALITY &#8211; Tour Opus &#8211; 77 Esplanade du G\u00e9n\u00e9ral de Gaulle &#8211; 92081 Paris La D\u00e9fense.<\/p>\n\n\n\n<p><strong><em>Accor SA<\/em><\/strong><em><br>Si\u00e8ge social<br>82, rue Henri Farman<br>CS 20077<br>92445 ISSY-LES-MOULINEAUX<br>FRANCE<br>T\u00e9l : +33 (0)1 45 38 86 00<\/em><\/p>\n\n\n\n<p><strong>Directeur de la publication :<\/strong>&nbsp;S\u00e9bastien Bazin<\/p>\n\n\n\n<p><strong>INFORMATIONS H\u00c9BERGEUR :<\/strong><\/p>\n\n\n\n<p>Ce site est h\u00e9berg\u00e9 par :<\/p>\n\n\n\n<p><strong><em>Accor SA<\/em><\/strong><em><br>Direction G\u00e9n\u00e9rale des Syst\u00e8mes d\u2019Information et Telecom<br>2 rue de la Mare Neuve<br>91000 Evry<br>FRANCE<br>T\u00e9l : +33 (0)1 61 61 80 80<\/em><\/p>\n\n\n\n<p><strong>INFORMATIQUE ET LIBERT\u00c9S :<\/strong><\/p>\n\n\n\n<p>Pour en savoir plus sur la politique du groupe Accor SA en mati\u00e8re de protection des donn\u00e9es personnelles de ses clients, veuillez consulter la&nbsp;Charte de Protection des Donn\u00e9es Personnelles des Clients<\/p>\n\n\n\n<p><strong>DROITS D&rsquo;AUTEUR \/ COPYRIGHT :<\/strong><\/p>\n\n\n\n<p>La pr\u00e9sentation et chacun des \u00e9l\u00e9ments, y compris le nom de domaine, les marques, logos, enseignes, dessins, illustrations, photographies, textes, graphiques et autres fichiers apparaissant sur le pr\u00e9sent site, sont prot\u00e9g\u00e9s par les lois en vigueur sur la propri\u00e9t\u00e9 intellectuelle, et appartiennent \u00e0 Accor SA ou font l&rsquo;objet d&rsquo;une autorisation d&rsquo;utilisation.<br>Aucun \u00e9l\u00e9ment composant le site all.accor.com ne peut \u00eatre copi\u00e9, reproduit, modifi\u00e9, r\u00e9\u00e9dit\u00e9, charg\u00e9, d\u00e9natur\u00e9, transmis ou distribu\u00e9 de quelque mani\u00e8re que ce soit, sous quelque support que ce soit, de fa\u00e7on partielle ou int\u00e9grale, sans l&rsquo;autorisation \u00e9crite et pr\u00e9alable de Accor SA \u00e0 l&rsquo;exception d&rsquo;une stricte utilisation pour usage personnel, priv\u00e9 et non-commercial, sans modification des \u00e9l\u00e9ments pr\u00e9sents sur le site.<br>La mention suivante doit notamment appara\u00eetre sur toute copie autoris\u00e9e de tout ou partie du contenu du site: \u00ab\u00a0<em>\u00a9Copyright Accor SA. Les photographies figurant sur le site&nbsp;all.accor.com&nbsp;ne sont pas contractuelles.<\/em>\u00ab\u00a0<br>Toute autre utilisation non express\u00e9ment autoris\u00e9e du site all.accor.comou de ses \u00e9l\u00e9ments constituerait une atteinte aux droits de Accor SA passible notamment de contrefa\u00e7on sanctionn\u00e9e par les articles L 355-2 et suivants du Code de la Propri\u00e9t\u00e9 Intellectuelle.<\/p>\n\n\n\n<p><strong>DROITS DE ACCOR SA EN SA QUALIT\u00c9 DE PRODUCTEUR DE BASES DE DONN\u00c9ES<\/strong><\/p>\n\n\n\n<p>Tout client, prospect ou partenaire dispose d\u2019un droit personnel, non exclusif, incessible et intransmissible de consultation des informations contenues sur le site all.accor.com pour ses propres besoins \u00e0 des fins de r\u00e9servation h\u00f4teli\u00e8re.<br>Il est autoris\u00e9 \u00e0 extraire et\/ou r\u00e9utiliser une partie du contenu de ce site \u00e0 des fins personnelles de consultation, sous r\u00e9serve que cette extraction et\/ou r\u00e9utilisation ne porte pas sur une partie, appr\u00e9ci\u00e9e qualitativement ou quantitativement, substantielle du contenu de ce site. En outre, est \u00e9galement interdite l\u2019extraction et\/ou la r\u00e9utilisation r\u00e9p\u00e9t\u00e9e du contenu, m\u00eame non substantiel, de ce site.<br>Toute reproduction totale ou partielle du site \u00e0 des fins autres est express\u00e9ment prohib\u00e9e par les articles L. 342-1 et L. 342-2 du Code de la propri\u00e9t\u00e9 intellectuelle. Est \u00e9galement interdite la communication au public de tout ou partie du contenu du site, sous quelque forme et \u00e0 destination de quelque public que ce soit.<br>En particulier, l\u2019utilisation \u00e0 des fins commerciales du contenu de ce site est express\u00e9ment interdite.<\/p>\n\n\n\n<p><strong>CR\u00c9DIT PHOTOGRAPHIES<\/strong><\/p>\n\n\n\n<p>Pour en savoir plus sur les photographies utilis\u00e9es sur le site all.accor.com, veuillez consulter la rubrique&nbsp;Cr\u00e9dit photos.<\/p>\n\n\n\n<p><strong>RESPONSABILIT\u00c9<\/strong><\/p>\n\n\n\n<p>L&rsquo;ensemble des informations accessibles via ce site sont fournies en l&rsquo;\u00e9tat. Accor SA ne donne aucune garantie, explicite ou implicite, et n&rsquo;assume aucune responsabilit\u00e9 relative \u00e0 l&rsquo;utilisation de ces informations.<br>L&rsquo;utilisateur est seul responsable de l&rsquo;utilisation de telles informations.<br>Accor SA se r\u00e9serve le droit de modifier \u00e0 tout moment les pr\u00e9sentes notamment en actualisant le site all.accor.com.<br>L&rsquo;utilisateur s&rsquo;engage \u00e0 ne transmettre sur ce site aucune information pouvant entra\u00eener une responsabilit\u00e9 civile ou p\u00e9nale et s&rsquo;engage \u00e0 ce titre \u00e0 ne pas divulguer via ce site des informations ill\u00e9gales, contraires \u00e0 l&rsquo;ordre public ou diffamatoires.<br>Accor SA met tout en \u0153uvre pour offrir aux utilisateurs des informations et\/ou des outils disponibles et v\u00e9rifi\u00e9s, mais ne saurait \u00eatre tenue pour responsable des erreurs, d\u2019une absence de disponibilit\u00e9 des informations et\/ou de la pr\u00e9sence de virus sur son site all.accor.com.<br>Les sites ext\u00e9rieurs au Groupe Accor ayant un lien hypertexte avec le pr\u00e9sent site ne sont pas sous contr\u00f4le de Accor SA qui d\u00e9cline par cons\u00e9quent toute responsabilit\u00e9 quant \u00e0 leur contenu. L&rsquo;utilisateur est seul responsable de leur utilisation.<\/p>\n\n\n\n<p><strong>COOKIES ET AUTRES TRACEURS<\/strong><\/p>\n\n\n\n<p>Accor SA utilise des cookies et d\u2019autres traceurs sur ses sites de r\u00e9servation en ligne. Pour en savoir plus sur l\u2019utilisation de ces traceurs par Accor et pour les param\u00e9trer, veuillez consulter notre&nbsp;politique relative aux traceurs.<\/p>\n\n\n\n<p><strong>LIEN HYPERTEXTE<\/strong><\/p>\n\n\n\n<p>Pour toute remarque sur le fonctionnement du site all.accor.com, vous pouvez envoyer un message en s\u00e9lectionnant, dans la rubrique&nbsp;Contact, le type de demande \u00ab\u00a0Commentaires sur le site all.accor.com\u00a0\u00bb.<\/p>\n\n\n\n<p><strong>MESSAGERIE<\/strong><\/p>\n\n\n\n<p>Pour toute remarque sur le fonctionnement du site, vous pouvez envoyer un message en s\u00e9lectionnant dans la rubrique&nbsp;Contact&nbsp;le type de demande \u00ab\u00a0Commentaires sur le site all.accor.com\u00a0\u00bb.<\/p>\n\n\n\n<p><strong>IMPORTANT<\/strong><\/p>\n\n\n\n<p>Les messages que vous nous ferez parvenir par l&rsquo;interm\u00e9diaire d&rsquo;Internet peuvent \u00eatre intercept\u00e9s sur le r\u00e9seau. Jusqu&rsquo;\u00e0 ce qu&rsquo;ils nous parviennent, leur confidentialit\u00e9 ne peut \u00eatre garantie.<\/p>\n","protected":false},"excerpt":{"rendered":"<p>Mentions l\u00e9gales Vous \u00eates actuellement connect\u00e9 au site de r\u00e9servation h\u00f4teli\u00e8re du groupe ACCOR. L&rsquo;utilisateur en ayant acc\u00e8s \u00e0 ce site s&rsquo;engage \u00e0 se conformer aux pr\u00e9sentes conditions d&rsquo;utilisation. INFORMATIONS \u00c9DITEUR : Ce site est \u00e9dit\u00e9 par :ACCOR SA, Soci\u00e9t\u00e9 Anonyme au capital de 870 366 459 euros, immatricul\u00e9e au Registre du Commerce et des &hellip;<\/p>\n<p class=\"read-more\"> <a class=\"\" href=\"https:\/\/hotel.olfp.fr\/?page_id=522\"> <span class=\"screen-reader-text\">Mentions l\u00e9gales<\/span> Lire la suite\u00a0\u00bb<\/a><\/p>\n","protected":false},"author":2,"featured_media":0,"parent":0,"menu_order":0,"comment_status":"closed","ping_status":"closed","template":"","meta":{"site-sidebar-layout":"default","site-content-layout":"default","ast-global-header-display":"","ast-main-header-display":"","ast-hfb-above-header-display":"","ast-hfb-below-header-display":"","ast-hfb-mobile-header-display":"","site-post-title":"disabled","ast-breadcrumbs-content":"","ast-featured-img":"","footer-sml-layout":"","theme-transparent-header-meta":"","adv-header-id-meta":"","stick-header-meta":"","header-above-stick-meta":"","header-main-stick-meta":"","header-below-stick-meta":"","footnotes":""},"class_list":["post-522","page","type-page","status-publish","hentry"],"_links":{"self":[{"href":"https:\/\/hotel.olfp.fr\/index.php?rest_route=\/wp\/v2\/pages\/522","targetHints":{"allow":["GET"]}}],"collection":[{"href":"https:\/\/hotel.olfp.fr\/index.php?rest_route=\/wp\/v2\/pages"}],"about":[{"href":"https:\/\/hotel.olfp.fr\/index.php?rest_route=\/wp\/v2\/types\/page"}],"author":[{"embeddable":true,"href":"https:\/\/hotel.olfp.fr\/index.php?rest_route=\/wp\/v2\/users\/2"}],"replies":[{"embeddable":true,"href":"https:\/\/hotel.olfp.fr\/index.php?rest_route=%2Fwp%2Fv2%2Fcomments&post=522"}],"version-history":[{"count":5,"href":"https:\/\/hotel.olfp.fr\/index.php?rest_route=\/wp\/v2\/pages\/522\/revisions"}],"predecessor-version":[{"id":531,"href":"https:\/\/hotel.olfp.fr\/index.php?rest_route=\/wp\/v2\/pages\/522\/revisions\/531"}],"wp:attachment":[{"href":"https:\/\/hotel.olfp.fr\/index.php?rest_route=%2Fwp%2Fv2%2Fmedia&parent=522"}],"curies":[{"name":"wp","href":"https:\/\/api.w.org\/{rel}","templated":true}]}}