{"id":532,"date":"2023-09-21T14:27:02","date_gmt":"2023-09-21T12:27:02","guid":{"rendered":"https:\/\/hotel.olfp.fr\/?page_id=532"},"modified":"2023-09-21T15:02:24","modified_gmt":"2023-09-21T13:02:24","slug":"vos-avis","status":"publish","type":"page","link":"https:\/\/hotel.olfp.fr\/?page_id=532","title":{"rendered":"Vos avis"},"content":{"rendered":"\n<figure class=\"wp-block-image alignfull size-large\"><img loading=\"lazy\" decoding=\"async\" width=\"1024\" height=\"107\" src=\"https:\/\/hotel.olfp.fr\/wp-content\/uploads\/2023\/05\/banniere-hotel-olfp-resize3-1024x107.jpg\" alt=\"\" class=\"wp-image-176\" srcset=\"https:\/\/hotel.olfp.fr\/wp-content\/uploads\/2023\/05\/banniere-hotel-olfp-resize3-1024x107.jpg 1024w, https:\/\/hotel.olfp.fr\/wp-content\/uploads\/2023\/05\/banniere-hotel-olfp-resize3-300x31.jpg 300w, https:\/\/hotel.olfp.fr\/wp-content\/uploads\/2023\/05\/banniere-hotel-olfp-resize3-768x80.jpg 768w, https:\/\/hotel.olfp.fr\/wp-content\/uploads\/2023\/05\/banniere-hotel-olfp-resize3.jpg 1475w\" sizes=\"auto, (max-width: 1024px) 100vw, 1024px\" \/><\/figure>\n\n\n\n<figure class=\"wp-block-image alignfull size-full\"><img loading=\"lazy\" decoding=\"async\" width=\"1000\" height=\"25\" src=\"https:\/\/hotel.olfp.fr\/wp-content\/uploads\/2023\/09\/bande-noire-1000x25-1.jpg\" alt=\"\" class=\"wp-image-469\" srcset=\"https:\/\/hotel.olfp.fr\/wp-content\/uploads\/2023\/09\/bande-noire-1000x25-1.jpg 1000w, https:\/\/hotel.olfp.fr\/wp-content\/uploads\/2023\/09\/bande-noire-1000x25-1-300x8.jpg 300w, https:\/\/hotel.olfp.fr\/wp-content\/uploads\/2023\/09\/bande-noire-1000x25-1-768x19.jpg 768w\" sizes=\"auto, (max-width: 1000px) 100vw, 1000px\" \/><\/figure>\n\n\n\n<br>\n\n\n\n<h1 class=\"wp-block-heading alignwide has-text-align-center\">Vos avis<\/h1>\n\n\n\n5\/5 <a>*****<\/a> \u00ab Cet h\u00f4tel est un v\u00e9ritable joyau\u00a0\u00bb\n\n\n\n<p class=\"has-black-color has-text-color\">Cet h\u00f4tel est un v\u00e9ritable joyau. Son service impeccable, son emplacement central et ses chambres luxueuses en font un choix parfait pour un s\u00e9jour exceptionnel.<\/p>\n\n\n\n<p>La cuisine exquise et les installations de d\u00e9tente, comme la piscine et le spa, ont vraiment contribu\u00e9 \u00e0 rendre mon s\u00e9jour m\u00e9morable.\u00a0<\/p>\n\n\n\n<br>\n\n\n\n5\/5 <a>*****<\/a> \u00ab\u00a0J&rsquo;ai r\u00e9cemment s\u00e9journ\u00e9 dans cet h\u00f4tel \u00bb\n\n\n\n<p>J&rsquo;ai r\u00e9cemment s\u00e9journ\u00e9 dans cet h\u00f4tel trois \u00e9toiles et j&rsquo;ai \u00e9t\u00e9 enchant\u00e9 par mon exp\u00e9rience. La nourriture \u00e9tait d\u00e9licieuse, offrant une vari\u00e9t\u00e9 de plats savoureux. Le spa \u00e9tait tout simplement g\u00e9nial, offrant des soins relaxants de haute qualit\u00e9. De plus, le personnel \u00e9tait incroyablement gentil et attentionn\u00e9, rendant mon s\u00e9jour des plus agr\u00e9ables. Je vous recommande vivement cet h\u00f4tel pour un s\u00e9jour m\u00e9morable.<\/p>\n\n\n\n<br>\n\n\n\n4\/5 <a>****<\/a>* \u00ab\u00a0Un h\u00f4tel tr\u00e8s agr\u00e9able \u00bb\n\n\n\n<p>Un h\u00f4tel tr\u00e8s agr\u00e9able : un accueil chaleureux, des chambres spacieuses et confortables, une literie au top, une propret\u00e9 irr\u00e9prochable et un excellent petit-d\u00e9jeuner. Tout est parfait ! \u00a0\u00bb \u00ab\u00a0<\/p>\n\n\n\n<br>\n\n\n\n5\/5 <a>*****<\/a> \u00ab\u00a0Personnel tr\u00e8s agr\u00e9able \u00bb\n\n\n\n<p>Personnel tr\u00e8s agr\u00e9able, nous avons \u00e9t\u00e9 re\u00e7us avec le sourire<\/p>\n\n\n\n<p>La personne de nuit \u00e9galement \u00e9tait sympathique.<\/p>\n\n\n\n<p>Le petit d\u00e9jeuner vaut son prix.<\/p>\n\n\n\n<p>Merci \u00e0 la personne en r\u00e9ception pour son accueil souriant, les jeunes filles en chambre de ce dimanche \u00e9taient \u00e9galement souriantes et faisaient preuve d&rsquo;efficacit\u00e9.<\/p>\n\n\n\n<p>Peut-\u00eatre \u00e0 bient\u00f4t !<\/p>\n\n\n\n<p>Nous reviendrons probablement \ud83d\ude0a<\/p>\n\n\n\n<p>Belle saison d&rsquo;\u00e9t\u00e9 \u00e0 vous, et continuez \u00e0 sourire. C&rsquo;est le plus important !<\/p>\n","protected":false},"excerpt":{"rendered":"<p>Vos avis 5\/5 ***** \u00ab Cet h\u00f4tel est un v\u00e9ritable joyau\u00a0\u00bb Cet h\u00f4tel est un v\u00e9ritable joyau. Son service impeccable, son emplacement central et ses chambres luxueuses en font un choix parfait pour un s\u00e9jour exceptionnel. La cuisine exquise et les installations de d\u00e9tente, comme la piscine et le spa, ont vraiment contribu\u00e9 \u00e0 rendre &hellip;<\/p>\n<p class=\"read-more\"> <a class=\"\" href=\"https:\/\/hotel.olfp.fr\/?page_id=532\"> <span class=\"screen-reader-text\">Vos avis<\/span> Lire la suite\u00a0\u00bb<\/a><\/p>\n","protected":false},"author":2,"featured_media":0,"parent":0,"menu_order":0,"comment_status":"closed","ping_status":"closed","template":"","meta":{"site-sidebar-layout":"default","site-content-layout":"default","ast-global-header-display":"","ast-main-header-display":"","ast-hfb-above-header-display":"","ast-hfb-below-header-display":"","ast-hfb-mobile-header-display":"","site-post-title":"disabled","ast-breadcrumbs-content":"","ast-featured-img":"","footer-sml-layout":"","theme-transparent-header-meta":"","adv-header-id-meta":"","stick-header-meta":"","header-above-stick-meta":"","header-main-stick-meta":"","header-below-stick-meta":"","footnotes":""},"class_list":["post-532","page","type-page","status-publish","hentry"],"_links":{"self":[{"href":"https:\/\/hotel.olfp.fr\/index.php?rest_route=\/wp\/v2\/pages\/532","targetHints":{"allow":["GET"]}}],"collection":[{"href":"https:\/\/hotel.olfp.fr\/index.php?rest_route=\/wp\/v2\/pages"}],"about":[{"href":"https:\/\/hotel.olfp.fr\/index.php?rest_route=\/wp\/v2\/types\/page"}],"author":[{"embeddable":true,"href":"https:\/\/hotel.olfp.fr\/index.php?rest_route=\/wp\/v2\/users\/2"}],"replies":[{"embeddable":true,"href":"https:\/\/hotel.olfp.fr\/index.php?rest_route=%2Fwp%2Fv2%2Fcomments&post=532"}],"version-history":[{"count":15,"href":"https:\/\/hotel.olfp.fr\/index.php?rest_route=\/wp\/v2\/pages\/532\/revisions"}],"predecessor-version":[{"id":553,"href":"https:\/\/hotel.olfp.fr\/index.php?rest_route=\/wp\/v2\/pages\/532\/revisions\/553"}],"wp:attachment":[{"href":"https:\/\/hotel.olfp.fr\/index.php?rest_route=%2Fwp%2Fv2%2Fmedia&parent=532"}],"curies":[{"name":"wp","href":"https:\/\/api.w.org\/{rel}","templated":true}]}}